{"id":1439,"date":"2018-05-29T01:10:18","date_gmt":"2018-05-28T23:10:18","guid":{"rendered":"http:\/\/www.hospichild.be\/?page_id=1439"},"modified":"2026-03-16T09:33:07","modified_gmt":"2026-03-16T08:33:07","slug":"palliatieve-zorgen","status":"publish","type":"page","link":"https:\/\/www.hospichild.be\/nl\/thuis\/palliatieve-zorgen\/","title":{"rendered":"Palliatieve Zorgen"},"content":{"rendered":"<div class=\"chapeau-intro\">Volgens de definitie van de WHO (Wereldgezondheidsorganisatie) is palliatieve zorg een benadering die de kwaliteit van het leven verbetert van pati\u00ebnten en hun naasten die te maken hebben met een levensbedreigende aandoening, door het voorkomen en verlichten van lijden, door middel van vroegtijdige signalering en zorgvuldige beoordeling en behandeling van pijn en andere problemen van lichamelijke, psychosociale en spirituele aard.<\/div>\n<p>&nbsp;<\/p>\n<div class=\"encart-gris\">\n<ul>\n<li><a href=\"#palliatief-forfait\">Palliatieve Zorgen<\/a><\/li>\n<li><a href=\"#palliatief-forfait\">Palliatief forfait<\/a><\/li>\n<li><a href=\"#\u00c9quipes-de-liaison-p\u00e9diatriq\">Pediatrische liaison<\/a><\/li>\n<li><a href=\"https:\/\/www.hospichild.be\/nl\/in-het-ziekenhuis\/palliatieve-pediatrische-zorgen\/\">Pediatrische palliatieve zorgen<\/a><\/li>\n<li><a href=\"#adresses-et-liens-utiles\">Nuttige adressen en linken<\/a><\/li>\n<\/ul>\n<\/div>\n<p>&nbsp;<\/p>\n<h3 id=\"soins-palliatifs\">Palliatieve Zorgen<\/h3>\n<p>Definitie palliatieve zorg voor kinderen (WHO): &#8220;<em>Palliatieve zorg voor kinderen is de actieve totaalzorg van het lichaam, de ziel en geest van het kind, met inbegrip van ondersteuning van de familie. Deze zorg start wanneer de aandoening wordt gediagnosticeerd, en loopt door ongeacht of een kind al dan niet behandeld wordt voor deze aandoening. Professionele zorgverleners moeten de fysieke, psychologische en sociale ongemakken van het kind evalueren en ze verlichten. Effectieve palliatieve zorg vereist een brede multidisciplinaire benadering die zich ook richt naar de familie en die gebruik maakt van beschikbare bronnen in de maatschappij. Palliatieve zorg kan succesvol ingezet worden, ook al zijn de middelen beperkt. Palliatieve zorg kan aangeboden worden in gespecialiseerde zorginstellingen, in gezondheidsvoorzieningen in de eerstelijn, en bij de kinderen thuis.&#8221;<\/em><\/p>\n<div class=\"encart-jaune\"><a href=\"https:\/\/www.hospichild.be\/nl\/op-het-werk\/verlof-nemen-om-bij-je-kind-te-zijn\/palliatief-verlof\/\"><strong>Lezen<\/strong>: &#8216;Verlof voor palliatieve zorgen&#8217;<\/a><\/div>\n<h3><\/h3>\n<h3 id=\"palliatief-forfait\">Palliatief forfait<\/h3>\n<p>Het \u2018palliatief forfait\u2019 is een bijkomende tegemoetkoming voor geneesmiddelen, verzorgingsmateriaal en hulpmiddelen die palliatieve thuispati\u00ebnten zelf (gedeeltelijk) moeten bekostigen.<\/p>\n<p>Om recht te hebben op het \u2018palliatief forfait\u2019 moet een pati\u00ebnt het \u2018palliatief statuut\u2019 hebben. Als huisarts kunt u nagaan of dat het geval is via het formulier \u2018Medische kennisgeving\u2019. De arts die het forfait aanvraagt stuurt dit document naar de adviserend arts van uw ziekenfonds. Het forfait wordt toegekend voor een maand en is hernieuwbaar voor een nieuwe periode van een maand, na ontvangst door het ziekenfonds van een nieuwe \u2018Medische kennisgeving\u2019.<\/p>\n<p>Palliatieve pati\u00ebnten hebben recht op de integrale vergoeding van bezoeken van huisartsen, voor sommige bepaalde verstrekkingen in de sector thuisverpleging en voor sommige verstrekkingen kinesitherapie bij de palliatieve pati\u00ebnt thuis.<\/p>\n<p>Het forfait bedraagt nu \u20ac 850,15 (bedraag 2026, jaarlijks ge\u00efndexeerd).<\/p>\n<p>\u2192 Meer info op de <a href=\"http:\/\/www.inami.fgov.be\/nl\/themas\/kost-terugbetaling\/door-ziekenfonds\/palliatief\/Paginas\/palliatieve-zorg.aspx#.WplFuGZx-ek\" target=\"_blank\" rel=\"noopener\">RIZIV-website<\/a><\/p>\n<h3 id=\"\u00c9quipes-de-liaison-p\u00e9diatriq\">Pediatrische liaison<\/h3>\n<p>De pediatrische liaisonteams verzekeren de continu\u00efteit van de zorg in het ziekenhuis aan huis en de globale opvang van het zieke kind en het gezin thuis. Ze verzekeren:<\/p>\n<p>&#8211; begeleiding van zorgverstrekkingen<br \/>\n&#8211; begeleiding van de ouders en hun kinderen in de curatieve, palliatieve en post-palliatieve fase<br \/>\n&#8211; co\u00f6rdinatie en supervisie van de thuiszorg (verpleegkundige thuiszorg, gezinshulp, huisarts)<br \/>\n&#8211; overdracht tussen de verschillende zorgverstrekkers (thuiszorg, ziekenhuisteam)<\/p>\n<p>Deze teams zijn 24\/7 bereikbaar. Hun diensten zijn volstrekt gratis voor de ouders en worden georganiseerd in samenwerking met de zorgverstrekkers op het terrein. De dienstverlening richt zich tot jongeren van 0 tot 18 jaar.<\/p>\n<p>\u2192 Hun taken worden beschreven in het <a href=\"http:\/\/www.etaamb.be\/nl\/koninklijk-besluit-van-15-november-2010_n2010024459.html\" target=\"_blank\" rel=\"noopener\">KB van 15 november 2010<\/a><\/p>\n<h3 id=\"services-de-soins-palliatifs-p\">Pediatrische palliatieve thuiszorg<\/h3>\n<p>Pediatrische palliatieve zorg is zeer specifiek en vereist ervaring. De ouders kunnen zich richten tot de liaisonteams. Die vormen de ideale adviseurs, zodat het kind kan genieten van aangepaste zorg. Dit is de lijst met de pediatrische liaisonteams.<\/p>\n<h3 id=\"adresses-et-liens-utiles\">Nuttige adressen en linken<\/h3>\n<p>In Brussel zijn er twee erkende verbindingsteams die de thuishulp voor kinderen met een ernstige of chronische ziekte willen verbeteren en ondersteunen. Die teams zijn gekoppeld aan het <a href=\"https:\/\/www.hospichild.be\/nl\/universitair-kinderziekenhuis-koningin-fabiola-izz\/\">Universitair Kinderziekenhuis Koningin Fabiola<\/a> en de <a href=\"https:\/\/www.hospichild.be\/nl\/cliniques-universitaires-saint-luc\/\">Cliniques universitaires Saint-Luc<\/a> en zijn 24 uur per dag beschikbaar.<\/p>\n<h4><strong>Brussels Gewest<\/strong><\/h4>\n<ul>\n<li><a href=\"https:\/\/www.saintluc.be\/services\/medicaux\/interface-pediatrique\/index.php\" target=\"_blank\" rel=\"noopener\"><strong>Interface p\u00e9diatrique Saint-Luc<\/strong><\/a><br \/>\n\u00c9quipe de liaison p\u00e9diatrique<br \/>\n0474\/83 55 83<br \/>\n<a href=\"mailto:Interface-ped-saintluc@uclouvain.be\" target=\"_blank\" rel=\"noopener\">Interface-ped-saintluc@uclouvain.be<\/a><\/li>\n<li><a href=\"https:\/\/www.huderf.be\/nl\/diensten\/pediatrische-liaison-globulhome\" target=\"_blank\" rel=\"noopener\">Pediatrische liaison Globul&#8217;Home<\/a><br \/>\n0495\/64 51 73<br \/>\nJ.-J. Crocqlaan 15<br \/>\n1020 Brussel<\/li>\n<li><a href=\"https:\/\/www.huderf.be\/nl\/diensten\/palliatieve-zorgen-pediatrische\" target=\"_blank\" rel=\"noopener\"><strong>Mobiele team palliatieve zorg in de pediatrie<\/strong><\/a><br \/>\nJ.-J. Crocqlaan 15<br \/>\n1020 Brussel<br \/>\n0495\/64 51 73<\/li>\n<\/ul>\n<h4><strong>Walloni\u00eb (<\/strong><strong>Luik)<\/strong><\/h4>\n<ul>\n<li><strong>Centre Hospitalier R\u00e9gional de la Citadelle \u00e0 Li\u00e8ge<\/strong><br \/>\n0499\/ 34 89 59<br \/>\n<a href=\"mailto:soins.palliatifs.enfants@chrcitadelle.be\" target=\"_blank\" rel=\"noopener\">soins.palliatifs.enfants@chrcitadelle.be<\/a><\/li>\n<li><strong><a href=\"https:\/\/www.chc.be\/Services\/Soins-palliatifs-pediatriques\" target=\"_blank\" rel=\"noopener\">CHC MontL\u00e9gia<\/a><br \/>\n<\/strong>\u00c9quipe LUCIOLE- Liaisons et soins palliatifs p\u00e9diatriques<br \/>\nBoulevard Patience et Beaujonc, 2<br \/>\n4000 Luik<br \/>\n0490\/44 95 41<br \/>\n<a href=\"https:\/\/www.chc.be\/Services\/Soins-palliatifs-pediatriques\" target=\"_blank\" rel=\"noopener\">www.chcjunior.be<\/a><\/li>\n<\/ul>\n<p><a href=\"https:\/\/www.hospichild.be\/wp-content\/uploads\/2025\/05\/com-mle-liaison-et-soins-palliatifs-pediatriques-tri_2_07-05-2025.pdf\">com-mle-liaison et soins palliatifs p\u00e9diatriques-tri_2_07 05 2025<\/a><\/p>\n<h4><strong>Vlaanderen\u00a0<\/strong><\/h4>\n<h5><strong>&#8211; Vlaams-Brabant<\/strong><\/h5>\n<ul>\n<li><a href=\"https:\/\/www.uzleuven.be\/nl\/kinderkankerfonds\/thuiszorg-voor-kind-met-kanker\" target=\"_blank\" rel=\"noopener\"><strong>Kites \u2013 Team<\/strong><\/a><strong> \u2013 (kinderen in Thuis-en Supportieve Zorg Kinderziekenhuis UZ Leuven)<\/strong><br \/>\nHerestraat 49<br \/>\n3000 Leuven<br \/>\n016\/34 33 42<br \/>\n<a href=\"mailto:thuiszorgkinderen@uzleuven.be\" target=\"_blank\" rel=\"noopener\">thuiszorgkinderen@uzleuven.be<\/a><\/li>\n<li><strong><a href=\"https:\/\/casa-sabba.be\/thuiszorg\/\" target=\"_blank\" rel=\"noopener\">Casa Sabba vzw<\/a> <\/strong>(kinderverpleegkundige zorg buiten het ziekenhuis)<br \/>\nGeraardsbergsestraat 17<br \/>\n1570 Galmaarden<br \/>\n0486\/02 07 06<br \/>\ninfo@casa-sabba.be<\/li>\n<\/ul>\n<h5><strong>&#8211; Oost-Vlaanderen<\/strong><\/h5>\n<ul>\n<li><a href=\"https:\/\/kinderkankerfonds.be\/wat-wij-doen\/koester\/\" target=\"_blank\" rel=\"noopener\"><strong>Koester \u2013 liaisonequipe<\/strong><\/a><strong> &#8211; Kinderziekenhuis Prinses Elisabeth UZ Gent<\/strong><br \/>\nDe Pintelaan 185<br \/>\n9000 Gent<br \/>\n09\/332 24 33<br \/>\n<a href=\"mailto:koester@uzgent.be\" target=\"_blank\" rel=\"noopener\">koester@uzgent.be<\/a><\/li>\n<\/ul>\n","protected":false},"excerpt":{"rendered":"<p>Volgens de definitie van de WHO (Wereldgezondheidsorganisatie) is palliatieve zorg een benadering die de kwaliteit van het leven verbetert van pati\u00ebnten en hun naasten die te maken hebben met een levensbedreigende aandoening, door het voorkomen en verlichten van lijden, door middel van vroegtijdige signalering en zorgvuldige beoordeling en behandeling van pijn en andere problemen van&hellip;<\/p>\n<p><a class=\"more-link\" href=\"https:\/\/www.hospichild.be\/nl\/thuis\/palliatieve-zorgen\/\" title=\"Continue reading &lsquo;Palliatieve Zorgen&rsquo;\">Meer lezen over <span class=\"meta-nav\">\u2192<\/span><\/a><\/p>\n","protected":false},"author":1,"featured_media":3807,"parent":1424,"menu_order":6,"comment_status":"closed","ping_status":"closed","template":"","meta":{"_acf_changed":false,"footnotes":""},"class_list":["post-1439","page","type-page","status-publish","has-post-thumbnail","hentry"],"acf":[],"yoast_head":"<!-- This site is optimized with the Yoast SEO plugin v27.5 - https:\/\/yoast.com\/product\/yoast-seo-wordpress\/ -->\n<title>Palliatieve Zorgen voor kinderen - Hospichild<\/title>\n<meta name=\"description\" content=\"Palliatieve zorg voor kinderen is de actieve totaalzorg van het lichaam, de ziel en geest van het kind, en de ondersteuning van de familie\" \/>\n<meta name=\"robots\" content=\"index, follow, max-snippet:-1, max-image-preview:large, max-video-preview:-1\" \/>\n<link rel=\"canonical\" href=\"https:\/\/www.hospichild.be\/nl\/thuis\/palliatieve-zorgen\/\" \/>\n<meta property=\"og:locale\" content=\"nl_NL\" \/>\n<meta property=\"og:type\" content=\"article\" \/>\n<meta property=\"og:title\" content=\"Palliatieve Zorgen voor kinderen - Hospichild\" \/>\n<meta property=\"og:description\" content=\"Palliatieve zorg voor kinderen is de actieve totaalzorg van het lichaam, de ziel en geest van het kind, en de ondersteuning van de familie\" \/>\n<meta property=\"og:url\" content=\"https:\/\/www.hospichild.be\/nl\/thuis\/palliatieve-zorgen\/\" \/>\n<meta property=\"og:site_name\" content=\"Hospichild\" \/>\n<meta property=\"article:publisher\" content=\"https:\/\/www.facebook.com\/Hospichild\" \/>\n<meta property=\"article:modified_time\" content=\"2026-03-16T08:33:07+00:00\" \/>\n<meta property=\"og:image\" content=\"https:\/\/www.hospichild.be\/wp-content\/uploads\/2018\/08\/illu_soins_domicile.jpg\" \/>\n\t<meta property=\"og:image:width\" content=\"314\" \/>\n\t<meta property=\"og:image:height\" content=\"442\" \/>\n\t<meta property=\"og:image:type\" content=\"image\/jpeg\" \/>\n<meta name=\"twitter:card\" content=\"summary_large_image\" \/>\n<meta name=\"twitter:site\" content=\"@hospichild\" \/>\n<meta name=\"twitter:label1\" content=\"Geschatte leestijd\" \/>\n\t<meta name=\"twitter:data1\" content=\"4 minuten\" \/>\n<script type=\"application\/ld+json\" class=\"yoast-schema-graph\">{\"@context\":\"https:\\\/\\\/schema.org\",\"@graph\":[{\"@type\":\"WebPage\",\"@id\":\"https:\\\/\\\/www.hospichild.be\\\/nl\\\/thuis\\\/palliatieve-zorgen\\\/\",\"url\":\"https:\\\/\\\/www.hospichild.be\\\/nl\\\/thuis\\\/palliatieve-zorgen\\\/\",\"name\":\"Palliatieve Zorgen voor kinderen - Hospichild\",\"isPartOf\":{\"@id\":\"https:\\\/\\\/www.hospichild.be\\\/#website\"},\"primaryImageOfPage\":{\"@id\":\"https:\\\/\\\/www.hospichild.be\\\/nl\\\/thuis\\\/palliatieve-zorgen\\\/#primaryimage\"},\"image\":{\"@id\":\"https:\\\/\\\/www.hospichild.be\\\/nl\\\/thuis\\\/palliatieve-zorgen\\\/#primaryimage\"},\"thumbnailUrl\":\"https:\\\/\\\/www.hospichild.be\\\/wp-content\\\/uploads\\\/2018\\\/08\\\/illu_soins_domicile.jpg\",\"datePublished\":\"2018-05-28T23:10:18+00:00\",\"dateModified\":\"2026-03-16T08:33:07+00:00\",\"description\":\"Palliatieve zorg voor kinderen is de actieve totaalzorg van het lichaam, de ziel en geest van het kind, en de ondersteuning van de familie\",\"breadcrumb\":{\"@id\":\"https:\\\/\\\/www.hospichild.be\\\/nl\\\/thuis\\\/palliatieve-zorgen\\\/#breadcrumb\"},\"inLanguage\":\"nl-NL\",\"potentialAction\":[{\"@type\":\"ReadAction\",\"target\":[\"https:\\\/\\\/www.hospichild.be\\\/nl\\\/thuis\\\/palliatieve-zorgen\\\/\"]}]},{\"@type\":\"ImageObject\",\"inLanguage\":\"nl-NL\",\"@id\":\"https:\\\/\\\/www.hospichild.be\\\/nl\\\/thuis\\\/palliatieve-zorgen\\\/#primaryimage\",\"url\":\"https:\\\/\\\/www.hospichild.be\\\/wp-content\\\/uploads\\\/2018\\\/08\\\/illu_soins_domicile.jpg\",\"contentUrl\":\"https:\\\/\\\/www.hospichild.be\\\/wp-content\\\/uploads\\\/2018\\\/08\\\/illu_soins_domicile.jpg\",\"width\":314,\"height\":442},{\"@type\":\"BreadcrumbList\",\"@id\":\"https:\\\/\\\/www.hospichild.be\\\/nl\\\/thuis\\\/palliatieve-zorgen\\\/#breadcrumb\",\"itemListElement\":[{\"@type\":\"ListItem\",\"position\":1,\"name\":\"Accueil\",\"item\":\"https:\\\/\\\/www.hospichild.be\\\/nl\\\/\"},{\"@type\":\"ListItem\",\"position\":2,\"name\":\"Thuis\",\"item\":\"https:\\\/\\\/www.hospichild.be\\\/nl\\\/thuis\\\/\"},{\"@type\":\"ListItem\",\"position\":3,\"name\":\"Palliatieve Zorgen\"}]},{\"@type\":\"WebSite\",\"@id\":\"https:\\\/\\\/www.hospichild.be\\\/#website\",\"url\":\"https:\\\/\\\/www.hospichild.be\\\/\",\"name\":\"Hospichild\",\"description\":\"Toute l&#039;information sur l&#039;hospitalisation d&#039;un enfant de moins de 16 ans \u00e0 Bruxelles\",\"publisher\":{\"@id\":\"https:\\\/\\\/www.hospichild.be\\\/#organization\"},\"potentialAction\":[{\"@type\":\"SearchAction\",\"target\":{\"@type\":\"EntryPoint\",\"urlTemplate\":\"https:\\\/\\\/www.hospichild.be\\\/?s={search_term_string}\"},\"query-input\":{\"@type\":\"PropertyValueSpecification\",\"valueRequired\":true,\"valueName\":\"search_term_string\"}}],\"inLanguage\":\"nl-NL\"},{\"@type\":\"Organization\",\"@id\":\"https:\\\/\\\/www.hospichild.be\\\/#organization\",\"name\":\"Hospichild\",\"url\":\"https:\\\/\\\/www.hospichild.be\\\/\",\"logo\":{\"@type\":\"ImageObject\",\"inLanguage\":\"nl-NL\",\"@id\":\"https:\\\/\\\/www.hospichild.be\\\/#\\\/schema\\\/logo\\\/image\\\/\",\"url\":\"https:\\\/\\\/www.hospichild.be\\\/wp-content\\\/uploads\\\/2018\\\/12\\\/logo_simple.png\",\"contentUrl\":\"https:\\\/\\\/www.hospichild.be\\\/wp-content\\\/uploads\\\/2018\\\/12\\\/logo_simple.png\",\"width\":570,\"height\":114,\"caption\":\"Hospichild\"},\"image\":{\"@id\":\"https:\\\/\\\/www.hospichild.be\\\/#\\\/schema\\\/logo\\\/image\\\/\"},\"sameAs\":[\"https:\\\/\\\/www.facebook.com\\\/Hospichild\",\"https:\\\/\\\/x.com\\\/hospichild\"]}]}<\/script>\n<!-- \/ Yoast SEO plugin. -->","yoast_head_json":{"title":"Palliatieve Zorgen voor kinderen - Hospichild","description":"Palliatieve zorg voor kinderen is de actieve totaalzorg van het lichaam, de ziel en geest van het kind, en de ondersteuning van de familie","robots":{"index":"index","follow":"follow","max-snippet":"max-snippet:-1","max-image-preview":"max-image-preview:large","max-video-preview":"max-video-preview:-1"},"canonical":"https:\/\/www.hospichild.be\/nl\/thuis\/palliatieve-zorgen\/","og_locale":"nl_NL","og_type":"article","og_title":"Palliatieve Zorgen voor kinderen - Hospichild","og_description":"Palliatieve zorg voor kinderen is de actieve totaalzorg van het lichaam, de ziel en geest van het kind, en de ondersteuning van de familie","og_url":"https:\/\/www.hospichild.be\/nl\/thuis\/palliatieve-zorgen\/","og_site_name":"Hospichild","article_publisher":"https:\/\/www.facebook.com\/Hospichild","article_modified_time":"2026-03-16T08:33:07+00:00","og_image":[{"width":314,"height":442,"url":"https:\/\/www.hospichild.be\/wp-content\/uploads\/2018\/08\/illu_soins_domicile.jpg","type":"image\/jpeg"}],"twitter_card":"summary_large_image","twitter_site":"@hospichild","twitter_misc":{"Geschatte leestijd":"4 minuten"},"schema":{"@context":"https:\/\/schema.org","@graph":[{"@type":"WebPage","@id":"https:\/\/www.hospichild.be\/nl\/thuis\/palliatieve-zorgen\/","url":"https:\/\/www.hospichild.be\/nl\/thuis\/palliatieve-zorgen\/","name":"Palliatieve Zorgen voor kinderen - Hospichild","isPartOf":{"@id":"https:\/\/www.hospichild.be\/#website"},"primaryImageOfPage":{"@id":"https:\/\/www.hospichild.be\/nl\/thuis\/palliatieve-zorgen\/#primaryimage"},"image":{"@id":"https:\/\/www.hospichild.be\/nl\/thuis\/palliatieve-zorgen\/#primaryimage"},"thumbnailUrl":"https:\/\/www.hospichild.be\/wp-content\/uploads\/2018\/08\/illu_soins_domicile.jpg","datePublished":"2018-05-28T23:10:18+00:00","dateModified":"2026-03-16T08:33:07+00:00","description":"Palliatieve zorg voor kinderen is de actieve totaalzorg van het lichaam, de ziel en geest van het kind, en de ondersteuning van de familie","breadcrumb":{"@id":"https:\/\/www.hospichild.be\/nl\/thuis\/palliatieve-zorgen\/#breadcrumb"},"inLanguage":"nl-NL","potentialAction":[{"@type":"ReadAction","target":["https:\/\/www.hospichild.be\/nl\/thuis\/palliatieve-zorgen\/"]}]},{"@type":"ImageObject","inLanguage":"nl-NL","@id":"https:\/\/www.hospichild.be\/nl\/thuis\/palliatieve-zorgen\/#primaryimage","url":"https:\/\/www.hospichild.be\/wp-content\/uploads\/2018\/08\/illu_soins_domicile.jpg","contentUrl":"https:\/\/www.hospichild.be\/wp-content\/uploads\/2018\/08\/illu_soins_domicile.jpg","width":314,"height":442},{"@type":"BreadcrumbList","@id":"https:\/\/www.hospichild.be\/nl\/thuis\/palliatieve-zorgen\/#breadcrumb","itemListElement":[{"@type":"ListItem","position":1,"name":"Accueil","item":"https:\/\/www.hospichild.be\/nl\/"},{"@type":"ListItem","position":2,"name":"Thuis","item":"https:\/\/www.hospichild.be\/nl\/thuis\/"},{"@type":"ListItem","position":3,"name":"Palliatieve Zorgen"}]},{"@type":"WebSite","@id":"https:\/\/www.hospichild.be\/#website","url":"https:\/\/www.hospichild.be\/","name":"Hospichild","description":"Toute l&#039;information sur l&#039;hospitalisation d&#039;un enfant de moins de 16 ans \u00e0 Bruxelles","publisher":{"@id":"https:\/\/www.hospichild.be\/#organization"},"potentialAction":[{"@type":"SearchAction","target":{"@type":"EntryPoint","urlTemplate":"https:\/\/www.hospichild.be\/?s={search_term_string}"},"query-input":{"@type":"PropertyValueSpecification","valueRequired":true,"valueName":"search_term_string"}}],"inLanguage":"nl-NL"},{"@type":"Organization","@id":"https:\/\/www.hospichild.be\/#organization","name":"Hospichild","url":"https:\/\/www.hospichild.be\/","logo":{"@type":"ImageObject","inLanguage":"nl-NL","@id":"https:\/\/www.hospichild.be\/#\/schema\/logo\/image\/","url":"https:\/\/www.hospichild.be\/wp-content\/uploads\/2018\/12\/logo_simple.png","contentUrl":"https:\/\/www.hospichild.be\/wp-content\/uploads\/2018\/12\/logo_simple.png","width":570,"height":114,"caption":"Hospichild"},"image":{"@id":"https:\/\/www.hospichild.be\/#\/schema\/logo\/image\/"},"sameAs":["https:\/\/www.facebook.com\/Hospichild","https:\/\/x.com\/hospichild"]}]}},"publishpress_future_action":{"enabled":false,"date":"2026-05-24 17:55:01","action":"change-status","newStatus":"draft","terms":[],"taxonomy":"translation_priority","extraData":[]},"publishpress_future_workflow_manual_trigger":{"enabledWorkflows":[]},"_links":{"self":[{"href":"https:\/\/www.hospichild.be\/nl\/wp-json\/wp\/v2\/pages\/1439","targetHints":{"allow":["GET"]}}],"collection":[{"href":"https:\/\/www.hospichild.be\/nl\/wp-json\/wp\/v2\/pages"}],"about":[{"href":"https:\/\/www.hospichild.be\/nl\/wp-json\/wp\/v2\/types\/page"}],"author":[{"embeddable":true,"href":"https:\/\/www.hospichild.be\/nl\/wp-json\/wp\/v2\/users\/1"}],"replies":[{"embeddable":true,"href":"https:\/\/www.hospichild.be\/nl\/wp-json\/wp\/v2\/comments?post=1439"}],"version-history":[{"count":25,"href":"https:\/\/www.hospichild.be\/nl\/wp-json\/wp\/v2\/pages\/1439\/revisions"}],"predecessor-version":[{"id":22827,"href":"https:\/\/www.hospichild.be\/nl\/wp-json\/wp\/v2\/pages\/1439\/revisions\/22827"}],"up":[{"embeddable":true,"href":"https:\/\/www.hospichild.be\/nl\/wp-json\/wp\/v2\/pages\/1424"}],"wp:featuredmedia":[{"embeddable":true,"href":"https:\/\/www.hospichild.be\/nl\/wp-json\/wp\/v2\/media\/3807"}],"wp:attachment":[{"href":"https:\/\/www.hospichild.be\/nl\/wp-json\/wp\/v2\/media?parent=1439"}],"curies":[{"name":"wp","href":"https:\/\/api.w.org\/{rel}","templated":true}]}}