{"id":1454,"date":"2018-05-29T01:26:34","date_gmt":"2018-05-28T23:26:34","guid":{"rendered":"http:\/\/www.hospichild.be\/?page_id=1454"},"modified":"2023-11-13T13:39:25","modified_gmt":"2023-11-13T12:39:25","slug":"sociale-zekerheidssysteem","status":"publish","type":"page","link":"https:\/\/www.hospichild.be\/nl\/sociale-zekerheid\/sociale-zekerheidssysteem\/","title":{"rendered":"Socialezekerheidssysteem"},"content":{"rendered":"<div class=\"chapeau-intro\">\n<p>Belgi\u00eb kent een performant socialezekerheidssysteem dat steunt op het principe van solidariteit. In dit artikel zul je ontdekken\u00a0de basisprincipes van de verplichte ziekteverzekering.<\/p>\n<\/div>\n<div class=\"encart-gris\">\n<ul>\n<li><a href=\"#zeker\">Sociale zekerheid<\/a>, een effici\u00ebnt socialzerkerheidssysteem<\/li>\n<li><a href=\"#drie\">De drie socialezekerheidsstelsels<\/a><\/li>\n<li><a href=\"#zieken\">Ziekenfondsen en verzekeringen<\/a><\/li>\n<li><a href=\"#aan\">Aanvullende hospitalisatieverzekering?<\/a><\/li>\n<li><a href=\"#kosten\">Kosten<\/a><\/li>\n<li><a href=\"#id\">Identiteitskaart<\/a><\/li>\n<\/ul>\n<\/div>\n<p>&nbsp;<\/p>\n<h3><a id=\"zeker\"><\/a>Sociale zekerheid, een effici\u00ebnt socialzerkerheidssysteem<\/h3>\n<p>Belgi\u00eb heeft zich voorzien van een effici\u00ebnt socialezekerheidssysteem dat berust op het beginsel van de solidariteit tussen:<\/p>\n<p>&#8211; werkenden en werklozen<br \/>\n&#8211; personen die in goede gezondheid verkeren en personen die ziek zijn<br \/>\n&#8211; gezinnen met en zonder kinderen<br \/>\n&#8211; jonge en oude mensen<br \/>\n&#8211; personen met inkomsten en personen zonder inkomsten<\/p>\n<p>Dit systeem biedt toegang tot sociale uitkeringen, meer bepaald op het gebied van gezondheidszorg. Naargelang de toestand van uw kind en de bijzondere situatie waarin het verkeert, vindt u in dit dossier enkele belangrijke beginselen en het loont de moeite die te kennen.<\/p>\n<p>Sommige behandelingen kunnen echter lang aanslepen en ook veel kosten, ondanks de tussenkomst van uw ziekenfonds en een eventuele hospitalisatieverzekering. Heeft u het financieel moeilijk, aarzel dan niet om de maatschappelijk werkers van het ziekenhuis en van uw ziekenfonds te raadplegen.<\/p>\n<p>\u2192 Lees ons artikel <strong>\u201c<a href=\"https:\/\/www.hospichild.be\/nl\/in-het-ziekenhuis\/voorbereiding-van-de-ziekenhuisopname\/bij-financiele-problemen\/\">Voor wie het financieel moeilijk heeft<\/a>\u201d<\/strong><\/p>\n<h3><a id=\"drie\"><\/a>De drie socialezekerheidsstelsels<\/h3>\n<p>Het socialezekerheidssysteem berust voornamelijk op drie stelsels: het stelsel voor werknemers, het stelsel voor zelfstandigen en het stelsel voor ambtenaren. Sommige mensen worden door geen enkel socialezekerheidsstelsel beschermd. Om in de basisbehoeften van deze mensen te voorzien, heeft de overheid \u201cresiduaire stelsels\u201d in het leven geroepen die, na een onderzoek naar de middelen waarover de betrokkenen beschikken, minimale uitkeringen garanderen voor deze personen, met onder meer de gewaarborgde gezinsbijslag en de sociale hulp die de OCMW\u2019s toekennen.<\/p>\n<p>\u2192 U vindt meer informatie hieromtrent op de website van de <a href=\"https:\/\/socialsecurity.belgium.be\/nl\/over-de-sociale-zekerheid\/structuur-en-organisatie\" target=\"_blank\" rel=\"noopener\"><strong>FOD Sociale Zekerheid <\/strong><\/a><\/p>\n<h3><a id=\"zieken\"><\/a>Ziekenfondsen en verzekeringen<\/h3>\n<p>Om een deel van de gezondheidszorgkosten terug te krijgen, moet men in Belgi\u00eb aangesloten zijn bij een verzekeringsinstelling: een ziekenfonds of de HZIV (Hulpkas voor Ziekte- en Invaliditeitsverzekering, een alternatief voor de ziekenfondsen). De terugbetalingen door de ziekenfondsen hebben betrekking op medische raadplegingen, de aankoop van geneesmiddelen, tandverzorging, bevallingen, een ziekenhuisopname of de zorgen die nodig zijn in het kader van medische revalidatie.<\/p>\n<p>\u2192 Lijst van de verzekeringsinstellingen: <strong>website van <a href=\"http:\/\/www.riziv.fgov.be\/nl\/professionals\/andere-professionals\/ziekenfonds\/Paginas\/contacteer-ziekenfondsen.aspx#.WoWBwkmouUk\" target=\"_blank\" rel=\"noopener\">het RIZIV\u00a0<\/a><\/strong><\/p>\n<h3><a id=\"aan\"><\/a>Aanvullende hospitalisatieverzekering?<\/h3>\n<p>Een hospitalisatieverzekering is een aanvullende verzekering op de ziekteverzekering die u kunt afsluiten bij een ziekenfonds of een priv\u00e9verzekeraar. Dankzij deze verzekering krijgt u de kosten terug die u heeft betaald, na tussenkomst van het ziekenfonds.<\/p>\n<p>Elk ziekenfonds en elke priv\u00e9verzekeraar bieden verschillende formules aan.<\/p>\n<p>U kunt uw kinderen laten verzekeren (ook wanneer ze \u201cop kot zitten\u201d of afwisselend bij de ene en de andere ouder wonen) of zelfs de kinderen van uw partner (ook wanneer u niet getrouwd bent of niet wettelijk samenwoont).<\/p>\n<h3><a id=\"kosten\"><\/a>Welke kosten zijn ten laste van een hospitalisatieverzekering?<\/h3>\n<p>Afhankelijk van de voorwaarden kunnen hospitalisatieverzekeringen de volgende kosten dekken:<\/p>\n<p>&#8211; hospitalisatiekosten: erelonen voor medische handelingen, verstrekte zorgen, de prijs van de kamer, de kosten van geneesmiddelen, van geneeskundig materieel enz.<br \/>\n&#8211; raadplegingen in het ziekenhuis, geneesmiddelen, kosten van r\u00f6ntgenfoto\u2019s, \u00e9\u00e9n maand v\u00f3\u00f3r en drie maanden na de hospitalisatie. De termijnen kunnen verschillen naargelang het verzekeringscontract dat u heeft afgesloten;<br \/>\n&#8211; een ziekenoppas bij u thuis voor uw kind;<br \/>\n&#8211; sommige kosten van specifieke behandelingen, bijvoorbeeld voor kanker of ernstige ziektes, zonder dat er noodzakelijk sprake is van hospitalisatie, kunnen worden gedekt door een aanvullende verzekering, afhankelijk van het contract.<\/p>\n<p>Kiest u een eenpersoonskamer, lees dan aandachtig uw contract om na te gaan of deze keuze \u2013 en de supplementen als gevolg daarvan \u2013 worden gedekt door uw hospitalisatieverzekering!<\/p>\n<p>Deze contracten gaan gewoonlijk gepaard met een franchise.<\/p>\n<h3><a id=\"id\"><\/a>Identiteitskaart<\/h3>\n<p>Sinds januari 2017 is de SIS-kaart niet langer geldig. Een nieuw systeem, op basis van de elektronische identiteitskaart, bevat de gegevens die vroeger op de SIS-kaart stonden.<br \/>\nGaat u naar de apotheek, het ziekenhuis of naar uw dokter, dan wordt uw identiteitskaart ingelezen om uw gegevens te registreren of om u te identificeren.<\/p>\n","protected":false},"excerpt":{"rendered":"<p>Belgi\u00eb kent een performant socialezekerheidssysteem dat steunt op het principe van solidariteit. In dit artikel zul je ontdekken\u00a0de basisprincipes van de verplichte ziekteverzekering. Sociale zekerheid, een effici\u00ebnt socialzerkerheidssysteem De drie socialezekerheidsstelsels Ziekenfondsen en verzekeringen Aanvullende hospitalisatieverzekering? Kosten Identiteitskaart &nbsp; Sociale zekerheid, een effici\u00ebnt socialzerkerheidssysteem Belgi\u00eb heeft zich voorzien van een effici\u00ebnt socialezekerheidssysteem dat berust op&hellip;<\/p>\n<p><a class=\"more-link\" href=\"https:\/\/www.hospichild.be\/nl\/sociale-zekerheid\/sociale-zekerheidssysteem\/\" title=\"Continue reading &lsquo;Socialezekerheidssysteem&rsquo;\">Meer lezen over <span class=\"meta-nav\">\u2192<\/span><\/a><\/p>\n","protected":false},"author":1,"featured_media":2337,"parent":1453,"menu_order":0,"comment_status":"closed","ping_status":"closed","template":"","meta":{"_acf_changed":false,"footnotes":""},"class_list":["post-1454","page","type-page","status-publish","has-post-thumbnail","hentry"],"acf":[],"yoast_head":"<!-- This site is optimized with the Yoast SEO plugin v27.3 - https:\/\/yoast.com\/product\/yoast-seo-wordpress\/ -->\n<title>Socialezekerheidssysteem - Hospichild<\/title>\n<meta name=\"description\" content=\"Belgi\u00eb kent een performant socialezekerheidssysteem dat steunt op het principe van solidariteit : basisprincipes van de verplichte ziekteverzekering.\" \/>\n<meta name=\"robots\" content=\"index, follow, max-snippet:-1, max-image-preview:large, max-video-preview:-1\" \/>\n<link rel=\"canonical\" href=\"https:\/\/www.hospichild.be\/nl\/sociale-zekerheid\/sociale-zekerheidssysteem\/\" \/>\n<meta property=\"og:locale\" content=\"nl_NL\" \/>\n<meta property=\"og:type\" content=\"article\" \/>\n<meta property=\"og:title\" content=\"Socialezekerheidssysteem - Hospichild\" \/>\n<meta property=\"og:description\" content=\"Belgi\u00eb kent een performant socialezekerheidssysteem dat steunt op het principe van solidariteit : basisprincipes van de verplichte ziekteverzekering.\" \/>\n<meta property=\"og:url\" content=\"https:\/\/www.hospichild.be\/nl\/sociale-zekerheid\/sociale-zekerheidssysteem\/\" \/>\n<meta property=\"og:site_name\" content=\"Hospichild\" \/>\n<meta property=\"article:publisher\" content=\"https:\/\/www.facebook.com\/Hospichild\" \/>\n<meta property=\"article:modified_time\" content=\"2023-11-13T12:39:25+00:00\" \/>\n<meta property=\"og:image\" content=\"https:\/\/www.hospichild.be\/wp-content\/uploads\/2018\/06\/04_illu_financeparents_securitesociale.jpg\" \/>\n\t<meta property=\"og:image:width\" content=\"314\" \/>\n\t<meta property=\"og:image:height\" content=\"442\" \/>\n\t<meta property=\"og:image:type\" content=\"image\/jpeg\" \/>\n<meta name=\"twitter:card\" content=\"summary_large_image\" \/>\n<meta name=\"twitter:site\" content=\"@hospichild\" \/>\n<meta name=\"twitter:label1\" content=\"Geschatte leestijd\" \/>\n\t<meta name=\"twitter:data1\" content=\"4 minuten\" \/>\n<script type=\"application\/ld+json\" class=\"yoast-schema-graph\">{\"@context\":\"https:\\\/\\\/schema.org\",\"@graph\":[{\"@type\":\"WebPage\",\"@id\":\"https:\\\/\\\/www.hospichild.be\\\/nl\\\/sociale-zekerheid\\\/sociale-zekerheidssysteem\\\/\",\"url\":\"https:\\\/\\\/www.hospichild.be\\\/nl\\\/sociale-zekerheid\\\/sociale-zekerheidssysteem\\\/\",\"name\":\"Socialezekerheidssysteem - Hospichild\",\"isPartOf\":{\"@id\":\"https:\\\/\\\/www.hospichild.be\\\/#website\"},\"primaryImageOfPage\":{\"@id\":\"https:\\\/\\\/www.hospichild.be\\\/nl\\\/sociale-zekerheid\\\/sociale-zekerheidssysteem\\\/#primaryimage\"},\"image\":{\"@id\":\"https:\\\/\\\/www.hospichild.be\\\/nl\\\/sociale-zekerheid\\\/sociale-zekerheidssysteem\\\/#primaryimage\"},\"thumbnailUrl\":\"https:\\\/\\\/www.hospichild.be\\\/wp-content\\\/uploads\\\/2018\\\/06\\\/04_illu_financeparents_securitesociale.jpg\",\"datePublished\":\"2018-05-28T23:26:34+00:00\",\"dateModified\":\"2023-11-13T12:39:25+00:00\",\"description\":\"Belgi\u00eb kent een performant socialezekerheidssysteem dat steunt op het principe van solidariteit : basisprincipes van de verplichte ziekteverzekering.\",\"breadcrumb\":{\"@id\":\"https:\\\/\\\/www.hospichild.be\\\/nl\\\/sociale-zekerheid\\\/sociale-zekerheidssysteem\\\/#breadcrumb\"},\"inLanguage\":\"nl-NL\",\"potentialAction\":[{\"@type\":\"ReadAction\",\"target\":[\"https:\\\/\\\/www.hospichild.be\\\/nl\\\/sociale-zekerheid\\\/sociale-zekerheidssysteem\\\/\"]}]},{\"@type\":\"ImageObject\",\"inLanguage\":\"nl-NL\",\"@id\":\"https:\\\/\\\/www.hospichild.be\\\/nl\\\/sociale-zekerheid\\\/sociale-zekerheidssysteem\\\/#primaryimage\",\"url\":\"https:\\\/\\\/www.hospichild.be\\\/wp-content\\\/uploads\\\/2018\\\/06\\\/04_illu_financeparents_securitesociale.jpg\",\"contentUrl\":\"https:\\\/\\\/www.hospichild.be\\\/wp-content\\\/uploads\\\/2018\\\/06\\\/04_illu_financeparents_securitesociale.jpg\",\"width\":314,\"height\":442},{\"@type\":\"BreadcrumbList\",\"@id\":\"https:\\\/\\\/www.hospichild.be\\\/nl\\\/sociale-zekerheid\\\/sociale-zekerheidssysteem\\\/#breadcrumb\",\"itemListElement\":[{\"@type\":\"ListItem\",\"position\":1,\"name\":\"Accueil\",\"item\":\"https:\\\/\\\/www.hospichild.be\\\/nl\\\/\"},{\"@type\":\"ListItem\",\"position\":2,\"name\":\"Sociale zekerheid\",\"item\":\"https:\\\/\\\/www.hospichild.be\\\/nl\\\/sociale-zekerheid\\\/\"},{\"@type\":\"ListItem\",\"position\":3,\"name\":\"Socialezekerheidssysteem\"}]},{\"@type\":\"WebSite\",\"@id\":\"https:\\\/\\\/www.hospichild.be\\\/#website\",\"url\":\"https:\\\/\\\/www.hospichild.be\\\/\",\"name\":\"Hospichild\",\"description\":\"Toute l&#039;information sur l&#039;hospitalisation d&#039;un enfant de moins de 16 ans \u00e0 Bruxelles\",\"publisher\":{\"@id\":\"https:\\\/\\\/www.hospichild.be\\\/#organization\"},\"potentialAction\":[{\"@type\":\"SearchAction\",\"target\":{\"@type\":\"EntryPoint\",\"urlTemplate\":\"https:\\\/\\\/www.hospichild.be\\\/?s={search_term_string}\"},\"query-input\":{\"@type\":\"PropertyValueSpecification\",\"valueRequired\":true,\"valueName\":\"search_term_string\"}}],\"inLanguage\":\"nl-NL\"},{\"@type\":\"Organization\",\"@id\":\"https:\\\/\\\/www.hospichild.be\\\/#organization\",\"name\":\"Hospichild\",\"url\":\"https:\\\/\\\/www.hospichild.be\\\/\",\"logo\":{\"@type\":\"ImageObject\",\"inLanguage\":\"nl-NL\",\"@id\":\"https:\\\/\\\/www.hospichild.be\\\/#\\\/schema\\\/logo\\\/image\\\/\",\"url\":\"https:\\\/\\\/www.hospichild.be\\\/wp-content\\\/uploads\\\/2018\\\/12\\\/logo_simple.png\",\"contentUrl\":\"https:\\\/\\\/www.hospichild.be\\\/wp-content\\\/uploads\\\/2018\\\/12\\\/logo_simple.png\",\"width\":570,\"height\":114,\"caption\":\"Hospichild\"},\"image\":{\"@id\":\"https:\\\/\\\/www.hospichild.be\\\/#\\\/schema\\\/logo\\\/image\\\/\"},\"sameAs\":[\"https:\\\/\\\/www.facebook.com\\\/Hospichild\",\"https:\\\/\\\/x.com\\\/hospichild\"]}]}<\/script>\n<!-- \/ Yoast SEO plugin. -->","yoast_head_json":{"title":"Socialezekerheidssysteem - Hospichild","description":"Belgi\u00eb kent een performant socialezekerheidssysteem dat steunt op het principe van solidariteit : basisprincipes van de verplichte ziekteverzekering.","robots":{"index":"index","follow":"follow","max-snippet":"max-snippet:-1","max-image-preview":"max-image-preview:large","max-video-preview":"max-video-preview:-1"},"canonical":"https:\/\/www.hospichild.be\/nl\/sociale-zekerheid\/sociale-zekerheidssysteem\/","og_locale":"nl_NL","og_type":"article","og_title":"Socialezekerheidssysteem - Hospichild","og_description":"Belgi\u00eb kent een performant socialezekerheidssysteem dat steunt op het principe van solidariteit : basisprincipes van de verplichte ziekteverzekering.","og_url":"https:\/\/www.hospichild.be\/nl\/sociale-zekerheid\/sociale-zekerheidssysteem\/","og_site_name":"Hospichild","article_publisher":"https:\/\/www.facebook.com\/Hospichild","article_modified_time":"2023-11-13T12:39:25+00:00","og_image":[{"width":314,"height":442,"url":"https:\/\/www.hospichild.be\/wp-content\/uploads\/2018\/06\/04_illu_financeparents_securitesociale.jpg","type":"image\/jpeg"}],"twitter_card":"summary_large_image","twitter_site":"@hospichild","twitter_misc":{"Geschatte leestijd":"4 minuten"},"schema":{"@context":"https:\/\/schema.org","@graph":[{"@type":"WebPage","@id":"https:\/\/www.hospichild.be\/nl\/sociale-zekerheid\/sociale-zekerheidssysteem\/","url":"https:\/\/www.hospichild.be\/nl\/sociale-zekerheid\/sociale-zekerheidssysteem\/","name":"Socialezekerheidssysteem - Hospichild","isPartOf":{"@id":"https:\/\/www.hospichild.be\/#website"},"primaryImageOfPage":{"@id":"https:\/\/www.hospichild.be\/nl\/sociale-zekerheid\/sociale-zekerheidssysteem\/#primaryimage"},"image":{"@id":"https:\/\/www.hospichild.be\/nl\/sociale-zekerheid\/sociale-zekerheidssysteem\/#primaryimage"},"thumbnailUrl":"https:\/\/www.hospichild.be\/wp-content\/uploads\/2018\/06\/04_illu_financeparents_securitesociale.jpg","datePublished":"2018-05-28T23:26:34+00:00","dateModified":"2023-11-13T12:39:25+00:00","description":"Belgi\u00eb kent een performant socialezekerheidssysteem dat steunt op het principe van solidariteit : basisprincipes van de verplichte ziekteverzekering.","breadcrumb":{"@id":"https:\/\/www.hospichild.be\/nl\/sociale-zekerheid\/sociale-zekerheidssysteem\/#breadcrumb"},"inLanguage":"nl-NL","potentialAction":[{"@type":"ReadAction","target":["https:\/\/www.hospichild.be\/nl\/sociale-zekerheid\/sociale-zekerheidssysteem\/"]}]},{"@type":"ImageObject","inLanguage":"nl-NL","@id":"https:\/\/www.hospichild.be\/nl\/sociale-zekerheid\/sociale-zekerheidssysteem\/#primaryimage","url":"https:\/\/www.hospichild.be\/wp-content\/uploads\/2018\/06\/04_illu_financeparents_securitesociale.jpg","contentUrl":"https:\/\/www.hospichild.be\/wp-content\/uploads\/2018\/06\/04_illu_financeparents_securitesociale.jpg","width":314,"height":442},{"@type":"BreadcrumbList","@id":"https:\/\/www.hospichild.be\/nl\/sociale-zekerheid\/sociale-zekerheidssysteem\/#breadcrumb","itemListElement":[{"@type":"ListItem","position":1,"name":"Accueil","item":"https:\/\/www.hospichild.be\/nl\/"},{"@type":"ListItem","position":2,"name":"Sociale zekerheid","item":"https:\/\/www.hospichild.be\/nl\/sociale-zekerheid\/"},{"@type":"ListItem","position":3,"name":"Socialezekerheidssysteem"}]},{"@type":"WebSite","@id":"https:\/\/www.hospichild.be\/#website","url":"https:\/\/www.hospichild.be\/","name":"Hospichild","description":"Toute l&#039;information sur l&#039;hospitalisation d&#039;un enfant de moins de 16 ans \u00e0 Bruxelles","publisher":{"@id":"https:\/\/www.hospichild.be\/#organization"},"potentialAction":[{"@type":"SearchAction","target":{"@type":"EntryPoint","urlTemplate":"https:\/\/www.hospichild.be\/?s={search_term_string}"},"query-input":{"@type":"PropertyValueSpecification","valueRequired":true,"valueName":"search_term_string"}}],"inLanguage":"nl-NL"},{"@type":"Organization","@id":"https:\/\/www.hospichild.be\/#organization","name":"Hospichild","url":"https:\/\/www.hospichild.be\/","logo":{"@type":"ImageObject","inLanguage":"nl-NL","@id":"https:\/\/www.hospichild.be\/#\/schema\/logo\/image\/","url":"https:\/\/www.hospichild.be\/wp-content\/uploads\/2018\/12\/logo_simple.png","contentUrl":"https:\/\/www.hospichild.be\/wp-content\/uploads\/2018\/12\/logo_simple.png","width":570,"height":114,"caption":"Hospichild"},"image":{"@id":"https:\/\/www.hospichild.be\/#\/schema\/logo\/image\/"},"sameAs":["https:\/\/www.facebook.com\/Hospichild","https:\/\/x.com\/hospichild"]}]}},"publishpress_future_action":{"enabled":false,"date":"2026-04-20 19:03:15","action":"change-status","newStatus":"draft","terms":[],"taxonomy":"translation_priority","extraData":[]},"publishpress_future_workflow_manual_trigger":{"enabledWorkflows":[]},"_links":{"self":[{"href":"https:\/\/www.hospichild.be\/nl\/wp-json\/wp\/v2\/pages\/1454","targetHints":{"allow":["GET"]}}],"collection":[{"href":"https:\/\/www.hospichild.be\/nl\/wp-json\/wp\/v2\/pages"}],"about":[{"href":"https:\/\/www.hospichild.be\/nl\/wp-json\/wp\/v2\/types\/page"}],"author":[{"embeddable":true,"href":"https:\/\/www.hospichild.be\/nl\/wp-json\/wp\/v2\/users\/1"}],"replies":[{"embeddable":true,"href":"https:\/\/www.hospichild.be\/nl\/wp-json\/wp\/v2\/comments?post=1454"}],"version-history":[{"count":17,"href":"https:\/\/www.hospichild.be\/nl\/wp-json\/wp\/v2\/pages\/1454\/revisions"}],"predecessor-version":[{"id":13997,"href":"https:\/\/www.hospichild.be\/nl\/wp-json\/wp\/v2\/pages\/1454\/revisions\/13997"}],"up":[{"embeddable":true,"href":"https:\/\/www.hospichild.be\/nl\/wp-json\/wp\/v2\/pages\/1453"}],"wp:featuredmedia":[{"embeddable":true,"href":"https:\/\/www.hospichild.be\/nl\/wp-json\/wp\/v2\/media\/2337"}],"wp:attachment":[{"href":"https:\/\/www.hospichild.be\/nl\/wp-json\/wp\/v2\/media?parent=1454"}],"curies":[{"name":"wp","href":"https:\/\/api.w.org\/{rel}","templated":true}]}}