{"id":1456,"date":"2018-05-29T18:15:45","date_gmt":"2018-05-29T16:15:45","guid":{"rendered":"http:\/\/www.hospichild.be\/?page_id=1456"},"modified":"2025-07-16T11:05:13","modified_gmt":"2025-07-16T09:05:13","slug":"u-komt-aan-in-belgie","status":"publish","type":"page","link":"https:\/\/www.hospichild.be\/nl\/sociale-zekerheid\/u-komt-aan-in-belgie\/","title":{"rendered":"U komt aan in Belgi\u00eb?"},"content":{"rendered":"<h2>Do you arrive in Belgium ? &#8211;\u00a0 \u062a\u0635\u0644\u0648\u0646 \u0627\u0644\u0649 \u0628\u0644\u062c\u064a\u0643\u0627\u061f &#8211; A su llegada en Belgica &#8211;\u00a0 Sosi\u0163i \u00een Belgia? &#8211;\u00a0Belgiumba \u00e9rkezik?<\/h2>\n<h3>U komt aan in Belgi\u00eb?<\/h3>\n<p>U komt aan in Belgi\u00eb, bevindt zich in een precaire situatie en uw kind heeft gezondheidszorgen nodig?<br \/>\nNeem contact op met <a href=\"http:\/\/www.medimmigrant.be\/?idbericht=1&amp;idmenu=1&amp;state=0&amp;lang=nl\" target=\"_blank\" rel=\"noopener\">Medimmigrant<\/a>, een Brusselse onderneming die personen die hier in een precaire situatie verblijven en medische hulp nodig hebben individueel ondersteunt.<br \/>\nGratis nummer: 0800\/ 14 960<br \/>\nMaandag, donderdag, vrijdag van 10u tot 13u<br \/>\nDinsdag van 14u tot 18u<\/p>\n<h3>Do you arrive in Belgium ?<\/h3>\n<p>Do you arrive in Belgium in a precarious situation and your child needs healthcare ?<br \/>\nContact <a href=\"http:\/\/www.medimmigrant.be\/\" target=\"_blank\" rel=\"noopener\">Medimmigrant<\/a>, an Brussels association that supports individuals in precarious situations who have medical needs.<br \/>\nToll-free number : 0800\/14 960<br \/>\nMonday, Thursday and Friday from 10 am to 1pm<br \/>\nTuesday from 2pm to 6pm<\/p>\n<h3><strong>\u062a\u0635\u0644\u0648\u0646 \u0627\u0644\u0649 \u0628\u0644\u062c\u064a\u0643\u0627\u061f<\/strong><\/h3>\n<p>\u062a\u0635\u0644\u0648\u0646 \u0627\u0644\u0649 \u0628\u0644\u062c\u064a\u0643\u0627,\u0648\u0623\u0646\u062a\u0645 \u0641\u064a \u0648\u0636\u0639\u064a\u0629 \u063a\u064a\u0631 \u0645\u0633\u062a\u0642\u0631\u0629 \u0648\u063a\u064a\u0631 \u0622\u0645\u0646\u0629,\u0623\u0628\u0646\u0643\u0645 \u064a\u0633\u062a\u062d\u0642 \u0627\u0644\u0649 \u0639\u0646\u0627\u064a\u0629 \u0635\u062d\u064a\u0629\u061f<br \/>\n\u0627\u062a\u0635\u0644\u0648\u0627 \u0628\u0645\u062f\u064a \u0623\u0645\u0642\u0631\u0646\u062a <a href=\"http:\/\/www.medimmigrant.be\/\" target=\"_blank\" rel=\"noopener\">Medimmigran<\/a>t,\u062c\u0645\u0639\u064a\u0629 \u0645\u0646 \u0628\u0631\u0648\u0643\u0633\u0644 \u062a\u0633\u0627\u0639\u062f \u0639\u0646 \u0627\u0644\u062a\u0643\u0641\u0644 \u0627\u0644\u0641\u0631\u062f\u064a \u0644\u0644\u0623\u0634\u062e\u0627\u0635 \u0627\u0644\u0630\u064a\u0646 \u0647\u0645 \u0641\u064a \u0648\u0636\u0639\u064a\u0629 \u0648 \u0627\u0642\u0627\u0645\u0629 \u063a\u064a\u0631 \u0644\u0622\u0645\u0646\u0629 \u0648 \u063a\u064a\u0631 \u0645\u0633\u062a\u0642\u0631\u0629, \u0648\u064a\u0633\u062a\u062d\u0642\u0648\u0646 \u0644\u0644\u0639\u0644\u0627\u062c \u0627\u0644\u0635\u062d\u064a.<br \/>\n\u0647\u0627\u062a\u0641 \u0645\u0628\u0627\u0634\u0631 \u0648 \u0645\u062c\u0627\u0646\u064a: 0800\/14 960<br \/>\n\u0627\u0644\u0623\u062b\u0646\u064a\u0646 \u0648 \u0627\u0644\u062e\u0645\u064a\u0633 \u0648 \u0627\u0644\u062c\u0645\u0639\u0629 \u0645\u0646 10:00 \u0635\u0628\u0627\u062d\u0627 \u0627\u0644\u0649 1.00 \u0632\u0648\u0627\u0644\u0627<br \/>\n\u0627\u0644\u062b\u0644\u0627\u062b\u0627\u0621 \u0645\u0646 2:00 \u0628\u0639\u062f \u0627\u0644\u0638\u0647\u0631 \u0627\u0644\u0649 6:00 \u0645\u0633\u0627\u0621\u0627<\/p>\n<h3>A su llegada en Belgica<\/h3>\n<p>Al llegar en Belgica en situacion precaria, si su hijo,a necesita tratamiento medico, contacte <a href=\"http:\/\/www.medimmigrant.be\/\" target=\"_blank\" rel=\"noopener\">Medimmigrant<\/a>, una asociacion belga de Bruselas que apoya , ayuda a personas en situacion precaria y con necesidades medicas.<br \/>\nLlame al telefono gratuito 0800\/14 960<br \/>\nLunes, jueves y viernes de 10h a 13h<br \/>\nMartes de 14h a 18h<\/p>\n<h3>Sosi\u0163i \u00een Belgia?<\/h3>\n<p>Sosi\u0163i \u00een Belgia, sunte\u0163i \u00eentr-o situa\u021bie de nesiguran\u0163\u0103, copilul vostru are nevoie de \u00eengrijire medical\u0103 ?<br \/>\nContacta\u0163i <a href=\"http:\/\/www.medimmigrant.be\/\" target=\"_blank\" rel=\"noopener\">Medimmigrant<\/a>, o asocia\u0163ie din Bruxelles, care sprijin\u0103 \u00eentr-un mod individual persoanele \u00een situa\u0163ie de \u015federe precar\u0103, care au nevoie medicale.<br \/>\nNum\u0103r gratuit : 0800\/14 960<br \/>\nLuni, joi \u015fi vineri de la ora 10 p\u00e2n\u0103 la ora 13<br \/>\nMar\u0163i de la ora 14 p\u00e2n\u0103 la ora 18<\/p>\n<h3>Belgiumba \u00e9rkezik?<\/h3>\n<p>Belgiumba \u00e9rkezik, neh\u00e9z helyzetben van, a gyermeke orvosi gondoz\u00e1sra szorul ?<br \/>\nVegye fel a kapcsolatot a <a href=\"http:\/\/www.medimmigrant.be\/\" target=\"_blank\" rel=\"noopener\">Medimmigrant<\/a> br\u00fcxelli szervezettel, amely szem\u00e9lyreszabottan foglalkozik olyan szem\u00e9lyekkel, akiknek a tart\u00f3zkod\u00e1si felt\u00e9telei bizonytalanok, \u00e9s akik orvosi gondoz\u00e1sra szorulnak.<br \/>\nIgyen h\u00edvhat\u00f3 sz\u00e1m : 0800\/14 960<br \/>\nH\u00e9tf\u0151n, cs\u00fct\u00f6rt\u00f6k\u00f6n \u00e9s p\u00e9nteken reggel 10-t\u0151l d\u00e9li 1-ig<br \/>\nKedden d\u00e9lut\u00e1n 2-t\u0151l d\u00e9lut\u00e1n 6-ig<\/p>\n<p>&nbsp;<\/p>\n<div class=\"encart-bleu\">\n<ul>\n<li><a href=\"https:\/\/www.hospichild.be\/nl\/sociale-zekerheid\/u-komt-aan-in-belgie\/medisch-sociale-tolkendienst\/\" target=\"_blank\" rel=\"noopener\">Medisch-sociale tolkendienst<\/a><\/li>\n<li><a href=\"https:\/\/www.hospichild.be\/nl\/sociale-zekerheid\/u-komt-aan-in-belgie\/niet-begeleide-minderjarige-vreemdelingen-nbmv\/\" target=\"_blank\" rel=\"noopener\">Niet-begeleide minderjarige vreemdelingen (NBMV)<\/a><\/li>\n<\/ul>\n<\/div>\n<p>&nbsp;<\/p>\n","protected":false},"excerpt":{"rendered":"<p>Do you arrive in Belgium ? &#8211;\u00a0 \u062a\u0635\u0644\u0648\u0646 \u0627\u0644\u0649 \u0628\u0644\u062c\u064a\u0643\u0627\u061f &#8211; A su llegada en Belgica &#8211;\u00a0 Sosi\u0163i \u00een Belgia? &#8211;\u00a0Belgiumba \u00e9rkezik? U komt aan in Belgi\u00eb? U komt aan in Belgi\u00eb, bevindt zich in een precaire situatie en uw kind heeft gezondheidszorgen nodig? Neem contact op met Medimmigrant, een Brusselse onderneming die personen die&hellip;<\/p>\n<p><a class=\"more-link\" href=\"https:\/\/www.hospichild.be\/nl\/sociale-zekerheid\/u-komt-aan-in-belgie\/\" title=\"Continue reading &lsquo;U komt aan in Belgi\u00eb?&rsquo;\">Meer lezen over <span class=\"meta-nav\">\u2192<\/span><\/a><\/p>\n","protected":false},"author":1,"featured_media":7731,"parent":1453,"menu_order":3,"comment_status":"closed","ping_status":"closed","template":"","meta":{"_acf_changed":false,"footnotes":""},"class_list":["post-1456","page","type-page","status-publish","has-post-thumbnail","hentry"],"acf":[],"yoast_head":"<!-- This site is optimized with the Yoast SEO plugin v27.3 - https:\/\/yoast.com\/product\/yoast-seo-wordpress\/ -->\n<title>U komt aan in Belgi\u00eb en uw kind heeft gezondheidszorgen nodig?<\/title>\n<meta name=\"description\" content=\"DO YOU ARRIVE IN BELGIUM ? -\u00a0 \u062a\u0635\u0644\u0648\u0646 \u0627\u0644\u0649 \u0628\u0644\u062c\u064a\u0643\u0627\u061f - A SU LLEGADA EN BELGICA -\u00a0 SOSI\u0162I \u00ceN BELGIA? -\u00a0BELGIUMBA \u00c9RKEZIK?\" \/>\n<meta name=\"robots\" content=\"index, follow, max-snippet:-1, max-image-preview:large, max-video-preview:-1\" \/>\n<link rel=\"canonical\" href=\"https:\/\/www.hospichild.be\/nl\/sociale-zekerheid\/u-komt-aan-in-belgie\/\" \/>\n<meta property=\"og:locale\" content=\"nl_NL\" \/>\n<meta property=\"og:type\" content=\"article\" \/>\n<meta property=\"og:title\" content=\"U komt aan in Belgi\u00eb en uw kind heeft gezondheidszorgen nodig?\" \/>\n<meta property=\"og:description\" content=\"DO YOU ARRIVE IN BELGIUM ? -\u00a0 \u062a\u0635\u0644\u0648\u0646 \u0627\u0644\u0649 \u0628\u0644\u062c\u064a\u0643\u0627\u061f - A SU LLEGADA EN BELGICA -\u00a0 SOSI\u0162I \u00ceN BELGIA? -\u00a0BELGIUMBA \u00c9RKEZIK?\" \/>\n<meta property=\"og:url\" content=\"https:\/\/www.hospichild.be\/nl\/sociale-zekerheid\/u-komt-aan-in-belgie\/\" \/>\n<meta property=\"og:site_name\" content=\"Hospichild\" \/>\n<meta property=\"article:publisher\" content=\"https:\/\/www.facebook.com\/Hospichild\" \/>\n<meta property=\"article:modified_time\" content=\"2025-07-16T09:05:13+00:00\" \/>\n<meta property=\"og:image\" content=\"https:\/\/www.hospichild.be\/wp-content\/uploads\/2018\/06\/09_illu_hopitaux_mutu_partenaires.jpg\" \/>\n\t<meta property=\"og:image:width\" content=\"314\" \/>\n\t<meta property=\"og:image:height\" content=\"442\" \/>\n\t<meta property=\"og:image:type\" content=\"image\/jpeg\" \/>\n<meta name=\"twitter:card\" content=\"summary_large_image\" \/>\n<meta name=\"twitter:site\" content=\"@hospichild\" \/>\n<meta name=\"twitter:label1\" content=\"Geschatte leestijd\" \/>\n\t<meta name=\"twitter:data1\" content=\"3 minuten\" \/>\n<script type=\"application\/ld+json\" class=\"yoast-schema-graph\">{\"@context\":\"https:\\\/\\\/schema.org\",\"@graph\":[{\"@type\":\"WebPage\",\"@id\":\"https:\\\/\\\/www.hospichild.be\\\/nl\\\/sociale-zekerheid\\\/u-komt-aan-in-belgie\\\/\",\"url\":\"https:\\\/\\\/www.hospichild.be\\\/nl\\\/sociale-zekerheid\\\/u-komt-aan-in-belgie\\\/\",\"name\":\"U komt aan in Belgi\u00eb en uw kind heeft gezondheidszorgen nodig?\",\"isPartOf\":{\"@id\":\"https:\\\/\\\/www.hospichild.be\\\/#website\"},\"primaryImageOfPage\":{\"@id\":\"https:\\\/\\\/www.hospichild.be\\\/nl\\\/sociale-zekerheid\\\/u-komt-aan-in-belgie\\\/#primaryimage\"},\"image\":{\"@id\":\"https:\\\/\\\/www.hospichild.be\\\/nl\\\/sociale-zekerheid\\\/u-komt-aan-in-belgie\\\/#primaryimage\"},\"thumbnailUrl\":\"https:\\\/\\\/www.hospichild.be\\\/wp-content\\\/uploads\\\/2018\\\/06\\\/09_illu_hopitaux_mutu_partenaires.jpg\",\"datePublished\":\"2018-05-29T16:15:45+00:00\",\"dateModified\":\"2025-07-16T09:05:13+00:00\",\"description\":\"DO YOU ARRIVE IN BELGIUM ? -\u00a0 \u062a\u0635\u0644\u0648\u0646 \u0627\u0644\u0649 \u0628\u0644\u062c\u064a\u0643\u0627\u061f - A SU LLEGADA EN BELGICA -\u00a0 SOSI\u0162I \u00ceN BELGIA? -\u00a0BELGIUMBA \u00c9RKEZIK?\",\"breadcrumb\":{\"@id\":\"https:\\\/\\\/www.hospichild.be\\\/nl\\\/sociale-zekerheid\\\/u-komt-aan-in-belgie\\\/#breadcrumb\"},\"inLanguage\":\"nl-NL\",\"potentialAction\":[{\"@type\":\"ReadAction\",\"target\":[\"https:\\\/\\\/www.hospichild.be\\\/nl\\\/sociale-zekerheid\\\/u-komt-aan-in-belgie\\\/\"]}]},{\"@type\":\"ImageObject\",\"inLanguage\":\"nl-NL\",\"@id\":\"https:\\\/\\\/www.hospichild.be\\\/nl\\\/sociale-zekerheid\\\/u-komt-aan-in-belgie\\\/#primaryimage\",\"url\":\"https:\\\/\\\/www.hospichild.be\\\/wp-content\\\/uploads\\\/2018\\\/06\\\/09_illu_hopitaux_mutu_partenaires.jpg\",\"contentUrl\":\"https:\\\/\\\/www.hospichild.be\\\/wp-content\\\/uploads\\\/2018\\\/06\\\/09_illu_hopitaux_mutu_partenaires.jpg\",\"width\":314,\"height\":442},{\"@type\":\"BreadcrumbList\",\"@id\":\"https:\\\/\\\/www.hospichild.be\\\/nl\\\/sociale-zekerheid\\\/u-komt-aan-in-belgie\\\/#breadcrumb\",\"itemListElement\":[{\"@type\":\"ListItem\",\"position\":1,\"name\":\"Accueil\",\"item\":\"https:\\\/\\\/www.hospichild.be\\\/nl\\\/\"},{\"@type\":\"ListItem\",\"position\":2,\"name\":\"Sociale zekerheid\",\"item\":\"https:\\\/\\\/www.hospichild.be\\\/nl\\\/sociale-zekerheid\\\/\"},{\"@type\":\"ListItem\",\"position\":3,\"name\":\"U komt aan in Belgi\u00eb?\"}]},{\"@type\":\"WebSite\",\"@id\":\"https:\\\/\\\/www.hospichild.be\\\/#website\",\"url\":\"https:\\\/\\\/www.hospichild.be\\\/\",\"name\":\"Hospichild\",\"description\":\"Toute l&#039;information sur l&#039;hospitalisation d&#039;un enfant de moins de 16 ans \u00e0 Bruxelles\",\"publisher\":{\"@id\":\"https:\\\/\\\/www.hospichild.be\\\/#organization\"},\"potentialAction\":[{\"@type\":\"SearchAction\",\"target\":{\"@type\":\"EntryPoint\",\"urlTemplate\":\"https:\\\/\\\/www.hospichild.be\\\/?s={search_term_string}\"},\"query-input\":{\"@type\":\"PropertyValueSpecification\",\"valueRequired\":true,\"valueName\":\"search_term_string\"}}],\"inLanguage\":\"nl-NL\"},{\"@type\":\"Organization\",\"@id\":\"https:\\\/\\\/www.hospichild.be\\\/#organization\",\"name\":\"Hospichild\",\"url\":\"https:\\\/\\\/www.hospichild.be\\\/\",\"logo\":{\"@type\":\"ImageObject\",\"inLanguage\":\"nl-NL\",\"@id\":\"https:\\\/\\\/www.hospichild.be\\\/#\\\/schema\\\/logo\\\/image\\\/\",\"url\":\"https:\\\/\\\/www.hospichild.be\\\/wp-content\\\/uploads\\\/2018\\\/12\\\/logo_simple.png\",\"contentUrl\":\"https:\\\/\\\/www.hospichild.be\\\/wp-content\\\/uploads\\\/2018\\\/12\\\/logo_simple.png\",\"width\":570,\"height\":114,\"caption\":\"Hospichild\"},\"image\":{\"@id\":\"https:\\\/\\\/www.hospichild.be\\\/#\\\/schema\\\/logo\\\/image\\\/\"},\"sameAs\":[\"https:\\\/\\\/www.facebook.com\\\/Hospichild\",\"https:\\\/\\\/x.com\\\/hospichild\"]}]}<\/script>\n<!-- \/ Yoast SEO plugin. -->","yoast_head_json":{"title":"U komt aan in Belgi\u00eb en uw kind heeft gezondheidszorgen nodig?","description":"DO YOU ARRIVE IN BELGIUM ? -\u00a0 \u062a\u0635\u0644\u0648\u0646 \u0627\u0644\u0649 \u0628\u0644\u062c\u064a\u0643\u0627\u061f - A SU LLEGADA EN BELGICA -\u00a0 SOSI\u0162I \u00ceN BELGIA? -\u00a0BELGIUMBA \u00c9RKEZIK?","robots":{"index":"index","follow":"follow","max-snippet":"max-snippet:-1","max-image-preview":"max-image-preview:large","max-video-preview":"max-video-preview:-1"},"canonical":"https:\/\/www.hospichild.be\/nl\/sociale-zekerheid\/u-komt-aan-in-belgie\/","og_locale":"nl_NL","og_type":"article","og_title":"U komt aan in Belgi\u00eb en uw kind heeft gezondheidszorgen nodig?","og_description":"DO YOU ARRIVE IN BELGIUM ? -\u00a0 \u062a\u0635\u0644\u0648\u0646 \u0627\u0644\u0649 \u0628\u0644\u062c\u064a\u0643\u0627\u061f - A SU LLEGADA EN BELGICA -\u00a0 SOSI\u0162I \u00ceN BELGIA? -\u00a0BELGIUMBA \u00c9RKEZIK?","og_url":"https:\/\/www.hospichild.be\/nl\/sociale-zekerheid\/u-komt-aan-in-belgie\/","og_site_name":"Hospichild","article_publisher":"https:\/\/www.facebook.com\/Hospichild","article_modified_time":"2025-07-16T09:05:13+00:00","og_image":[{"width":314,"height":442,"url":"https:\/\/www.hospichild.be\/wp-content\/uploads\/2018\/06\/09_illu_hopitaux_mutu_partenaires.jpg","type":"image\/jpeg"}],"twitter_card":"summary_large_image","twitter_site":"@hospichild","twitter_misc":{"Geschatte leestijd":"3 minuten"},"schema":{"@context":"https:\/\/schema.org","@graph":[{"@type":"WebPage","@id":"https:\/\/www.hospichild.be\/nl\/sociale-zekerheid\/u-komt-aan-in-belgie\/","url":"https:\/\/www.hospichild.be\/nl\/sociale-zekerheid\/u-komt-aan-in-belgie\/","name":"U komt aan in Belgi\u00eb en uw kind heeft gezondheidszorgen nodig?","isPartOf":{"@id":"https:\/\/www.hospichild.be\/#website"},"primaryImageOfPage":{"@id":"https:\/\/www.hospichild.be\/nl\/sociale-zekerheid\/u-komt-aan-in-belgie\/#primaryimage"},"image":{"@id":"https:\/\/www.hospichild.be\/nl\/sociale-zekerheid\/u-komt-aan-in-belgie\/#primaryimage"},"thumbnailUrl":"https:\/\/www.hospichild.be\/wp-content\/uploads\/2018\/06\/09_illu_hopitaux_mutu_partenaires.jpg","datePublished":"2018-05-29T16:15:45+00:00","dateModified":"2025-07-16T09:05:13+00:00","description":"DO YOU ARRIVE IN BELGIUM ? -\u00a0 \u062a\u0635\u0644\u0648\u0646 \u0627\u0644\u0649 \u0628\u0644\u062c\u064a\u0643\u0627\u061f - A SU LLEGADA EN BELGICA -\u00a0 SOSI\u0162I \u00ceN BELGIA? -\u00a0BELGIUMBA \u00c9RKEZIK?","breadcrumb":{"@id":"https:\/\/www.hospichild.be\/nl\/sociale-zekerheid\/u-komt-aan-in-belgie\/#breadcrumb"},"inLanguage":"nl-NL","potentialAction":[{"@type":"ReadAction","target":["https:\/\/www.hospichild.be\/nl\/sociale-zekerheid\/u-komt-aan-in-belgie\/"]}]},{"@type":"ImageObject","inLanguage":"nl-NL","@id":"https:\/\/www.hospichild.be\/nl\/sociale-zekerheid\/u-komt-aan-in-belgie\/#primaryimage","url":"https:\/\/www.hospichild.be\/wp-content\/uploads\/2018\/06\/09_illu_hopitaux_mutu_partenaires.jpg","contentUrl":"https:\/\/www.hospichild.be\/wp-content\/uploads\/2018\/06\/09_illu_hopitaux_mutu_partenaires.jpg","width":314,"height":442},{"@type":"BreadcrumbList","@id":"https:\/\/www.hospichild.be\/nl\/sociale-zekerheid\/u-komt-aan-in-belgie\/#breadcrumb","itemListElement":[{"@type":"ListItem","position":1,"name":"Accueil","item":"https:\/\/www.hospichild.be\/nl\/"},{"@type":"ListItem","position":2,"name":"Sociale zekerheid","item":"https:\/\/www.hospichild.be\/nl\/sociale-zekerheid\/"},{"@type":"ListItem","position":3,"name":"U komt aan in Belgi\u00eb?"}]},{"@type":"WebSite","@id":"https:\/\/www.hospichild.be\/#website","url":"https:\/\/www.hospichild.be\/","name":"Hospichild","description":"Toute l&#039;information sur l&#039;hospitalisation d&#039;un enfant de moins de 16 ans \u00e0 Bruxelles","publisher":{"@id":"https:\/\/www.hospichild.be\/#organization"},"potentialAction":[{"@type":"SearchAction","target":{"@type":"EntryPoint","urlTemplate":"https:\/\/www.hospichild.be\/?s={search_term_string}"},"query-input":{"@type":"PropertyValueSpecification","valueRequired":true,"valueName":"search_term_string"}}],"inLanguage":"nl-NL"},{"@type":"Organization","@id":"https:\/\/www.hospichild.be\/#organization","name":"Hospichild","url":"https:\/\/www.hospichild.be\/","logo":{"@type":"ImageObject","inLanguage":"nl-NL","@id":"https:\/\/www.hospichild.be\/#\/schema\/logo\/image\/","url":"https:\/\/www.hospichild.be\/wp-content\/uploads\/2018\/12\/logo_simple.png","contentUrl":"https:\/\/www.hospichild.be\/wp-content\/uploads\/2018\/12\/logo_simple.png","width":570,"height":114,"caption":"Hospichild"},"image":{"@id":"https:\/\/www.hospichild.be\/#\/schema\/logo\/image\/"},"sameAs":["https:\/\/www.facebook.com\/Hospichild","https:\/\/x.com\/hospichild"]}]}},"publishpress_future_action":{"enabled":false,"date":"2026-04-23 08:50:26","action":"change-status","newStatus":"draft","terms":[],"taxonomy":"translation_priority","extraData":[]},"publishpress_future_workflow_manual_trigger":{"enabledWorkflows":[]},"_links":{"self":[{"href":"https:\/\/www.hospichild.be\/nl\/wp-json\/wp\/v2\/pages\/1456","targetHints":{"allow":["GET"]}}],"collection":[{"href":"https:\/\/www.hospichild.be\/nl\/wp-json\/wp\/v2\/pages"}],"about":[{"href":"https:\/\/www.hospichild.be\/nl\/wp-json\/wp\/v2\/types\/page"}],"author":[{"embeddable":true,"href":"https:\/\/www.hospichild.be\/nl\/wp-json\/wp\/v2\/users\/1"}],"replies":[{"embeddable":true,"href":"https:\/\/www.hospichild.be\/nl\/wp-json\/wp\/v2\/comments?post=1456"}],"version-history":[{"count":15,"href":"https:\/\/www.hospichild.be\/nl\/wp-json\/wp\/v2\/pages\/1456\/revisions"}],"predecessor-version":[{"id":2842,"href":"https:\/\/www.hospichild.be\/nl\/wp-json\/wp\/v2\/pages\/1456\/revisions\/2842"}],"up":[{"embeddable":true,"href":"https:\/\/www.hospichild.be\/nl\/wp-json\/wp\/v2\/pages\/1453"}],"wp:featuredmedia":[{"embeddable":true,"href":"https:\/\/www.hospichild.be\/nl\/wp-json\/wp\/v2\/media\/7731"}],"wp:attachment":[{"href":"https:\/\/www.hospichild.be\/nl\/wp-json\/wp\/v2\/media?parent=1456"}],"curies":[{"name":"wp","href":"https:\/\/api.w.org\/{rel}","templated":true}]}}