{"id":1466,"date":"2018-05-29T18:20:36","date_gmt":"2018-05-29T16:20:36","guid":{"rendered":"http:\/\/www.hospichild.be\/?page_id=1466"},"modified":"2025-07-01T12:26:23","modified_gmt":"2025-07-01T10:26:23","slug":"keukenpraat","status":"publish","type":"page","link":"https:\/\/www.hospichild.be\/nl\/ontspanning-en-vrijetijd\/keukenpraat\/","title":{"rendered":"Keukenpraat"},"content":{"rendered":"<div class=\"chapeau-intro\">Hoe kunnen we enerzijds de dieetvoorschriften bij ziekte en behandeling en anderzijds de voorkeur of afkeer van kinderen voor bepaald voedsel verzoenen? Een ernstig ziek kind kan niet alles eten wat het wil. De <a href=\"https:\/\/www.hospichild.be\/nl\/thuis\/medische-voeding\/\">medische voeding<\/a> kan opgelegd worden.<\/div>\n<p>De ziekte en de behandelingen kunnen leiden tot verlies van eetlust bij de jonge pati\u00ebnten, maar ook tot misselijkheid, braken, walging, veranderde smak- en reukwaarneming\u2026 De maaltijden verlopen vaak moeilijk, zowel voor de ouder die de maaltijden bereidt als voor het kind dat moet eten&#8230;<\/p>\n<p>Daaro stellen wij u in de rubriek \u2018Keukenpraat\u2019 recepten voor, opgesteld door <strong>Marie-Christine Schoevaert<\/strong>, oprichtster en voorzitster van de vereniging \u2018<a href=\"https:\/\/www.ensemble-pasapas.be\/\" target=\"_blank\" rel=\"noopener\">Ensemble, pas \u00e0 pas<\/a>\u201d\u2019 en <strong>haar zoon Fred<\/strong>, ervaren gastronoom. Ze zijn makkelijk te bereiden en aangepast in functie van verschillende ziektebeelden. Zo kunt u uw kind lekkere bereidingen voorschotelen en tegelijk waken over zijn gezondheid.<\/p>\n<p><em><strong>Opgelet, om problemen te vermijden, vraag steeds het advies van uw arts en van de voedingsdeskundige die uw kind begeleidt, als u twijfelt of sommige ingredi\u00ebnten toegelaten of verboden zijn, of als u vragen hebt over hygi\u00ebnische voorzorgen, over mogelijke allergie\u00ebn enz.<\/strong><br \/>\n\u2192 Lees ook: ons dossier \u2018<a href=\"https:\/\/www.hospichild.be\/nl\/thuis\/medische-voeding\/\">Medische voeding<\/a>\u2019\u00a0<\/em><\/p>\n<h3>Nuttige links:<\/h3>\n<ul>\n<li><strong><a href=\"http:\/\/www.simonodil.com\/nl\/home\" target=\"_blank\" rel=\"noopener\">Simon &amp; Odil<\/a><\/strong> : Naast uitgebreide informatie op maat van gehospitaliseerde kinderen, stelt de website Simon &amp; Odil (een initiatief van vzw 4kids) ook enkele recepten voor om te beantwoorden aan de di\u00ebten bij bepaalde ziektebeelden.<\/li>\n<li><strong><a href=\"http:\/\/www.simonodil.com\/nl\/home\" target=\"_blank\" rel=\"noopener\">Stichting tegen Kanker<\/a><\/strong> : Beroemde chefs wagen zich aan een aangepaste keuken en ontwikkelen lekkere en gezonde bereidingen voor de Stichting.<\/li>\n<\/ul>\n<div class=\"encart-gris\">\n<h3>Culinaire pareltjes van M-C Schoevaert en haar zon, Fred<\/h3>\n<ul>\n<li><a href=\"https:\/\/www.hospichild.be\/nl\/ontspanning-en-vrijetijd\/keukenpraat\/toast-met-courgette-en-beaufort\/\">Toasts met courgette en Beaufort<\/a><\/li>\n<li><a href=\"https:\/\/www.hospichild.be\/nl\/ontspanning-en-vrijetijd\/keukenpraat\/gratin-van-aubergines-a-la-napolitana\/\">Gratin van aubergines a la Napolitana<\/a><\/li>\n<li><a href=\"https:\/\/www.hospichild.be\/nl\/ontspanning-en-vrijetijd\/keukenpraat\/pompoenrosti\/\">Pompoenr\u00f6sti<\/a><\/li>\n<li><a href=\"https:\/\/www.hospichild.be\/nl\/ontspanning-en-vrijetijd\/keukenpraat\/veloute-met-mango-passievrucht-en-kokos\/\">Velout\u00e9 met mango, passivrucht en kokos<\/a><\/li>\n<li><a href=\"https:\/\/www.hospichild.be\/nl\/ontspanning-en-vrijetijd\/keukenpraat\/ultra-vloeibare-moelleux-met-zwarte-chocolade\/\">Ultra-vloeibare moelleux met zwarte chocolade<\/a><\/li>\n<li><a href=\"https:\/\/www.hospichild.be\/nl\/ontspanning-en-vrijetijd\/keukenpraat\/lentecupcakes-met-rabarber\/\">Lentecupcakes met rabarber\u2026<\/a><\/li>\n<li><a href=\"https:\/\/www.hospichild.be\/nl\/ontspanning-en-vrijetijd\/keukenpraat\/bananen-in-de-schil-op-de-wijze-van-baloe\/\">Bananen in de schil op de wijze van Baloe<\/a><\/li>\n<li><a href=\"https:\/\/www.hospichild.be\/nl\/ontspanning-en-vrijetijd\/keukenpraat\/zomerse-cobbler-barstensvol-energie\/\">Zomerse cobbler\u2026 barstensvol energie !<\/a><\/li>\n<li><a href=\"https:\/\/www.hospichild.be\/nl\/ontspanning-en-vrijetijd\/keukenpraat\/smakelijke-broccolitaartjes-voor-jullie-spruiten\/\">Smakelijke broccolitaartjes voor jullie spruiten \u2026<\/a><\/li>\n<li><a href=\"https:\/\/www.hospichild.be\/nl\/ontspanning-en-vrijetijd\/keukenpraat\/recepten-met-verse-groene-erwtjes\/\">Recepten met verse groene erwtjes<\/a><\/li>\n<li><a href=\"https:\/\/www.hospichild.be\/nl\/ontspanning-en-vrijetijd\/keukenpraat\/winters-vieruurtje\/\">Winters vieruurtje \u2026<\/a><\/li>\n<li><a href=\"https:\/\/www.hospichild.be\/nl\/ontspanning-en-vrijetijd\/keukenpraat\/pannenkoeken-van-sneeuwwitje\/\">Pannenkoeken van Sneeuwwitje<\/a><\/li>\n<li><a href=\"https:\/\/www.hospichild.be\/nl\/ontspanning-en-vrijetijd\/keukenpraat\/wortelsnoepjes\/\">Wortelsnoepjes<\/a><\/li>\n<li><a href=\"https:\/\/www.hospichild.be\/nl\/ontspanning-en-vrijetijd\/keukenpraat\/herfstpasta-met-butternut-en-een-parfum-van-salie\/\">Herfstpasta met butternut en een parfum van salie<\/a><\/li>\n<li><a href=\"https:\/\/www.hospichild.be\/nl\/ontspanning-en-vrijetijd\/keukenpraat\/preitaartje\/\">Preitaartje<\/a><\/li>\n<\/ul>\n<\/div>\n<p>&nbsp;<\/p>\n<p>&nbsp;<\/p>\n","protected":false},"excerpt":{"rendered":"<p>Hoe kunnen we enerzijds de dieetvoorschriften bij ziekte en behandeling en anderzijds de voorkeur of afkeer van kinderen voor bepaald voedsel verzoenen? Een ernstig ziek kind kan niet alles eten wat het wil. De medische voeding kan opgelegd worden. De ziekte en de behandelingen kunnen leiden tot verlies van eetlust bij de jonge pati\u00ebnten, maar&hellip;<\/p>\n<p><a class=\"more-link\" href=\"https:\/\/www.hospichild.be\/nl\/ontspanning-en-vrijetijd\/keukenpraat\/\" title=\"Continue reading &lsquo;Keukenpraat&rsquo;\">Meer lezen over <span class=\"meta-nav\">\u2192<\/span><\/a><\/p>\n","protected":false},"author":1,"featured_media":2338,"parent":1463,"menu_order":2,"comment_status":"closed","ping_status":"closed","template":"","meta":{"_acf_changed":false,"footnotes":""},"class_list":["post-1466","page","type-page","status-publish","has-post-thumbnail","hentry"],"acf":[],"yoast_head":"<!-- This site is optimized with the Yoast SEO plugin v27.3 - https:\/\/yoast.com\/product\/yoast-seo-wordpress\/ -->\n<title>Kookrecepten voor ernstig zieke kinderen<\/title>\n<meta name=\"description\" content=\"De ziekte en de behandelingen kunnen leiden tot verlies van eetlust bij de jonge pati\u00ebnten, maar ook tot misselijkheid, braken, walging, veranderde smak- en reukwaarneming\u2026 De maaltijden verlopen vaak moeilijk, zowel voor de ouder die de maaltijden bereidt als voor het kind dat moet eten...\" \/>\n<meta name=\"robots\" content=\"index, follow, max-snippet:-1, max-image-preview:large, max-video-preview:-1\" \/>\n<link rel=\"canonical\" href=\"https:\/\/www.hospichild.be\/detente-enfants-hospitalises\/coin-cuisine-recettes-pour-enfants-gravement-malades\/\" \/>\n<meta property=\"og:locale\" content=\"nl_NL\" \/>\n<meta property=\"og:type\" content=\"article\" \/>\n<meta property=\"og:title\" content=\"Kookrecepten voor ernstig zieke kinderen\" \/>\n<meta property=\"og:description\" content=\"De ziekte en de behandelingen kunnen leiden tot verlies van eetlust bij de jonge pati\u00ebnten, maar ook tot misselijkheid, braken, walging, veranderde smak- en reukwaarneming\u2026 De maaltijden verlopen vaak moeilijk, zowel voor de ouder die de maaltijden bereidt als voor het kind dat moet eten...\" \/>\n<meta property=\"og:url\" content=\"https:\/\/www.hospichild.be\/detente-enfants-hospitalises\/coin-cuisine-recettes-pour-enfants-gravement-malades\/\" \/>\n<meta property=\"og:site_name\" content=\"Hospichild\" \/>\n<meta property=\"article:publisher\" content=\"https:\/\/www.facebook.com\/Hospichild\" \/>\n<meta property=\"article:modified_time\" content=\"2025-07-01T10:26:23+00:00\" \/>\n<meta property=\"og:image\" content=\"https:\/\/www.hospichild.be\/wp-content\/uploads\/2018\/06\/05_illu_detente.jpg\" \/>\n\t<meta property=\"og:image:width\" content=\"314\" \/>\n\t<meta property=\"og:image:height\" content=\"442\" \/>\n\t<meta property=\"og:image:type\" content=\"image\/jpeg\" \/>\n<meta name=\"twitter:card\" content=\"summary_large_image\" \/>\n<meta name=\"twitter:site\" content=\"@hospichild\" \/>\n<meta name=\"twitter:label1\" content=\"Geschatte leestijd\" \/>\n\t<meta name=\"twitter:data1\" content=\"2 minuten\" \/>\n<script type=\"application\/ld+json\" class=\"yoast-schema-graph\">{\"@context\":\"https:\\\/\\\/schema.org\",\"@graph\":[{\"@type\":\"WebPage\",\"@id\":\"https:\\\/\\\/www.hospichild.be\\\/detente-enfants-hospitalises\\\/coin-cuisine-recettes-pour-enfants-gravement-malades\\\/\",\"url\":\"https:\\\/\\\/www.hospichild.be\\\/detente-enfants-hospitalises\\\/coin-cuisine-recettes-pour-enfants-gravement-malades\\\/\",\"name\":\"Kookrecepten voor ernstig zieke kinderen\",\"isPartOf\":{\"@id\":\"https:\\\/\\\/www.hospichild.be\\\/#website\"},\"primaryImageOfPage\":{\"@id\":\"https:\\\/\\\/www.hospichild.be\\\/detente-enfants-hospitalises\\\/coin-cuisine-recettes-pour-enfants-gravement-malades\\\/#primaryimage\"},\"image\":{\"@id\":\"https:\\\/\\\/www.hospichild.be\\\/detente-enfants-hospitalises\\\/coin-cuisine-recettes-pour-enfants-gravement-malades\\\/#primaryimage\"},\"thumbnailUrl\":\"https:\\\/\\\/www.hospichild.be\\\/wp-content\\\/uploads\\\/2018\\\/06\\\/05_illu_detente.jpg\",\"datePublished\":\"2018-05-29T16:20:36+00:00\",\"dateModified\":\"2025-07-01T10:26:23+00:00\",\"description\":\"De ziekte en de behandelingen kunnen leiden tot verlies van eetlust bij de jonge pati\u00ebnten, maar ook tot misselijkheid, braken, walging, veranderde smak- en reukwaarneming\u2026 De maaltijden verlopen vaak moeilijk, zowel voor de ouder die de maaltijden bereidt als voor het kind dat moet eten...\",\"breadcrumb\":{\"@id\":\"https:\\\/\\\/www.hospichild.be\\\/detente-enfants-hospitalises\\\/coin-cuisine-recettes-pour-enfants-gravement-malades\\\/#breadcrumb\"},\"inLanguage\":\"nl-NL\",\"potentialAction\":[{\"@type\":\"ReadAction\",\"target\":[\"https:\\\/\\\/www.hospichild.be\\\/detente-enfants-hospitalises\\\/coin-cuisine-recettes-pour-enfants-gravement-malades\\\/\"]}]},{\"@type\":\"ImageObject\",\"inLanguage\":\"nl-NL\",\"@id\":\"https:\\\/\\\/www.hospichild.be\\\/detente-enfants-hospitalises\\\/coin-cuisine-recettes-pour-enfants-gravement-malades\\\/#primaryimage\",\"url\":\"https:\\\/\\\/www.hospichild.be\\\/wp-content\\\/uploads\\\/2018\\\/06\\\/05_illu_detente.jpg\",\"contentUrl\":\"https:\\\/\\\/www.hospichild.be\\\/wp-content\\\/uploads\\\/2018\\\/06\\\/05_illu_detente.jpg\",\"width\":314,\"height\":442},{\"@type\":\"BreadcrumbList\",\"@id\":\"https:\\\/\\\/www.hospichild.be\\\/detente-enfants-hospitalises\\\/coin-cuisine-recettes-pour-enfants-gravement-malades\\\/#breadcrumb\",\"itemListElement\":[{\"@type\":\"ListItem\",\"position\":1,\"name\":\"Accueil\",\"item\":\"https:\\\/\\\/www.hospichild.be\\\/nl\\\/\"},{\"@type\":\"ListItem\",\"position\":2,\"name\":\"Ontspanning en vrijetijd\",\"item\":\"https:\\\/\\\/www.hospichild.be\\\/nl\\\/ontspanning-en-vrijetijd\\\/\"},{\"@type\":\"ListItem\",\"position\":3,\"name\":\"Keukenpraat\"}]},{\"@type\":\"WebSite\",\"@id\":\"https:\\\/\\\/www.hospichild.be\\\/#website\",\"url\":\"https:\\\/\\\/www.hospichild.be\\\/\",\"name\":\"Hospichild\",\"description\":\"Toute l&#039;information sur l&#039;hospitalisation d&#039;un enfant de moins de 16 ans \u00e0 Bruxelles\",\"publisher\":{\"@id\":\"https:\\\/\\\/www.hospichild.be\\\/#organization\"},\"potentialAction\":[{\"@type\":\"SearchAction\",\"target\":{\"@type\":\"EntryPoint\",\"urlTemplate\":\"https:\\\/\\\/www.hospichild.be\\\/?s={search_term_string}\"},\"query-input\":{\"@type\":\"PropertyValueSpecification\",\"valueRequired\":true,\"valueName\":\"search_term_string\"}}],\"inLanguage\":\"nl-NL\"},{\"@type\":\"Organization\",\"@id\":\"https:\\\/\\\/www.hospichild.be\\\/#organization\",\"name\":\"Hospichild\",\"url\":\"https:\\\/\\\/www.hospichild.be\\\/\",\"logo\":{\"@type\":\"ImageObject\",\"inLanguage\":\"nl-NL\",\"@id\":\"https:\\\/\\\/www.hospichild.be\\\/#\\\/schema\\\/logo\\\/image\\\/\",\"url\":\"https:\\\/\\\/www.hospichild.be\\\/wp-content\\\/uploads\\\/2018\\\/12\\\/logo_simple.png\",\"contentUrl\":\"https:\\\/\\\/www.hospichild.be\\\/wp-content\\\/uploads\\\/2018\\\/12\\\/logo_simple.png\",\"width\":570,\"height\":114,\"caption\":\"Hospichild\"},\"image\":{\"@id\":\"https:\\\/\\\/www.hospichild.be\\\/#\\\/schema\\\/logo\\\/image\\\/\"},\"sameAs\":[\"https:\\\/\\\/www.facebook.com\\\/Hospichild\",\"https:\\\/\\\/x.com\\\/hospichild\"]}]}<\/script>\n<!-- \/ Yoast SEO plugin. -->","yoast_head_json":{"title":"Kookrecepten voor ernstig zieke kinderen","description":"De ziekte en de behandelingen kunnen leiden tot verlies van eetlust bij de jonge pati\u00ebnten, maar ook tot misselijkheid, braken, walging, veranderde smak- en reukwaarneming\u2026 De maaltijden verlopen vaak moeilijk, zowel voor de ouder die de maaltijden bereidt als voor het kind dat moet eten...","robots":{"index":"index","follow":"follow","max-snippet":"max-snippet:-1","max-image-preview":"max-image-preview:large","max-video-preview":"max-video-preview:-1"},"canonical":"https:\/\/www.hospichild.be\/detente-enfants-hospitalises\/coin-cuisine-recettes-pour-enfants-gravement-malades\/","og_locale":"nl_NL","og_type":"article","og_title":"Kookrecepten voor ernstig zieke kinderen","og_description":"De ziekte en de behandelingen kunnen leiden tot verlies van eetlust bij de jonge pati\u00ebnten, maar ook tot misselijkheid, braken, walging, veranderde smak- en reukwaarneming\u2026 De maaltijden verlopen vaak moeilijk, zowel voor de ouder die de maaltijden bereidt als voor het kind dat moet eten...","og_url":"https:\/\/www.hospichild.be\/detente-enfants-hospitalises\/coin-cuisine-recettes-pour-enfants-gravement-malades\/","og_site_name":"Hospichild","article_publisher":"https:\/\/www.facebook.com\/Hospichild","article_modified_time":"2025-07-01T10:26:23+00:00","og_image":[{"width":314,"height":442,"url":"https:\/\/www.hospichild.be\/wp-content\/uploads\/2018\/06\/05_illu_detente.jpg","type":"image\/jpeg"}],"twitter_card":"summary_large_image","twitter_site":"@hospichild","twitter_misc":{"Geschatte leestijd":"2 minuten"},"schema":{"@context":"https:\/\/schema.org","@graph":[{"@type":"WebPage","@id":"https:\/\/www.hospichild.be\/detente-enfants-hospitalises\/coin-cuisine-recettes-pour-enfants-gravement-malades\/","url":"https:\/\/www.hospichild.be\/detente-enfants-hospitalises\/coin-cuisine-recettes-pour-enfants-gravement-malades\/","name":"Kookrecepten voor ernstig zieke kinderen","isPartOf":{"@id":"https:\/\/www.hospichild.be\/#website"},"primaryImageOfPage":{"@id":"https:\/\/www.hospichild.be\/detente-enfants-hospitalises\/coin-cuisine-recettes-pour-enfants-gravement-malades\/#primaryimage"},"image":{"@id":"https:\/\/www.hospichild.be\/detente-enfants-hospitalises\/coin-cuisine-recettes-pour-enfants-gravement-malades\/#primaryimage"},"thumbnailUrl":"https:\/\/www.hospichild.be\/wp-content\/uploads\/2018\/06\/05_illu_detente.jpg","datePublished":"2018-05-29T16:20:36+00:00","dateModified":"2025-07-01T10:26:23+00:00","description":"De ziekte en de behandelingen kunnen leiden tot verlies van eetlust bij de jonge pati\u00ebnten, maar ook tot misselijkheid, braken, walging, veranderde smak- en reukwaarneming\u2026 De maaltijden verlopen vaak moeilijk, zowel voor de ouder die de maaltijden bereidt als voor het kind dat moet eten...","breadcrumb":{"@id":"https:\/\/www.hospichild.be\/detente-enfants-hospitalises\/coin-cuisine-recettes-pour-enfants-gravement-malades\/#breadcrumb"},"inLanguage":"nl-NL","potentialAction":[{"@type":"ReadAction","target":["https:\/\/www.hospichild.be\/detente-enfants-hospitalises\/coin-cuisine-recettes-pour-enfants-gravement-malades\/"]}]},{"@type":"ImageObject","inLanguage":"nl-NL","@id":"https:\/\/www.hospichild.be\/detente-enfants-hospitalises\/coin-cuisine-recettes-pour-enfants-gravement-malades\/#primaryimage","url":"https:\/\/www.hospichild.be\/wp-content\/uploads\/2018\/06\/05_illu_detente.jpg","contentUrl":"https:\/\/www.hospichild.be\/wp-content\/uploads\/2018\/06\/05_illu_detente.jpg","width":314,"height":442},{"@type":"BreadcrumbList","@id":"https:\/\/www.hospichild.be\/detente-enfants-hospitalises\/coin-cuisine-recettes-pour-enfants-gravement-malades\/#breadcrumb","itemListElement":[{"@type":"ListItem","position":1,"name":"Accueil","item":"https:\/\/www.hospichild.be\/nl\/"},{"@type":"ListItem","position":2,"name":"Ontspanning en vrijetijd","item":"https:\/\/www.hospichild.be\/nl\/ontspanning-en-vrijetijd\/"},{"@type":"ListItem","position":3,"name":"Keukenpraat"}]},{"@type":"WebSite","@id":"https:\/\/www.hospichild.be\/#website","url":"https:\/\/www.hospichild.be\/","name":"Hospichild","description":"Toute l&#039;information sur l&#039;hospitalisation d&#039;un enfant de moins de 16 ans \u00e0 Bruxelles","publisher":{"@id":"https:\/\/www.hospichild.be\/#organization"},"potentialAction":[{"@type":"SearchAction","target":{"@type":"EntryPoint","urlTemplate":"https:\/\/www.hospichild.be\/?s={search_term_string}"},"query-input":{"@type":"PropertyValueSpecification","valueRequired":true,"valueName":"search_term_string"}}],"inLanguage":"nl-NL"},{"@type":"Organization","@id":"https:\/\/www.hospichild.be\/#organization","name":"Hospichild","url":"https:\/\/www.hospichild.be\/","logo":{"@type":"ImageObject","inLanguage":"nl-NL","@id":"https:\/\/www.hospichild.be\/#\/schema\/logo\/image\/","url":"https:\/\/www.hospichild.be\/wp-content\/uploads\/2018\/12\/logo_simple.png","contentUrl":"https:\/\/www.hospichild.be\/wp-content\/uploads\/2018\/12\/logo_simple.png","width":570,"height":114,"caption":"Hospichild"},"image":{"@id":"https:\/\/www.hospichild.be\/#\/schema\/logo\/image\/"},"sameAs":["https:\/\/www.facebook.com\/Hospichild","https:\/\/x.com\/hospichild"]}]}},"publishpress_future_action":{"enabled":false,"date":"2026-05-09 08:33:24","action":"change-status","newStatus":"draft","terms":[],"taxonomy":"translation_priority","extraData":[]},"publishpress_future_workflow_manual_trigger":{"enabledWorkflows":[]},"_links":{"self":[{"href":"https:\/\/www.hospichild.be\/nl\/wp-json\/wp\/v2\/pages\/1466","targetHints":{"allow":["GET"]}}],"collection":[{"href":"https:\/\/www.hospichild.be\/nl\/wp-json\/wp\/v2\/pages"}],"about":[{"href":"https:\/\/www.hospichild.be\/nl\/wp-json\/wp\/v2\/types\/page"}],"author":[{"embeddable":true,"href":"https:\/\/www.hospichild.be\/nl\/wp-json\/wp\/v2\/users\/1"}],"replies":[{"embeddable":true,"href":"https:\/\/www.hospichild.be\/nl\/wp-json\/wp\/v2\/comments?post=1466"}],"version-history":[{"count":9,"href":"https:\/\/www.hospichild.be\/nl\/wp-json\/wp\/v2\/pages\/1466\/revisions"}],"predecessor-version":[{"id":20244,"href":"https:\/\/www.hospichild.be\/nl\/wp-json\/wp\/v2\/pages\/1466\/revisions\/20244"}],"up":[{"embeddable":true,"href":"https:\/\/www.hospichild.be\/nl\/wp-json\/wp\/v2\/pages\/1463"}],"wp:featuredmedia":[{"embeddable":true,"href":"https:\/\/www.hospichild.be\/nl\/wp-json\/wp\/v2\/media\/2338"}],"wp:attachment":[{"href":"https:\/\/www.hospichild.be\/nl\/wp-json\/wp\/v2\/media?parent=1466"}],"curies":[{"name":"wp","href":"https:\/\/api.w.org\/{rel}","templated":true}]}}