{"id":1478,"date":"2018-05-29T02:14:50","date_gmt":"2018-05-29T00:14:50","guid":{"rendered":"http:\/\/www.hospichild.be\/?page_id=1478"},"modified":"2024-09-10T17:18:38","modified_gmt":"2024-09-10T15:18:38","slug":"rfspp","status":"publish","type":"page","link":"https:\/\/www.hospichild.be\/nl\/zorgverleners\/rfspp\/","title":{"rendered":"RFSPP"},"content":{"rendered":"<p><strong>Het RFSPP, waarvan Hospichild deel uitmaakt, is samengesteld uit professionals uit de gezondheidswereld en opleiders die sinds vele jaren kinderen begeleiden en verzorgen in een context van palliatieve zorg vanuit het respect voor de humanistische waarden. <\/strong><\/p>\n<p>Het network stelt zich tot doel de individuele inspanningen, knowhow en ervaring van de leden (allemaal uit Franssprekende landen) te bundelen.<\/p>\n<p>Via zijn (Franstalige) <a href=\"https:\/\/www.hospichild.be\/soignants\/rfspp\/\" target=\"_blank\" rel=\"noopener noreferrer\">website<\/a> stelt het RFSPP klinische, wetenschappelijke en psychologische tools en prakrijken ter beschikking van ouders en professionals, die geconfronteerd worden met pediatrische palliatieve zorgen.<\/p>\n<p>Hospichild kreeg via de Belgische leden van het Netwerk een mandaat om op te treden als \u2018referent gezinnen\u2019, om de informatie met betrekking tot Belgi\u00eb te updaten en om na te denken over een mogelijke nieuwe website voor het Netwerk.<\/p>\n<p>Na Montreal, Saint-Malo, Luik en Yaound\u00e9 zal het 10e internationale congres van de R\u00e9seau Francophone de Soins Palliatifs P\u00e9diatriques (RFSPP) &#8211; &#8220;<strong>Pediatrische palliatieve zorg: een universeel recht voor kinderen<\/strong>&#8221; &#8211; op <strong>23 en 24 november 2023<\/strong> in Gen\u00e8ve, in het internationale conferentiecentrum, worden gehouden.<\/p>\n<h2 class=\"vert\">Leden van het Netwerk<\/h2>\n<h3>Belgi\u00eb<\/h3>\n<ul>\n<li>Hospichild<\/li>\n<li>CHU Mont L\u00e9gia (Luik)<\/li>\n<li>UZKF (Brussel)<\/li>\n<li>Semiramis asbl Brussel<\/li>\n<\/ul>\n<h3>Kameroen<\/h3>\n<ul>\n<li>H\u00f4pital Central Yaound\u00e9<\/li>\n<\/ul>\n<h3>Canada<\/h3>\n<ul>\n<li>CHU Sainte-Justine Montr\u00e9al<\/li>\n<\/ul>\n<h3>Congo<\/h3>\n<ul>\n<li>H\u00f4pital Monkole Kinshasa<\/li>\n<\/ul>\n<h3>Frankrijk<\/h3>\n<ul>\n<li>CHU Necker Enfants-Malades APHP Parijs<\/li>\n<li>\u00c9tablissement de Sant\u00e9 pour Enfants et Adolescents R\u00e9gion Nantaise Nantes<\/li>\n<li>CHU Armand Trousseau APHP Parijs<\/li>\n<li>CHU Amiens<\/li>\n<li>Institut d\u2019H\u00e9mato-Oncologie p\u00e9diatrique Lyon<\/li>\n<li>CHU Dupuytren Limoges<\/li>\n<li>Institut Curie Parijs<\/li>\n<li>CHU Toulouse<\/li>\n<li>CHU Poitiers<\/li>\n<li>Croix Rouge Fran\u00e7aise<\/li>\n<li>Vivre son deuil (Franse vereniging)<\/li>\n<\/ul>\n<h3>Zwitserland<\/h3>\n<ul>\n<li>H\u00f4pital Universitaire Gen\u00e8ve<\/li>\n<li>Suisse \u2013 CHUV Lausanne<\/li>\n<\/ul>\n","protected":false},"excerpt":{"rendered":"<p>Het RFSPP, waarvan Hospichild deel uitmaakt, is samengesteld uit professionals uit de gezondheidswereld en opleiders die sinds vele jaren kinderen begeleiden en verzorgen in een context van palliatieve zorg vanuit het respect voor de humanistische waarden. Het network stelt zich tot doel de individuele inspanningen, knowhow en ervaring van de leden (allemaal uit Franssprekende landen)&hellip;<\/p>\n<p><a class=\"more-link\" href=\"https:\/\/www.hospichild.be\/nl\/zorgverleners\/rfspp\/\" title=\"Continue reading &lsquo;RFSPP&rsquo;\">Meer lezen over <span class=\"meta-nav\">\u2192<\/span><\/a><\/p>\n","protected":false},"author":1,"featured_media":2341,"parent":1473,"menu_order":4,"comment_status":"closed","ping_status":"closed","template":"","meta":{"_acf_changed":false,"footnotes":""},"class_list":["post-1478","page","type-page","status-publish","has-post-thumbnail","hentry"],"acf":[],"yoast_head":"<!-- This site is optimized with the Yoast SEO plugin v27.3 - https:\/\/yoast.com\/product\/yoast-seo-wordpress\/ -->\n<title>Franstalig Netwerk van Pediatrische Palliatieve Zorgen - Hospichild<\/title>\n<meta name=\"description\" content=\"Het RFSPP, waarvan Hospichild deel uitmaakt, is samengesteld uit professionals uit de gezondheidswereld en opleiders die sinds vele jaren kinderen begeleiden en verzorgen in een context van palliatieve zorg vanuit het respect voor de humanistische waarden.\" \/>\n<meta name=\"robots\" content=\"index, follow, max-snippet:-1, max-image-preview:large, max-video-preview:-1\" \/>\n<link rel=\"canonical\" href=\"https:\/\/www.hospichild.be\/nl\/zorgverleners\/rfspp\/\" \/>\n<meta property=\"og:locale\" content=\"nl_NL\" \/>\n<meta property=\"og:type\" content=\"article\" \/>\n<meta property=\"og:title\" content=\"Franstalig Netwerk van Pediatrische Palliatieve Zorgen - Hospichild\" \/>\n<meta property=\"og:description\" content=\"Het RFSPP, waarvan Hospichild deel uitmaakt, is samengesteld uit professionals uit de gezondheidswereld en opleiders die sinds vele jaren kinderen begeleiden en verzorgen in een context van palliatieve zorg vanuit het respect voor de humanistische waarden.\" \/>\n<meta property=\"og:url\" content=\"https:\/\/www.hospichild.be\/nl\/zorgverleners\/rfspp\/\" \/>\n<meta property=\"og:site_name\" content=\"Hospichild\" \/>\n<meta property=\"article:publisher\" content=\"https:\/\/www.facebook.com\/Hospichild\" \/>\n<meta property=\"article:modified_time\" content=\"2024-09-10T15:18:38+00:00\" \/>\n<meta property=\"og:image\" content=\"https:\/\/www.hospichild.be\/wp-content\/uploads\/2018\/06\/09_illu_hopitaux_mutu_partenaires.jpg\" \/>\n\t<meta property=\"og:image:width\" content=\"314\" \/>\n\t<meta property=\"og:image:height\" content=\"442\" \/>\n\t<meta property=\"og:image:type\" content=\"image\/jpeg\" \/>\n<meta name=\"twitter:card\" content=\"summary_large_image\" \/>\n<meta name=\"twitter:site\" content=\"@hospichild\" \/>\n<meta name=\"twitter:label1\" content=\"Geschatte leestijd\" \/>\n\t<meta name=\"twitter:data1\" content=\"2 minuten\" \/>\n<script type=\"application\/ld+json\" class=\"yoast-schema-graph\">{\"@context\":\"https:\\\/\\\/schema.org\",\"@graph\":[{\"@type\":\"WebPage\",\"@id\":\"https:\\\/\\\/www.hospichild.be\\\/nl\\\/zorgverleners\\\/rfspp\\\/\",\"url\":\"https:\\\/\\\/www.hospichild.be\\\/nl\\\/zorgverleners\\\/rfspp\\\/\",\"name\":\"Franstalig Netwerk van Pediatrische Palliatieve Zorgen - Hospichild\",\"isPartOf\":{\"@id\":\"https:\\\/\\\/www.hospichild.be\\\/#website\"},\"primaryImageOfPage\":{\"@id\":\"https:\\\/\\\/www.hospichild.be\\\/nl\\\/zorgverleners\\\/rfspp\\\/#primaryimage\"},\"image\":{\"@id\":\"https:\\\/\\\/www.hospichild.be\\\/nl\\\/zorgverleners\\\/rfspp\\\/#primaryimage\"},\"thumbnailUrl\":\"https:\\\/\\\/www.hospichild.be\\\/wp-content\\\/uploads\\\/2018\\\/06\\\/09_illu_hopitaux_mutu_partenaires.jpg\",\"datePublished\":\"2018-05-29T00:14:50+00:00\",\"dateModified\":\"2024-09-10T15:18:38+00:00\",\"description\":\"Het RFSPP, waarvan Hospichild deel uitmaakt, is samengesteld uit professionals uit de gezondheidswereld en opleiders die sinds vele jaren kinderen begeleiden en verzorgen in een context van palliatieve zorg vanuit het respect voor de humanistische waarden.\",\"breadcrumb\":{\"@id\":\"https:\\\/\\\/www.hospichild.be\\\/nl\\\/zorgverleners\\\/rfspp\\\/#breadcrumb\"},\"inLanguage\":\"nl-NL\",\"potentialAction\":[{\"@type\":\"ReadAction\",\"target\":[\"https:\\\/\\\/www.hospichild.be\\\/nl\\\/zorgverleners\\\/rfspp\\\/\"]}]},{\"@type\":\"ImageObject\",\"inLanguage\":\"nl-NL\",\"@id\":\"https:\\\/\\\/www.hospichild.be\\\/nl\\\/zorgverleners\\\/rfspp\\\/#primaryimage\",\"url\":\"https:\\\/\\\/www.hospichild.be\\\/wp-content\\\/uploads\\\/2018\\\/06\\\/09_illu_hopitaux_mutu_partenaires.jpg\",\"contentUrl\":\"https:\\\/\\\/www.hospichild.be\\\/wp-content\\\/uploads\\\/2018\\\/06\\\/09_illu_hopitaux_mutu_partenaires.jpg\",\"width\":314,\"height\":442},{\"@type\":\"BreadcrumbList\",\"@id\":\"https:\\\/\\\/www.hospichild.be\\\/nl\\\/zorgverleners\\\/rfspp\\\/#breadcrumb\",\"itemListElement\":[{\"@type\":\"ListItem\",\"position\":1,\"name\":\"Accueil\",\"item\":\"https:\\\/\\\/www.hospichild.be\\\/nl\\\/\"},{\"@type\":\"ListItem\",\"position\":2,\"name\":\"Zorgverleners\",\"item\":\"https:\\\/\\\/www.hospichild.be\\\/nl\\\/zorgverleners\\\/\"},{\"@type\":\"ListItem\",\"position\":3,\"name\":\"RFSPP\"}]},{\"@type\":\"WebSite\",\"@id\":\"https:\\\/\\\/www.hospichild.be\\\/#website\",\"url\":\"https:\\\/\\\/www.hospichild.be\\\/\",\"name\":\"Hospichild\",\"description\":\"Toute l&#039;information sur l&#039;hospitalisation d&#039;un enfant de moins de 16 ans \u00e0 Bruxelles\",\"publisher\":{\"@id\":\"https:\\\/\\\/www.hospichild.be\\\/#organization\"},\"potentialAction\":[{\"@type\":\"SearchAction\",\"target\":{\"@type\":\"EntryPoint\",\"urlTemplate\":\"https:\\\/\\\/www.hospichild.be\\\/?s={search_term_string}\"},\"query-input\":{\"@type\":\"PropertyValueSpecification\",\"valueRequired\":true,\"valueName\":\"search_term_string\"}}],\"inLanguage\":\"nl-NL\"},{\"@type\":\"Organization\",\"@id\":\"https:\\\/\\\/www.hospichild.be\\\/#organization\",\"name\":\"Hospichild\",\"url\":\"https:\\\/\\\/www.hospichild.be\\\/\",\"logo\":{\"@type\":\"ImageObject\",\"inLanguage\":\"nl-NL\",\"@id\":\"https:\\\/\\\/www.hospichild.be\\\/#\\\/schema\\\/logo\\\/image\\\/\",\"url\":\"https:\\\/\\\/www.hospichild.be\\\/wp-content\\\/uploads\\\/2018\\\/12\\\/logo_simple.png\",\"contentUrl\":\"https:\\\/\\\/www.hospichild.be\\\/wp-content\\\/uploads\\\/2018\\\/12\\\/logo_simple.png\",\"width\":570,\"height\":114,\"caption\":\"Hospichild\"},\"image\":{\"@id\":\"https:\\\/\\\/www.hospichild.be\\\/#\\\/schema\\\/logo\\\/image\\\/\"},\"sameAs\":[\"https:\\\/\\\/www.facebook.com\\\/Hospichild\",\"https:\\\/\\\/x.com\\\/hospichild\"]}]}<\/script>\n<!-- \/ Yoast SEO plugin. -->","yoast_head_json":{"title":"Franstalig Netwerk van Pediatrische Palliatieve Zorgen - Hospichild","description":"Het RFSPP, waarvan Hospichild deel uitmaakt, is samengesteld uit professionals uit de gezondheidswereld en opleiders die sinds vele jaren kinderen begeleiden en verzorgen in een context van palliatieve zorg vanuit het respect voor de humanistische waarden.","robots":{"index":"index","follow":"follow","max-snippet":"max-snippet:-1","max-image-preview":"max-image-preview:large","max-video-preview":"max-video-preview:-1"},"canonical":"https:\/\/www.hospichild.be\/nl\/zorgverleners\/rfspp\/","og_locale":"nl_NL","og_type":"article","og_title":"Franstalig Netwerk van Pediatrische Palliatieve Zorgen - Hospichild","og_description":"Het RFSPP, waarvan Hospichild deel uitmaakt, is samengesteld uit professionals uit de gezondheidswereld en opleiders die sinds vele jaren kinderen begeleiden en verzorgen in een context van palliatieve zorg vanuit het respect voor de humanistische waarden.","og_url":"https:\/\/www.hospichild.be\/nl\/zorgverleners\/rfspp\/","og_site_name":"Hospichild","article_publisher":"https:\/\/www.facebook.com\/Hospichild","article_modified_time":"2024-09-10T15:18:38+00:00","og_image":[{"width":314,"height":442,"url":"https:\/\/www.hospichild.be\/wp-content\/uploads\/2018\/06\/09_illu_hopitaux_mutu_partenaires.jpg","type":"image\/jpeg"}],"twitter_card":"summary_large_image","twitter_site":"@hospichild","twitter_misc":{"Geschatte leestijd":"2 minuten"},"schema":{"@context":"https:\/\/schema.org","@graph":[{"@type":"WebPage","@id":"https:\/\/www.hospichild.be\/nl\/zorgverleners\/rfspp\/","url":"https:\/\/www.hospichild.be\/nl\/zorgverleners\/rfspp\/","name":"Franstalig Netwerk van Pediatrische Palliatieve Zorgen - Hospichild","isPartOf":{"@id":"https:\/\/www.hospichild.be\/#website"},"primaryImageOfPage":{"@id":"https:\/\/www.hospichild.be\/nl\/zorgverleners\/rfspp\/#primaryimage"},"image":{"@id":"https:\/\/www.hospichild.be\/nl\/zorgverleners\/rfspp\/#primaryimage"},"thumbnailUrl":"https:\/\/www.hospichild.be\/wp-content\/uploads\/2018\/06\/09_illu_hopitaux_mutu_partenaires.jpg","datePublished":"2018-05-29T00:14:50+00:00","dateModified":"2024-09-10T15:18:38+00:00","description":"Het RFSPP, waarvan Hospichild deel uitmaakt, is samengesteld uit professionals uit de gezondheidswereld en opleiders die sinds vele jaren kinderen begeleiden en verzorgen in een context van palliatieve zorg vanuit het respect voor de humanistische waarden.","breadcrumb":{"@id":"https:\/\/www.hospichild.be\/nl\/zorgverleners\/rfspp\/#breadcrumb"},"inLanguage":"nl-NL","potentialAction":[{"@type":"ReadAction","target":["https:\/\/www.hospichild.be\/nl\/zorgverleners\/rfspp\/"]}]},{"@type":"ImageObject","inLanguage":"nl-NL","@id":"https:\/\/www.hospichild.be\/nl\/zorgverleners\/rfspp\/#primaryimage","url":"https:\/\/www.hospichild.be\/wp-content\/uploads\/2018\/06\/09_illu_hopitaux_mutu_partenaires.jpg","contentUrl":"https:\/\/www.hospichild.be\/wp-content\/uploads\/2018\/06\/09_illu_hopitaux_mutu_partenaires.jpg","width":314,"height":442},{"@type":"BreadcrumbList","@id":"https:\/\/www.hospichild.be\/nl\/zorgverleners\/rfspp\/#breadcrumb","itemListElement":[{"@type":"ListItem","position":1,"name":"Accueil","item":"https:\/\/www.hospichild.be\/nl\/"},{"@type":"ListItem","position":2,"name":"Zorgverleners","item":"https:\/\/www.hospichild.be\/nl\/zorgverleners\/"},{"@type":"ListItem","position":3,"name":"RFSPP"}]},{"@type":"WebSite","@id":"https:\/\/www.hospichild.be\/#website","url":"https:\/\/www.hospichild.be\/","name":"Hospichild","description":"Toute l&#039;information sur l&#039;hospitalisation d&#039;un enfant de moins de 16 ans \u00e0 Bruxelles","publisher":{"@id":"https:\/\/www.hospichild.be\/#organization"},"potentialAction":[{"@type":"SearchAction","target":{"@type":"EntryPoint","urlTemplate":"https:\/\/www.hospichild.be\/?s={search_term_string}"},"query-input":{"@type":"PropertyValueSpecification","valueRequired":true,"valueName":"search_term_string"}}],"inLanguage":"nl-NL"},{"@type":"Organization","@id":"https:\/\/www.hospichild.be\/#organization","name":"Hospichild","url":"https:\/\/www.hospichild.be\/","logo":{"@type":"ImageObject","inLanguage":"nl-NL","@id":"https:\/\/www.hospichild.be\/#\/schema\/logo\/image\/","url":"https:\/\/www.hospichild.be\/wp-content\/uploads\/2018\/12\/logo_simple.png","contentUrl":"https:\/\/www.hospichild.be\/wp-content\/uploads\/2018\/12\/logo_simple.png","width":570,"height":114,"caption":"Hospichild"},"image":{"@id":"https:\/\/www.hospichild.be\/#\/schema\/logo\/image\/"},"sameAs":["https:\/\/www.facebook.com\/Hospichild","https:\/\/x.com\/hospichild"]}]}},"publishpress_future_action":{"enabled":false,"date":"2026-04-26 06:51:23","action":"change-status","newStatus":"draft","terms":[],"taxonomy":"translation_priority","extraData":[]},"publishpress_future_workflow_manual_trigger":{"enabledWorkflows":[]},"_links":{"self":[{"href":"https:\/\/www.hospichild.be\/nl\/wp-json\/wp\/v2\/pages\/1478","targetHints":{"allow":["GET"]}}],"collection":[{"href":"https:\/\/www.hospichild.be\/nl\/wp-json\/wp\/v2\/pages"}],"about":[{"href":"https:\/\/www.hospichild.be\/nl\/wp-json\/wp\/v2\/types\/page"}],"author":[{"embeddable":true,"href":"https:\/\/www.hospichild.be\/nl\/wp-json\/wp\/v2\/users\/1"}],"replies":[{"embeddable":true,"href":"https:\/\/www.hospichild.be\/nl\/wp-json\/wp\/v2\/comments?post=1478"}],"version-history":[{"count":14,"href":"https:\/\/www.hospichild.be\/nl\/wp-json\/wp\/v2\/pages\/1478\/revisions"}],"predecessor-version":[{"id":17050,"href":"https:\/\/www.hospichild.be\/nl\/wp-json\/wp\/v2\/pages\/1478\/revisions\/17050"}],"up":[{"embeddable":true,"href":"https:\/\/www.hospichild.be\/nl\/wp-json\/wp\/v2\/pages\/1473"}],"wp:featuredmedia":[{"embeddable":true,"href":"https:\/\/www.hospichild.be\/nl\/wp-json\/wp\/v2\/media\/2341"}],"wp:attachment":[{"href":"https:\/\/www.hospichild.be\/nl\/wp-json\/wp\/v2\/media?parent=1478"}],"curies":[{"name":"wp","href":"https:\/\/api.w.org\/{rel}","templated":true}]}}