{"id":20789,"date":"2025-08-19T16:49:22","date_gmt":"2025-08-19T14:49:22","guid":{"rendered":"https:\/\/www.hospichild.be\/?page_id=20789"},"modified":"2025-08-22T15:22:11","modified_gmt":"2025-08-22T13:22:11","slug":"eetstoornissen-overgewicht-diabetes-et-obesitas","status":"publish","type":"page","link":"https:\/\/www.hospichild.be\/nl\/thuis\/zeldzame-en-chronische-ziekten\/eetstoornissen-overgewicht-diabetes-et-obesitas\/","title":{"rendered":"Eetstoornissen, overgewicht, diabetes en obesitas"},"content":{"rendered":"<p><strong>Op de website van het RIZIV staat dat de zorgtrajecten gebaseerd zijn op een multidisciplinaire aanpak en ge\u00efntegreerde zorg, waarbij elke pati\u00ebnt die zorg nodig heeft op het gebied van gezonde voeding en di\u00ebtetiek kan rekenen op een divers team van gespecialiseerde professionals (artsen, di\u00ebtisten, psychologen, enz.). Jonge pati\u00ebnten worden individueel behandeld en de zorg wordt in overleg met andere specialisten op hun specifieke situatie afgestemd.<\/strong><\/p>\n<p>Dit zijn de verschillende zorgtrajecten:<\/p>\n<ul>\n<li><a href=\"https:\/\/www.riziv.fgov.be\/nl\/thema-s\/verzorging-kosten-en-terugbetaling\/wat-het-ziekenfonds-terugbetaalt\/geestelijke-gezondheidszorg\/toegankelijke-zorg-voor-jongeren-tot-en-met-23-jaar-met-een-eetstoornis-dankzij-een-multidisciplinair-zorgtraject\">Jongeren tot en met 23 jaar met een eetstoornis<\/a><\/li>\n<\/ul>\n<p>Het zorgtraject eetstoornissen wordt terugbetaald voor pati\u00ebnten van 0 tot en met 23 jaar die niet in een ziekenhuis zijn opgenomen en bij wie een van de volgende eetstoornissen is vastgesteld:<\/p>\n<ul>\n<li>anorexia nervosa;<\/li>\n<li>binge eating disorder of eetbuistoornis;<\/li>\n<li>boulimia nervosa.<\/li>\n<\/ul>\n<p>Een ambulant team van zorgverleners werkt samen om de pati\u00ebnt te behandelen volgens een multidisciplinaire aanpak op basis van de context van de pati\u00ebnt en een samen opgesteld behandelplan.<\/p>\n<ul>\n<li><a href=\"https:\/\/www.riziv.fgov.be\/nl\/professionals\/verzorgingsinstellingen-en-diensten\/ziekenhuizen\/verzorging-in-ziekenhuizen\/pediatrische-eetstoornissen-terugbetaling-van-de-behandeling-door-een-multidisciplinair-team\">Pediatrische eetstoornissen bij kinderen tot en met 12 jaar die niet in staat zijn om via de mond te eten<\/a><\/li>\n<\/ul>\n<p>Deze overeenkomst is van toepassing op pati\u00ebnten van 0 tot en met 12 jaar die niet in een ziekenhuis zijn opgenomen, maar door een eetstoornis niet in staat zijn om via de mond te eten, en enteraal of parenteraal kunstmatige voeding toegediend krijgen of hebben gekregen.<\/p>\n<p>Een multidisciplinair team stelt een therapeutisch plan op om de eetstoornis te behandelen en volgt dit op. De pati\u00ebnten worden opgevolgd en behandeld door professionals met expertise in gastro-enterologie, kindervoeding of de behandeling van orale ontwikkelingsproblemen.<\/p>\n<ul>\n<li><a href=\"https:\/\/www.riziv.fgov.be\/nl\/professionals\/verzorgingsinstellingen-en-diensten\/gespecialiseerde-centra\/zorgtraject-obesitas-bij-kinderen-multidisciplinaire-zorg-voor-een-betere-behandeling-van-uw-jonge-patienten\">Obesitas bij kinderen en jongeren van 2 tot en met 17 jaar die in een gespecialiseerd centrum (PMOC) worden behandeld<\/a><\/li>\n<\/ul>\n<p>Dit zorgtraject beoogt kinderen van 2 tot en met 17 jaar die lijden aan obesitas en van wie de body mass index (BMI) een bepaalde drempelwaarde heeft bereikt. De drempelwaarde hangt samen met de leeftijd en het geslacht van het kind.<\/p>\n<p>Obesitas is een chronische en complexe aandoening met een grote impact op de levenskwaliteit. Het is een interactie van lichamelijke, sociale en psychologische factoren. Een multidisciplinaire en ambulante behandeling in een Pediatrisch Multidisciplinair Obesitascentrum (PMOC) is dus noodzakelijk. Die behandeling wordt terugbetaald door het RIZIV. Dit zorgtraject maakt deel uit van het tweede zorgniveau en is een aanvulling op de residenti\u00eble zorg die al beschikbaar is in de centra Zeepreventorium \u00a0en Clair Vallons\u00a0.<\/p>\n<ul>\n<li><a href=\"https:\/\/www.riziv.fgov.be\/nl\/thema-s\/verzorging-kosten-en-terugbetaling\/ziekten\/diabetes-terugbetaling-van-verschillende-begeleidingen\/opstarttraject-diabetes-type-2-wat-zijn-uw-voordelen-als-patient\">Diabetes type 2 in het beginstadium:<\/a><a href=\"https:\/\/www.riziv.fgov.be\/nl\/thema-s\/verzorging-kosten-en-terugbetaling\/ziekten\/diabetes-terugbetaling-van-verschillende-begeleidingen\/opstarttraject-diabetes-type-2-wat-zijn-uw-voordelen-als-patient\">opstarttraject<\/a><\/li>\n<\/ul>\n<p>Dit opstarttraject dient om betere ondersteuning te bieden aan pati\u00ebnten met diabetes type 2 in het beginstadium die nog geen zorgtraject in verband met die aandoening of diabeteszelfregulatieprogramma in een gespecialiseerd en geconventioneerd centrum volgen. Het traject is bedacht om de zorg beter te organiseren en toegankelijker te maken dankzij een uitgebreide vergoeding. De pati\u00ebnten hebben recht op een volledige terugbetaling van diabeteseducatie, di\u00ebtetiek, podologie (bij een verhoogd risico op voetproblemen) en een jaarlijks mondonderzoek.<\/p>\n<ul>\n<li><a href=\"https:\/\/www.riziv.fgov.be\/nl\/thema-s\/verzorging-kosten-en-terugbetaling\/ziekten\/diabetes-terugbetaling-van-verschillende-begeleidingen\/vergevorderde-diabetes-terugbetalingen-in-het-kader-van-een-zorgtraject-diabetes-type-2\">Vergevorderde diabetes type 2:<\/a><a href=\"https:\/\/www.riziv.fgov.be\/nl\/thema-s\/verzorging-kosten-en-terugbetaling\/ziekten\/diabetes-terugbetaling-van-verschillende-begeleidingen\/vergevorderde-diabetes-terugbetalingen-in-het-kader-van-een-zorgtraject-diabetes-type-2\">zorgtraject<\/a><\/li>\n<\/ul>\n<p>Dit zorgtraject helpt pati\u00ebnten met diabetes type 2 die chronische ziekte te behandelen en de evolutie ervan onder controle te houden dankzij gepersonaliseerde en terugbetaalde zorg. Het traject is gebaseerd op samenwerking tussen de jonge pati\u00ebnt, zijn huisarts en zijn in diabetes gespecialiseerde arts.<\/p>\n<p>Tijdens het hele traject worden de offici\u00eble tarieven voor raadplegingen bij de volgende artsen volledig terugbetaald:<\/p>\n<ul>\n<li>de huisarts van het kind (of andere huisartsen van dezelfde huisartsengroepering). Opgelet: bij huisbezoeken betalen pati\u00ebnten wel het remgeld.<\/li>\n<li>de specialist van de ziekte van het kind, zoals een endocrino-diabetoloog of een internist die in een gespecialiseerd centrum werkt.<\/li>\n<\/ul>\n<p>Supplementen gevraagd door niet-geconventioneerde artsen worden niet terugbetaald.<\/p>\n<p>Daarnaast worden ook diabeteseducatie-, di\u00ebtetiek- en podologiesessies, zelfzorgmateriaal en een jaarlijks mondonderzoek terugbetaald.<\/p>\n","protected":false},"excerpt":{"rendered":"<p>Op de website van het RIZIV staat dat de zorgtrajecten gebaseerd zijn op een multidisciplinaire aanpak en ge\u00efntegreerde zorg, waarbij elke pati\u00ebnt die zorg nodig heeft op het gebied van gezonde voeding en di\u00ebtetiek kan rekenen op een divers team van gespecialiseerde professionals (artsen, di\u00ebtisten, psychologen, enz.). Jonge pati\u00ebnten worden individueel behandeld en de zorg&hellip;<\/p>\n<p><a class=\"more-link\" href=\"https:\/\/www.hospichild.be\/nl\/thuis\/zeldzame-en-chronische-ziekten\/eetstoornissen-overgewicht-diabetes-et-obesitas\/\" title=\"Continue reading &lsquo;Eetstoornissen, overgewicht, diabetes en obesitas&rsquo;\">Meer lezen over <span class=\"meta-nav\">\u2192<\/span><\/a><\/p>\n","protected":false},"author":5,"featured_media":0,"parent":1437,"menu_order":0,"comment_status":"closed","ping_status":"closed","template":"","meta":{"_acf_changed":false,"footnotes":""},"class_list":["post-20789","page","type-page","status-publish","hentry"],"acf":[],"yoast_head":"<!-- This site is optimized with the Yoast SEO plugin v27.3 - https:\/\/yoast.com\/product\/yoast-seo-wordpress\/ -->\n<title>Eetstoornissen, overgewicht, diabetes en obesitas - Hospichild<\/title>\n<meta name=\"description\" content=\"Jonge pati\u00ebnten worden individueel behandeld en de zorg wordt in overleg met andere specialisten op hun specifieke situatie afgestemd.\" \/>\n<meta name=\"robots\" content=\"index, follow, max-snippet:-1, max-image-preview:large, max-video-preview:-1\" \/>\n<link rel=\"canonical\" href=\"https:\/\/www.hospichild.be\/nl\/thuis\/zeldzame-en-chronische-ziekten\/eetstoornissen-overgewicht-diabetes-et-obesitas\/\" \/>\n<meta property=\"og:locale\" content=\"nl_NL\" \/>\n<meta property=\"og:type\" content=\"article\" \/>\n<meta property=\"og:title\" content=\"Eetstoornissen, overgewicht, diabetes en obesitas - Hospichild\" \/>\n<meta property=\"og:description\" content=\"Jonge pati\u00ebnten worden individueel behandeld en de zorg wordt in overleg met andere specialisten op hun specifieke situatie afgestemd.\" \/>\n<meta property=\"og:url\" content=\"https:\/\/www.hospichild.be\/nl\/thuis\/zeldzame-en-chronische-ziekten\/eetstoornissen-overgewicht-diabetes-et-obesitas\/\" \/>\n<meta property=\"og:site_name\" content=\"Hospichild\" \/>\n<meta property=\"article:publisher\" content=\"https:\/\/www.facebook.com\/Hospichild\" \/>\n<meta property=\"article:modified_time\" content=\"2025-08-22T13:22:11+00:00\" \/>\n<meta name=\"twitter:card\" content=\"summary_large_image\" \/>\n<meta name=\"twitter:site\" content=\"@hospichild\" \/>\n<meta name=\"twitter:label1\" content=\"Geschatte leestijd\" \/>\n\t<meta name=\"twitter:data1\" content=\"4 minuten\" \/>\n<script type=\"application\/ld+json\" class=\"yoast-schema-graph\">{\"@context\":\"https:\\\/\\\/schema.org\",\"@graph\":[{\"@type\":\"WebPage\",\"@id\":\"https:\\\/\\\/www.hospichild.be\\\/nl\\\/thuis\\\/zeldzame-en-chronische-ziekten\\\/eetstoornissen-overgewicht-diabetes-et-obesitas\\\/\",\"url\":\"https:\\\/\\\/www.hospichild.be\\\/nl\\\/thuis\\\/zeldzame-en-chronische-ziekten\\\/eetstoornissen-overgewicht-diabetes-et-obesitas\\\/\",\"name\":\"Eetstoornissen, overgewicht, diabetes en obesitas - Hospichild\",\"isPartOf\":{\"@id\":\"https:\\\/\\\/www.hospichild.be\\\/#website\"},\"datePublished\":\"2025-08-19T14:49:22+00:00\",\"dateModified\":\"2025-08-22T13:22:11+00:00\",\"description\":\"Jonge pati\u00ebnten worden individueel behandeld en de zorg wordt in overleg met andere specialisten op hun specifieke situatie afgestemd.\",\"breadcrumb\":{\"@id\":\"https:\\\/\\\/www.hospichild.be\\\/nl\\\/thuis\\\/zeldzame-en-chronische-ziekten\\\/eetstoornissen-overgewicht-diabetes-et-obesitas\\\/#breadcrumb\"},\"inLanguage\":\"nl-NL\",\"potentialAction\":[{\"@type\":\"ReadAction\",\"target\":[\"https:\\\/\\\/www.hospichild.be\\\/nl\\\/thuis\\\/zeldzame-en-chronische-ziekten\\\/eetstoornissen-overgewicht-diabetes-et-obesitas\\\/\"]}]},{\"@type\":\"BreadcrumbList\",\"@id\":\"https:\\\/\\\/www.hospichild.be\\\/nl\\\/thuis\\\/zeldzame-en-chronische-ziekten\\\/eetstoornissen-overgewicht-diabetes-et-obesitas\\\/#breadcrumb\",\"itemListElement\":[{\"@type\":\"ListItem\",\"position\":1,\"name\":\"Accueil\",\"item\":\"https:\\\/\\\/www.hospichild.be\\\/nl\\\/\"},{\"@type\":\"ListItem\",\"position\":2,\"name\":\"Thuis\",\"item\":\"https:\\\/\\\/www.hospichild.be\\\/nl\\\/thuis\\\/\"},{\"@type\":\"ListItem\",\"position\":3,\"name\":\"Zeldzame en chronische ziekten\",\"item\":\"https:\\\/\\\/www.hospichild.be\\\/nl\\\/thuis\\\/zeldzame-en-chronische-ziekten\\\/\"},{\"@type\":\"ListItem\",\"position\":4,\"name\":\"Eetstoornissen, overgewicht, diabetes en obesitas\"}]},{\"@type\":\"WebSite\",\"@id\":\"https:\\\/\\\/www.hospichild.be\\\/#website\",\"url\":\"https:\\\/\\\/www.hospichild.be\\\/\",\"name\":\"Hospichild\",\"description\":\"Toute l&#039;information sur l&#039;hospitalisation d&#039;un enfant de moins de 16 ans \u00e0 Bruxelles\",\"publisher\":{\"@id\":\"https:\\\/\\\/www.hospichild.be\\\/#organization\"},\"potentialAction\":[{\"@type\":\"SearchAction\",\"target\":{\"@type\":\"EntryPoint\",\"urlTemplate\":\"https:\\\/\\\/www.hospichild.be\\\/?s={search_term_string}\"},\"query-input\":{\"@type\":\"PropertyValueSpecification\",\"valueRequired\":true,\"valueName\":\"search_term_string\"}}],\"inLanguage\":\"nl-NL\"},{\"@type\":\"Organization\",\"@id\":\"https:\\\/\\\/www.hospichild.be\\\/#organization\",\"name\":\"Hospichild\",\"url\":\"https:\\\/\\\/www.hospichild.be\\\/\",\"logo\":{\"@type\":\"ImageObject\",\"inLanguage\":\"nl-NL\",\"@id\":\"https:\\\/\\\/www.hospichild.be\\\/#\\\/schema\\\/logo\\\/image\\\/\",\"url\":\"https:\\\/\\\/www.hospichild.be\\\/wp-content\\\/uploads\\\/2018\\\/12\\\/logo_simple.png\",\"contentUrl\":\"https:\\\/\\\/www.hospichild.be\\\/wp-content\\\/uploads\\\/2018\\\/12\\\/logo_simple.png\",\"width\":570,\"height\":114,\"caption\":\"Hospichild\"},\"image\":{\"@id\":\"https:\\\/\\\/www.hospichild.be\\\/#\\\/schema\\\/logo\\\/image\\\/\"},\"sameAs\":[\"https:\\\/\\\/www.facebook.com\\\/Hospichild\",\"https:\\\/\\\/x.com\\\/hospichild\"]}]}<\/script>\n<!-- \/ Yoast SEO plugin. -->","yoast_head_json":{"title":"Eetstoornissen, overgewicht, diabetes en obesitas - Hospichild","description":"Jonge pati\u00ebnten worden individueel behandeld en de zorg wordt in overleg met andere specialisten op hun specifieke situatie afgestemd.","robots":{"index":"index","follow":"follow","max-snippet":"max-snippet:-1","max-image-preview":"max-image-preview:large","max-video-preview":"max-video-preview:-1"},"canonical":"https:\/\/www.hospichild.be\/nl\/thuis\/zeldzame-en-chronische-ziekten\/eetstoornissen-overgewicht-diabetes-et-obesitas\/","og_locale":"nl_NL","og_type":"article","og_title":"Eetstoornissen, overgewicht, diabetes en obesitas - Hospichild","og_description":"Jonge pati\u00ebnten worden individueel behandeld en de zorg wordt in overleg met andere specialisten op hun specifieke situatie afgestemd.","og_url":"https:\/\/www.hospichild.be\/nl\/thuis\/zeldzame-en-chronische-ziekten\/eetstoornissen-overgewicht-diabetes-et-obesitas\/","og_site_name":"Hospichild","article_publisher":"https:\/\/www.facebook.com\/Hospichild","article_modified_time":"2025-08-22T13:22:11+00:00","twitter_card":"summary_large_image","twitter_site":"@hospichild","twitter_misc":{"Geschatte leestijd":"4 minuten"},"schema":{"@context":"https:\/\/schema.org","@graph":[{"@type":"WebPage","@id":"https:\/\/www.hospichild.be\/nl\/thuis\/zeldzame-en-chronische-ziekten\/eetstoornissen-overgewicht-diabetes-et-obesitas\/","url":"https:\/\/www.hospichild.be\/nl\/thuis\/zeldzame-en-chronische-ziekten\/eetstoornissen-overgewicht-diabetes-et-obesitas\/","name":"Eetstoornissen, overgewicht, diabetes en obesitas - Hospichild","isPartOf":{"@id":"https:\/\/www.hospichild.be\/#website"},"datePublished":"2025-08-19T14:49:22+00:00","dateModified":"2025-08-22T13:22:11+00:00","description":"Jonge pati\u00ebnten worden individueel behandeld en de zorg wordt in overleg met andere specialisten op hun specifieke situatie afgestemd.","breadcrumb":{"@id":"https:\/\/www.hospichild.be\/nl\/thuis\/zeldzame-en-chronische-ziekten\/eetstoornissen-overgewicht-diabetes-et-obesitas\/#breadcrumb"},"inLanguage":"nl-NL","potentialAction":[{"@type":"ReadAction","target":["https:\/\/www.hospichild.be\/nl\/thuis\/zeldzame-en-chronische-ziekten\/eetstoornissen-overgewicht-diabetes-et-obesitas\/"]}]},{"@type":"BreadcrumbList","@id":"https:\/\/www.hospichild.be\/nl\/thuis\/zeldzame-en-chronische-ziekten\/eetstoornissen-overgewicht-diabetes-et-obesitas\/#breadcrumb","itemListElement":[{"@type":"ListItem","position":1,"name":"Accueil","item":"https:\/\/www.hospichild.be\/nl\/"},{"@type":"ListItem","position":2,"name":"Thuis","item":"https:\/\/www.hospichild.be\/nl\/thuis\/"},{"@type":"ListItem","position":3,"name":"Zeldzame en chronische ziekten","item":"https:\/\/www.hospichild.be\/nl\/thuis\/zeldzame-en-chronische-ziekten\/"},{"@type":"ListItem","position":4,"name":"Eetstoornissen, overgewicht, diabetes en obesitas"}]},{"@type":"WebSite","@id":"https:\/\/www.hospichild.be\/#website","url":"https:\/\/www.hospichild.be\/","name":"Hospichild","description":"Toute l&#039;information sur l&#039;hospitalisation d&#039;un enfant de moins de 16 ans \u00e0 Bruxelles","publisher":{"@id":"https:\/\/www.hospichild.be\/#organization"},"potentialAction":[{"@type":"SearchAction","target":{"@type":"EntryPoint","urlTemplate":"https:\/\/www.hospichild.be\/?s={search_term_string}"},"query-input":{"@type":"PropertyValueSpecification","valueRequired":true,"valueName":"search_term_string"}}],"inLanguage":"nl-NL"},{"@type":"Organization","@id":"https:\/\/www.hospichild.be\/#organization","name":"Hospichild","url":"https:\/\/www.hospichild.be\/","logo":{"@type":"ImageObject","inLanguage":"nl-NL","@id":"https:\/\/www.hospichild.be\/#\/schema\/logo\/image\/","url":"https:\/\/www.hospichild.be\/wp-content\/uploads\/2018\/12\/logo_simple.png","contentUrl":"https:\/\/www.hospichild.be\/wp-content\/uploads\/2018\/12\/logo_simple.png","width":570,"height":114,"caption":"Hospichild"},"image":{"@id":"https:\/\/www.hospichild.be\/#\/schema\/logo\/image\/"},"sameAs":["https:\/\/www.facebook.com\/Hospichild","https:\/\/x.com\/hospichild"]}]}},"publishpress_future_action":{"enabled":false,"date":"2026-04-17 08:18:39","action":"change-status","newStatus":"draft","terms":[],"taxonomy":"translation_priority","extraData":[]},"publishpress_future_workflow_manual_trigger":{"enabledWorkflows":[]},"_links":{"self":[{"href":"https:\/\/www.hospichild.be\/nl\/wp-json\/wp\/v2\/pages\/20789","targetHints":{"allow":["GET"]}}],"collection":[{"href":"https:\/\/www.hospichild.be\/nl\/wp-json\/wp\/v2\/pages"}],"about":[{"href":"https:\/\/www.hospichild.be\/nl\/wp-json\/wp\/v2\/types\/page"}],"author":[{"embeddable":true,"href":"https:\/\/www.hospichild.be\/nl\/wp-json\/wp\/v2\/users\/5"}],"replies":[{"embeddable":true,"href":"https:\/\/www.hospichild.be\/nl\/wp-json\/wp\/v2\/comments?post=20789"}],"version-history":[{"count":4,"href":"https:\/\/www.hospichild.be\/nl\/wp-json\/wp\/v2\/pages\/20789\/revisions"}],"predecessor-version":[{"id":20815,"href":"https:\/\/www.hospichild.be\/nl\/wp-json\/wp\/v2\/pages\/20789\/revisions\/20815"}],"up":[{"embeddable":true,"href":"https:\/\/www.hospichild.be\/nl\/wp-json\/wp\/v2\/pages\/1437"}],"wp:attachment":[{"href":"https:\/\/www.hospichild.be\/nl\/wp-json\/wp\/v2\/media?parent=20789"}],"curies":[{"name":"wp","href":"https:\/\/api.w.org\/{rel}","templated":true}]}}