{"id":2264,"date":"2018-06-18T16:01:37","date_gmt":"2018-06-18T14:01:37","guid":{"rendered":"http:\/\/www.hospichild.be\/?page_id=2264"},"modified":"2024-08-06T14:18:40","modified_gmt":"2024-08-06T12:18:40","slug":"wetgeving-en-formaliteiten","status":"publish","type":"page","link":"https:\/\/www.hospichild.be\/nl\/thuis\/overlijden-van-een-kind\/wetgeving-en-formaliteiten\/","title":{"rendered":"Wetgeving en formaliteiten over de dood van een kind"},"content":{"rendered":"<p><strong>De wet die van kracht is bij het overlijden van een kind werd bijgewerkt op 31 maart 2019.<\/strong> <strong>Meer bepaald werden de artikelen 58 en 59 van<\/strong><a href=\"https:\/\/justice.belgium.be\/fr\/nouvelles\/communiques_de_presse\/extension_de_la_periode_transitoire_pour_la_reconnaissance_denfants\"><strong> art.<\/strong><\/a> <a href=\"https:\/\/justitie.belgium.be\/nl\/nieuws\/persberichten\/overgangstermijn_voor_erkenning_levenloze_kinderen_verlengd\" target=\"_blank\" rel=\"noopener\"><strong>4 van het Burgerlijk Wetboek<\/strong><\/a><strong> betreffende de akte van het levenloze kind.<\/strong> <strong>In maart 2019 werden daarom wijzigingen doorgevoerd; in het bijzonder het feit dat ouders nu de keuze hebben om hun levenloze kind te registreren na een zwangerschap van 140 dagen tot 179 dagen.<\/strong> <strong>Na 180 dagen is registratie verplicht.<\/strong><\/p>\n<p>Artikel 80bis voorziet in het opstellen van een verklaring van een doodgeboren kind door de ambtenaar van de burgerlijke stand wanneer een kind (van meer dan 140 dagen zwangerschap) dood is op het moment dat de geboorte wordt aangegeven door de ambtenaar van de burgerlijke stand of door de arts of bevoegde verloskundige.<\/p>\n<p>Sinds 1999 voorziet dit artikel ook in de mogelijkheid om in de geboorteakte de voorna(a)m(en) te vermelden die voor het doodgeboren kind (van meer dan 180 dagen zwangerschap) werd(en) gekozen, om de ouders te helpen in hun rouwproces. Sinds 2019 is het ook mogelijk om een voornaam te geven aan een doodgeboren kind vanaf 140 dagen zwangerschap. Deze keuze blijft optioneel en is geheel aan de ouders, volgens hun wensen.<\/p>\n<p>Als het kind levend wordt geboren, maar overlijdt voordat de geboorte wordt aangegeven, moet er een geboorteakte en een overlijdensakte worden opgesteld, in plaats van een aangifte van doodgeboorte.<\/p>\n<div class=\"encart-gris\">\n<ul>\n<li><a href=\"#aangifte\">Aangifte van een doodgeboren kind<\/a><\/li>\n<li><a href=\"#geboort\">Geboorteaangifte van een levend geboren kind<\/a><\/li>\n<li><a href=\"#modellen\">Modellen van overlijdensakten<\/a><\/li>\n<li><a href=\"#fomaliteiten\">Formaliteiten tegenover de besturen<\/a><\/li>\n<li><a href=\"#begrafenis\">Begrafenis en humanisering van de rouw<\/a><\/li>\n<li><a href=\"#dewet\">De wetgever paste de wet aan om de ouders te begeleiden in hun rouwproces<\/a><\/li>\n<li><a href=\"#bestemming\">Bestemming van de as<\/a><\/li>\n<li><a href=\"#overschot\">Repatri\u00ebring van het stoffelijk overschot<\/a><\/li>\n<li><a href=\"#adressen\">Nuttige adressen<\/a><\/li>\n<\/ul>\n<\/div>\n<h3><\/h3>\n<h3><a id=\"aangifte\"><\/a>Aangifte van een doodgeboren kind<\/h3>\n<p>De geboorteakte van een doodgeboren kind moet omvatten:<\/p>\n<ul>\n<li>De dag, het uur en de plaats van de bevalling en het geslacht van het kind<\/li>\n<li>Het jaar, de dag, de geboorteplaats, de naam, de voornamen en de woonplaats van de vader en de moeder<\/li>\n<li>De naam, de voornamen en de woonplaats van de aangever<\/li>\n<li>De voornamen van het kind, indien de ouders om deze vermelding vragen<\/li>\n<\/ul>\n<p>Doodgeboren kinderen voor de wettelijke grens voor levensvatbaarheid van 180 dagen worden niet opgenomen in de registers van de burgerlijke stand en krijgen geen voornaam.<\/p>\n<h3><a id=\"geboort\"><\/a>Geboorteaangifte van een levend geboren kind<\/h3>\n<p>Het statistisch formulier voor de aangifte van een geboorte van een levend kind (model I) moet ingevuld worden bij elk levend geboren kind, ongeacht het geboortegewicht of de duur van de zwangerschap. In het Brussels Gewest wordt een deel van deze gegevens langs elektronische weg ingezameld via het<span style=\"font-size: 1rem;\">\u00a0<\/span><a style=\"font-size: 1rem; color: #ea580d; outline-style: initial; outline-width: 0px;\" href=\"https:\/\/www.ehealth.fgov.be\/nl\/beroepsbeoefenaars-in-de-gezondheidszorg\/diensten\/ebirth\" target=\"_blank\" rel=\"noopener noreferrer\">ebirth<\/a><span style=\"font-size: 1rem;\">-systeem.\u00a0<\/span><\/p>\n<h3><a id=\"modellen\"><\/a>Modellen van overlijdensakten<\/h3>\n<ul>\n<li>Statistisch formulier voor de aangifte van het overlijden van een kind jonger dan een jaar of van een doodgeboorte. Dit formulier moet ingevuld worden voor elk kind dat overleden is van minder dan een jaar of van een doodgeboren kind met een geboortegewicht vanaf 500 gram, of waarvan de zwangerschapsduur tenminste 22 weken bedraagt, of met een lichaamslengte (van de vortex tot de hiel) van tenminste 25 cm (richtlijnen van de Wereldgezondheidsorganisatie)<\/li>\n<li>Statistisch formulier voor de aangifte van het overlijden van een persoon van een jaar of ouder (Model III C)<\/li>\n<\/ul>\n<p>\u2192\u00a0Meer informatie over <a href=\"http:\/\/www.ccc-ggc.brussels\/nl\/observatbru\/accueil\" target=\"_blank\" rel=\"noopener noreferrer\"><strong>de modellen van overlijdensakten<\/strong><\/a> op de website van het Observatorium voor Gezondheid en Welzijn van Brussel-Hoofdstad.<\/p>\n<h3><a id=\"formaliteiten\"><\/a>Formaliteiten tegenover de besturen<\/h3>\n<p>Globaal gezien moeten alle organismen die een dienst verleenden, een tegemoetkoming uitkeerden of een voordeel toekenden ge\u00efnformeerd worden: aanvullende kinderbijslag, sociale dienst van een OCMW, thuiszorg enz.<\/p>\n<p>Het ziekenfonds zal, zodra het op de hoogte gebracht is van het overlijden en naargelang de verzekering van de begunstigde, een uitkering bij overlijden en\/of een tussenkomst in de uitvaartkosten storten.<\/p>\n<h3><a id=\"begrafenis\"><\/a>Begrafenis en humanisering van de rouw<\/h3>\n<p>De gemeenten verstrekken informatie over de te volgen stappen via hun website of telefonisch (dienst Overlijdens van het gemeentebestuur).<\/p>\n<p>De maatschappelijk werkers van het ziekenhuis waar uw kind verzorgd werd, kunnen u begeleiden bij dit moeilijke moment. Zij zijn op de hoogte van de verschillende ceremonie\u00ebn, zodat u een keuze kunt maken voor uw kind. Aarzel niet om op hen een beroep te doen. Ook de sociale dienst van uw ziekenfonds kan u bijstaan.<\/p>\n<p>In heel Belgi\u00eb worden kinderen die de wettelijke grens voor levensvatbaarheid bereikten juridisch beschouwd als doodgeboren en worden ze dus begraven of gecremeerd zoals elke overledene.<\/p>\n<p>De <strong>begrafenisreglementering<\/strong> is een <strong>Gewestelijke bevoegdheid<\/strong> voor doodgeboren kinderen voor de wettelijke levensvatbaarheidsgrens van 180 dagen..<\/p>\n<h3><a id=\"dewet\"><\/a>De wetgever paste de wet aan om de ouders te begeleiden in hun rouwproces<\/h3>\n<p><strong>In het Vlaams Gewest<\/strong> stelt artikel 15, \u00a72 van het decreet van 16 januari 2004, gewijzigd door het Vlaams decreet van juni 2014 betreffende begrafenissen en grafplaatsen, dat ouders van een doodgeboren kind voor de wettelijke levensvatbaarheidsgrens van 180 dagen, een begrafenis of crematie kunnen aanvragen, ongeacht de zwangerschapsduur.<\/p>\n<p><strong>In het Brussels Hoofdstedelijk Gewest<\/strong> maakt een verordening van 13 december 2007 een waardige behandeling mogelijk van de stoffelijke resten van de doodgeboren foetus. Deze tekst verplicht de gemeenten om op hun kerkhof een \u2018sterrenperceel\u2019 te voorzien voor doodgeboren kinderen, geboren tussen de 106de en 180ste dag van de zwangerschap, waar ze kunnen begraven of gecremeerd worden. Het Crematorium van Brussel kan alle activiteiten gratis aanbieden in het Brusselse crematorium: ceremonie, crematie, uitstrooien van de as in de \u2018Jardin des quatre vents\u2019, plaatsen van een herdenkingsplaat op het daarvoor voorziene herdenkingspaneel.<\/p>\n<p><strong>In Walloni\u00eb<\/strong> wijzigt een decreet van 6 maart 2009 hoofdstuk II van Titel III van Boek II van het eerste gedeelte van de \u2018Code de la d\u00e9mocratie locale et de la d\u00e9centralisation relatif aux fun\u00e9railles et s\u00e9pulture\u2019. Het verplicht de gemeentelijke of intercommunale kerkhoven en crematoriumdiensten om een \u2018sterrenperceel\u2019 te voorzien voor doodgeboren kinderen, geboren tussen de 106de en 180ste dag van de zwangerschap.<\/p>\n<h3><a id=\"bestemming\"><\/a>Bestemming van de as<\/h3>\n<p>De as kan uitgestrooid of begraven worden volgens de wettelijke regelingen, of in een columbarium geplaatst volgens de Gewestelijke wettelijke regelingen (zie boven), maar ze kan ook uitgestrooid worden op zee, overgebracht naar een ander land, meegenomen door de familie.<\/p>\n<p>\u2192 Meer info op de website van <strong>www.cremabru.be <\/strong><\/p>\n<h3><a id=\"overschot\"><\/a>Repatri\u00ebring van het stoffelijk overschot<\/h3>\n<p>Bij de repatri\u00ebring van het stoffelijk overschot van een kind naar zijn land van geboorte of de plaats waar de ouders het willen begraven, gelden een aantal verplichte formaliteiten:<\/p>\n<ul>\n<li>Overlijdensverklaring<\/li>\n<li>Overlijdensakte<\/li>\n<li>Medisch certificaat<\/li>\n<li>Toelating voor begrafenis<\/li>\n<li>PV van het kisten<\/li>\n<li>Certificaat van thanatopraxie of balseming<\/li>\n<\/ul>\n<p>De kostprijs van deze administratieve formaliteiten verschilt naargelang het land van bestemming. De aangestelden voor de voorbereiding en het afleggen van de overledene houden rekening met de religieuze voorschriften. De regels voor thanatopraxie en balsemen verschillen tussen landen onderling.<\/p>\n<h3><a id=\"adressen\"><\/a>Nuttige adressen<\/h3>\n<ul>\n<li>Vereniging voor Begrafenissen en Cramaties (VBC)<br \/>\n02\/502 14 24<br \/>\nwww.aic-vbc.be<\/li>\n<li>Medimmigrant<br \/>\n02\/274 14 33\/34<br \/>\nwww.medimmigrant.be<\/li>\n<\/ul>\n","protected":false},"excerpt":{"rendered":"<p>De wet die van kracht is bij het overlijden van een kind werd bijgewerkt op 31 maart 2019. Meer bepaald werden de artikelen 58 en 59 van art. 4 van het Burgerlijk Wetboek betreffende de akte van het levenloze kind. In maart 2019 werden daarom wijzigingen doorgevoerd; in het bijzonder het feit dat ouders nu&hellip;<\/p>\n<p><a class=\"more-link\" href=\"https:\/\/www.hospichild.be\/nl\/thuis\/overlijden-van-een-kind\/wetgeving-en-formaliteiten\/\" title=\"Continue reading &lsquo;Wetgeving en formaliteiten over de dood van een kind&rsquo;\">Meer lezen over <span class=\"meta-nav\">\u2192<\/span><\/a><\/p>\n","protected":false},"author":2,"featured_media":3800,"parent":1441,"menu_order":0,"comment_status":"closed","ping_status":"closed","template":"","meta":{"_acf_changed":false,"footnotes":""},"class_list":["post-2264","page","type-page","status-publish","has-post-thumbnail","hentry"],"acf":[],"yoast_head":"<!-- This site is optimized with the Yoast SEO plugin v27.3 - https:\/\/yoast.com\/product\/yoast-seo-wordpress\/ -->\n<title>Wetgeving en formaliteiten over de dood van een kind - Hospichild<\/title>\n<meta name=\"description\" content=\"Vous trouverez dans ce dossier, la l\u00e9gislation relative au d\u00e9c\u00e8s d&#039;un enfant, les formalit\u00e9s vis-\u00e0-vis des administrations, comment le l\u00e9gislateur a adapt\u00e9 les lois pour accompagner le deuil des parents, en R\u00e9gion bruxelloise, en Wallonie et \u00e0 Bruxelles.\" \/>\n<meta name=\"robots\" content=\"index, follow, max-snippet:-1, max-image-preview:large, max-video-preview:-1\" \/>\n<link rel=\"canonical\" href=\"https:\/\/www.hospichild.be\/nl\/thuis\/overlijden-van-een-kind\/wetgeving-en-formaliteiten\/\" \/>\n<meta property=\"og:locale\" content=\"nl_NL\" \/>\n<meta property=\"og:type\" content=\"article\" \/>\n<meta property=\"og:title\" content=\"Wetgeving en formaliteiten over de dood van een kind - Hospichild\" \/>\n<meta property=\"og:description\" content=\"Vous trouverez dans ce dossier, la l\u00e9gislation relative au d\u00e9c\u00e8s d&#039;un enfant, les formalit\u00e9s vis-\u00e0-vis des administrations, comment le l\u00e9gislateur a adapt\u00e9 les lois pour accompagner le deuil des parents, en R\u00e9gion bruxelloise, en Wallonie et \u00e0 Bruxelles.\" \/>\n<meta property=\"og:url\" content=\"https:\/\/www.hospichild.be\/nl\/thuis\/overlijden-van-een-kind\/wetgeving-en-formaliteiten\/\" \/>\n<meta property=\"og:site_name\" content=\"Hospichild\" \/>\n<meta property=\"article:publisher\" content=\"https:\/\/www.facebook.com\/Hospichild\" \/>\n<meta property=\"article:modified_time\" content=\"2024-08-06T12:18:40+00:00\" \/>\n<meta property=\"og:image\" content=\"https:\/\/www.hospichild.be\/wp-content\/uploads\/2018\/08\/illu_droits_enfant.jpg\" \/>\n\t<meta property=\"og:image:width\" content=\"314\" \/>\n\t<meta property=\"og:image:height\" content=\"442\" \/>\n\t<meta property=\"og:image:type\" content=\"image\/jpeg\" \/>\n<meta name=\"twitter:card\" content=\"summary_large_image\" \/>\n<meta name=\"twitter:site\" content=\"@hospichild\" \/>\n<meta name=\"twitter:label1\" content=\"Geschatte leestijd\" \/>\n\t<meta name=\"twitter:data1\" content=\"6 minuten\" \/>\n<script type=\"application\/ld+json\" class=\"yoast-schema-graph\">{\"@context\":\"https:\\\/\\\/schema.org\",\"@graph\":[{\"@type\":\"WebPage\",\"@id\":\"https:\\\/\\\/www.hospichild.be\\\/nl\\\/thuis\\\/overlijden-van-een-kind\\\/wetgeving-en-formaliteiten\\\/\",\"url\":\"https:\\\/\\\/www.hospichild.be\\\/nl\\\/thuis\\\/overlijden-van-een-kind\\\/wetgeving-en-formaliteiten\\\/\",\"name\":\"Wetgeving en formaliteiten over de dood van een kind - Hospichild\",\"isPartOf\":{\"@id\":\"https:\\\/\\\/www.hospichild.be\\\/#website\"},\"primaryImageOfPage\":{\"@id\":\"https:\\\/\\\/www.hospichild.be\\\/nl\\\/thuis\\\/overlijden-van-een-kind\\\/wetgeving-en-formaliteiten\\\/#primaryimage\"},\"image\":{\"@id\":\"https:\\\/\\\/www.hospichild.be\\\/nl\\\/thuis\\\/overlijden-van-een-kind\\\/wetgeving-en-formaliteiten\\\/#primaryimage\"},\"thumbnailUrl\":\"https:\\\/\\\/www.hospichild.be\\\/wp-content\\\/uploads\\\/2018\\\/08\\\/illu_droits_enfant.jpg\",\"datePublished\":\"2018-06-18T14:01:37+00:00\",\"dateModified\":\"2024-08-06T12:18:40+00:00\",\"description\":\"Vous trouverez dans ce dossier, la l\u00e9gislation relative au d\u00e9c\u00e8s d'un enfant, les formalit\u00e9s vis-\u00e0-vis des administrations, comment le l\u00e9gislateur a adapt\u00e9 les lois pour accompagner le deuil des parents, en R\u00e9gion bruxelloise, en Wallonie et \u00e0 Bruxelles.\",\"breadcrumb\":{\"@id\":\"https:\\\/\\\/www.hospichild.be\\\/nl\\\/thuis\\\/overlijden-van-een-kind\\\/wetgeving-en-formaliteiten\\\/#breadcrumb\"},\"inLanguage\":\"nl-NL\",\"potentialAction\":[{\"@type\":\"ReadAction\",\"target\":[\"https:\\\/\\\/www.hospichild.be\\\/nl\\\/thuis\\\/overlijden-van-een-kind\\\/wetgeving-en-formaliteiten\\\/\"]}]},{\"@type\":\"ImageObject\",\"inLanguage\":\"nl-NL\",\"@id\":\"https:\\\/\\\/www.hospichild.be\\\/nl\\\/thuis\\\/overlijden-van-een-kind\\\/wetgeving-en-formaliteiten\\\/#primaryimage\",\"url\":\"https:\\\/\\\/www.hospichild.be\\\/wp-content\\\/uploads\\\/2018\\\/08\\\/illu_droits_enfant.jpg\",\"contentUrl\":\"https:\\\/\\\/www.hospichild.be\\\/wp-content\\\/uploads\\\/2018\\\/08\\\/illu_droits_enfant.jpg\",\"width\":314,\"height\":442},{\"@type\":\"BreadcrumbList\",\"@id\":\"https:\\\/\\\/www.hospichild.be\\\/nl\\\/thuis\\\/overlijden-van-een-kind\\\/wetgeving-en-formaliteiten\\\/#breadcrumb\",\"itemListElement\":[{\"@type\":\"ListItem\",\"position\":1,\"name\":\"Accueil\",\"item\":\"https:\\\/\\\/www.hospichild.be\\\/nl\\\/\"},{\"@type\":\"ListItem\",\"position\":2,\"name\":\"Thuis\",\"item\":\"https:\\\/\\\/www.hospichild.be\\\/nl\\\/thuis\\\/\"},{\"@type\":\"ListItem\",\"position\":3,\"name\":\"Overlijden\",\"item\":\"https:\\\/\\\/www.hospichild.be\\\/nl\\\/thuis\\\/overlijden-van-een-kind\\\/\"},{\"@type\":\"ListItem\",\"position\":4,\"name\":\"Wetgeving en formaliteiten over de dood van een kind\"}]},{\"@type\":\"WebSite\",\"@id\":\"https:\\\/\\\/www.hospichild.be\\\/#website\",\"url\":\"https:\\\/\\\/www.hospichild.be\\\/\",\"name\":\"Hospichild\",\"description\":\"Toute l&#039;information sur l&#039;hospitalisation d&#039;un enfant de moins de 16 ans \u00e0 Bruxelles\",\"publisher\":{\"@id\":\"https:\\\/\\\/www.hospichild.be\\\/#organization\"},\"potentialAction\":[{\"@type\":\"SearchAction\",\"target\":{\"@type\":\"EntryPoint\",\"urlTemplate\":\"https:\\\/\\\/www.hospichild.be\\\/?s={search_term_string}\"},\"query-input\":{\"@type\":\"PropertyValueSpecification\",\"valueRequired\":true,\"valueName\":\"search_term_string\"}}],\"inLanguage\":\"nl-NL\"},{\"@type\":\"Organization\",\"@id\":\"https:\\\/\\\/www.hospichild.be\\\/#organization\",\"name\":\"Hospichild\",\"url\":\"https:\\\/\\\/www.hospichild.be\\\/\",\"logo\":{\"@type\":\"ImageObject\",\"inLanguage\":\"nl-NL\",\"@id\":\"https:\\\/\\\/www.hospichild.be\\\/#\\\/schema\\\/logo\\\/image\\\/\",\"url\":\"https:\\\/\\\/www.hospichild.be\\\/wp-content\\\/uploads\\\/2018\\\/12\\\/logo_simple.png\",\"contentUrl\":\"https:\\\/\\\/www.hospichild.be\\\/wp-content\\\/uploads\\\/2018\\\/12\\\/logo_simple.png\",\"width\":570,\"height\":114,\"caption\":\"Hospichild\"},\"image\":{\"@id\":\"https:\\\/\\\/www.hospichild.be\\\/#\\\/schema\\\/logo\\\/image\\\/\"},\"sameAs\":[\"https:\\\/\\\/www.facebook.com\\\/Hospichild\",\"https:\\\/\\\/x.com\\\/hospichild\"]}]}<\/script>\n<!-- \/ Yoast SEO plugin. -->","yoast_head_json":{"title":"Wetgeving en formaliteiten over de dood van een kind - Hospichild","description":"Vous trouverez dans ce dossier, la l\u00e9gislation relative au d\u00e9c\u00e8s d'un enfant, les formalit\u00e9s vis-\u00e0-vis des administrations, comment le l\u00e9gislateur a adapt\u00e9 les lois pour accompagner le deuil des parents, en R\u00e9gion bruxelloise, en Wallonie et \u00e0 Bruxelles.","robots":{"index":"index","follow":"follow","max-snippet":"max-snippet:-1","max-image-preview":"max-image-preview:large","max-video-preview":"max-video-preview:-1"},"canonical":"https:\/\/www.hospichild.be\/nl\/thuis\/overlijden-van-een-kind\/wetgeving-en-formaliteiten\/","og_locale":"nl_NL","og_type":"article","og_title":"Wetgeving en formaliteiten over de dood van een kind - Hospichild","og_description":"Vous trouverez dans ce dossier, la l\u00e9gislation relative au d\u00e9c\u00e8s d'un enfant, les formalit\u00e9s vis-\u00e0-vis des administrations, comment le l\u00e9gislateur a adapt\u00e9 les lois pour accompagner le deuil des parents, en R\u00e9gion bruxelloise, en Wallonie et \u00e0 Bruxelles.","og_url":"https:\/\/www.hospichild.be\/nl\/thuis\/overlijden-van-een-kind\/wetgeving-en-formaliteiten\/","og_site_name":"Hospichild","article_publisher":"https:\/\/www.facebook.com\/Hospichild","article_modified_time":"2024-08-06T12:18:40+00:00","og_image":[{"width":314,"height":442,"url":"https:\/\/www.hospichild.be\/wp-content\/uploads\/2018\/08\/illu_droits_enfant.jpg","type":"image\/jpeg"}],"twitter_card":"summary_large_image","twitter_site":"@hospichild","twitter_misc":{"Geschatte leestijd":"6 minuten"},"schema":{"@context":"https:\/\/schema.org","@graph":[{"@type":"WebPage","@id":"https:\/\/www.hospichild.be\/nl\/thuis\/overlijden-van-een-kind\/wetgeving-en-formaliteiten\/","url":"https:\/\/www.hospichild.be\/nl\/thuis\/overlijden-van-een-kind\/wetgeving-en-formaliteiten\/","name":"Wetgeving en formaliteiten over de dood van een kind - Hospichild","isPartOf":{"@id":"https:\/\/www.hospichild.be\/#website"},"primaryImageOfPage":{"@id":"https:\/\/www.hospichild.be\/nl\/thuis\/overlijden-van-een-kind\/wetgeving-en-formaliteiten\/#primaryimage"},"image":{"@id":"https:\/\/www.hospichild.be\/nl\/thuis\/overlijden-van-een-kind\/wetgeving-en-formaliteiten\/#primaryimage"},"thumbnailUrl":"https:\/\/www.hospichild.be\/wp-content\/uploads\/2018\/08\/illu_droits_enfant.jpg","datePublished":"2018-06-18T14:01:37+00:00","dateModified":"2024-08-06T12:18:40+00:00","description":"Vous trouverez dans ce dossier, la l\u00e9gislation relative au d\u00e9c\u00e8s d'un enfant, les formalit\u00e9s vis-\u00e0-vis des administrations, comment le l\u00e9gislateur a adapt\u00e9 les lois pour accompagner le deuil des parents, en R\u00e9gion bruxelloise, en Wallonie et \u00e0 Bruxelles.","breadcrumb":{"@id":"https:\/\/www.hospichild.be\/nl\/thuis\/overlijden-van-een-kind\/wetgeving-en-formaliteiten\/#breadcrumb"},"inLanguage":"nl-NL","potentialAction":[{"@type":"ReadAction","target":["https:\/\/www.hospichild.be\/nl\/thuis\/overlijden-van-een-kind\/wetgeving-en-formaliteiten\/"]}]},{"@type":"ImageObject","inLanguage":"nl-NL","@id":"https:\/\/www.hospichild.be\/nl\/thuis\/overlijden-van-een-kind\/wetgeving-en-formaliteiten\/#primaryimage","url":"https:\/\/www.hospichild.be\/wp-content\/uploads\/2018\/08\/illu_droits_enfant.jpg","contentUrl":"https:\/\/www.hospichild.be\/wp-content\/uploads\/2018\/08\/illu_droits_enfant.jpg","width":314,"height":442},{"@type":"BreadcrumbList","@id":"https:\/\/www.hospichild.be\/nl\/thuis\/overlijden-van-een-kind\/wetgeving-en-formaliteiten\/#breadcrumb","itemListElement":[{"@type":"ListItem","position":1,"name":"Accueil","item":"https:\/\/www.hospichild.be\/nl\/"},{"@type":"ListItem","position":2,"name":"Thuis","item":"https:\/\/www.hospichild.be\/nl\/thuis\/"},{"@type":"ListItem","position":3,"name":"Overlijden","item":"https:\/\/www.hospichild.be\/nl\/thuis\/overlijden-van-een-kind\/"},{"@type":"ListItem","position":4,"name":"Wetgeving en formaliteiten over de dood van een kind"}]},{"@type":"WebSite","@id":"https:\/\/www.hospichild.be\/#website","url":"https:\/\/www.hospichild.be\/","name":"Hospichild","description":"Toute l&#039;information sur l&#039;hospitalisation d&#039;un enfant de moins de 16 ans \u00e0 Bruxelles","publisher":{"@id":"https:\/\/www.hospichild.be\/#organization"},"potentialAction":[{"@type":"SearchAction","target":{"@type":"EntryPoint","urlTemplate":"https:\/\/www.hospichild.be\/?s={search_term_string}"},"query-input":{"@type":"PropertyValueSpecification","valueRequired":true,"valueName":"search_term_string"}}],"inLanguage":"nl-NL"},{"@type":"Organization","@id":"https:\/\/www.hospichild.be\/#organization","name":"Hospichild","url":"https:\/\/www.hospichild.be\/","logo":{"@type":"ImageObject","inLanguage":"nl-NL","@id":"https:\/\/www.hospichild.be\/#\/schema\/logo\/image\/","url":"https:\/\/www.hospichild.be\/wp-content\/uploads\/2018\/12\/logo_simple.png","contentUrl":"https:\/\/www.hospichild.be\/wp-content\/uploads\/2018\/12\/logo_simple.png","width":570,"height":114,"caption":"Hospichild"},"image":{"@id":"https:\/\/www.hospichild.be\/#\/schema\/logo\/image\/"},"sameAs":["https:\/\/www.facebook.com\/Hospichild","https:\/\/x.com\/hospichild"]}]}},"publishpress_future_action":{"enabled":false,"date":"2026-04-29 18:03:00","action":"change-status","newStatus":"draft","terms":[],"taxonomy":"translation_priority","extraData":[]},"publishpress_future_workflow_manual_trigger":{"enabledWorkflows":[]},"_links":{"self":[{"href":"https:\/\/www.hospichild.be\/nl\/wp-json\/wp\/v2\/pages\/2264","targetHints":{"allow":["GET"]}}],"collection":[{"href":"https:\/\/www.hospichild.be\/nl\/wp-json\/wp\/v2\/pages"}],"about":[{"href":"https:\/\/www.hospichild.be\/nl\/wp-json\/wp\/v2\/types\/page"}],"author":[{"embeddable":true,"href":"https:\/\/www.hospichild.be\/nl\/wp-json\/wp\/v2\/users\/2"}],"replies":[{"embeddable":true,"href":"https:\/\/www.hospichild.be\/nl\/wp-json\/wp\/v2\/comments?post=2264"}],"version-history":[{"count":9,"href":"https:\/\/www.hospichild.be\/nl\/wp-json\/wp\/v2\/pages\/2264\/revisions"}],"predecessor-version":[{"id":16474,"href":"https:\/\/www.hospichild.be\/nl\/wp-json\/wp\/v2\/pages\/2264\/revisions\/16474"}],"up":[{"embeddable":true,"href":"https:\/\/www.hospichild.be\/nl\/wp-json\/wp\/v2\/pages\/1441"}],"wp:featuredmedia":[{"embeddable":true,"href":"https:\/\/www.hospichild.be\/nl\/wp-json\/wp\/v2\/media\/3800"}],"wp:attachment":[{"href":"https:\/\/www.hospichild.be\/nl\/wp-json\/wp\/v2\/media?parent=2264"}],"curies":[{"name":"wp","href":"https:\/\/api.w.org\/{rel}","templated":true}]}}