{"id":2622,"date":"2018-06-25T12:37:22","date_gmt":"2018-06-25T10:37:22","guid":{"rendered":"http:\/\/www.hospichild.be\/?page_id=2622"},"modified":"2025-02-25T12:06:23","modified_gmt":"2025-02-25T11:06:23","slug":"onthaal-en-dagcentra","status":"publish","type":"page","link":"https:\/\/www.hospichild.be\/nl\/sociale-zekerheid\/handicap\/onthaal-en-dagcentra\/","title":{"rendered":"Onthaal- en dagcentra"},"content":{"rendered":"<p><strong>Brussel beschikt over verschillende onthaalmogelijkheden, ofwel op basis van inclusie, of meer gespecialiseerd rond een bepaald soort handicap.<\/strong><\/p>\n<h2 class=\"vert\"><img loading=\"lazy\" decoding=\"async\" class=\"alignnone wp-image-2478\" style=\"color: #535353; font-size: 0.9375rem;\" src=\"https:\/\/www.hospichild.be\/wp-content\/uploads\/2018\/06\/inclusion-icon-150x150.png\" alt=\"\" width=\"19\" height=\"19\" srcset=\"https:\/\/www.hospichild.be\/wp-content\/uploads\/2018\/06\/inclusion-icon-150x150.png 150w, https:\/\/www.hospichild.be\/wp-content\/uploads\/2018\/06\/inclusion-icon-296x300.png 296w, https:\/\/www.hospichild.be\/wp-content\/uploads\/2018\/06\/inclusion-icon.png 585w\" sizes=\"auto, (max-width: 19px) 100vw, 19px\" \/>\u00a0INCLUSIEF ONTHAAL 0 &#8211; 3<\/h2>\n<p>De doestellingen van verenigingen die de projecten leiden zijn de ontplooiing van valide en minder valide baby\u2019s in het aanvaarden van hun verschillen, en ook de ontwikkeling van de vaardigheden van de kinderen tot een maximale zelfstandigheid en een betere levenskwaliteit.<\/p>\n<p><strong>OCAPI<\/strong> (Organisation et coordination de l\u2019aide pr\u00e9coce pour l\u2019inclusion &#8211; FR)<\/p>\n<p>Het mobiele team van OCAPI biedt oplossingen aan voor teams van verschillende onthaalomgevingen die erkend zijn door ONE. Het bestaat uit leden van door Phare erkende begeleidingsdiensten.<\/p>\n<p>\u2192 Meer weten over OCAPI: zie <a href=\"https:\/\/phare.irisnet.be\/activit%C3%A9s-de-jour\/petite-enfance\/aide-pr%C3%A9coce-et-cr%C3%A8ches\/\" target=\"_blank\" rel=\"noopener\">website Phare<\/a> (FR)<\/p>\n<p><strong>L\u2019asbl Inclusion<\/strong> (FR) ontwikkelt verschillende benaderingen voor inclusieproblemen bij kinderen met een handicap. De gezinnen worden onthaald, ge\u00efnformeerd en begeleid door een sociale dienst die permanenties verzekert.<\/p>\n<p><strong>La File asbl<\/strong> (F\u00e9d\u00e9ration des Initiatives Locales pour l\u2019Enfance -FR) gaf een infogids uit voor professionals uit de kinderopvang: \u2018L\u2019inclusion des enfants en situation de handicap dans les milieux d\u2019accueil de la petite enfance\u2019.<\/p>\n<h3>Inclusieve onthaaldiensten<\/h3>\n<ul>\n<li><a href=\"https:\/\/www.irahm.be\/entites\/creche\/\" target=\"_blank\" rel=\"noopener\"><strong>Le coffre \u00e0 b\u00e9b\u00e9s<\/strong><\/a>: het ge\u00efntegreerde neurologische kinderdagverblijf van het <a href=\"http:\/\/www.irahm.be\/\" target=\"_blank\" rel=\"noopener\">IRAHM<\/a> (Institut Royal d&#8217;Accueil pour le Handicap Moteur) &#8211; Albert Dumontlaan 40, 1200 Brussel \u2013 02\/ 762 08 18<\/li>\n<li><strong><a href=\"https:\/\/www.irahm.be\/entites\/creche\/\" target=\"_blank\" rel=\"noopener\">Crescendo<\/a><\/strong>: Inclusief kinderdagverblijf dat dove en horende kinderen opvangt en samenwerkt met het centrum \u2018Comprendre et Parler\u2019. (Roodebeeksteenweg 320, 1200 Brussel \u2013 02\/772 60 22).<\/li>\n<li><strong><a href=\"http:\/\/www.irsa.be\/index.php\/services\/creches\/64-la-creche-le-petit-prince\" target=\"_blank\" rel=\"noopener\">Le Petit Prince<\/a><\/strong>: kinderdagverblijf voor kinderen met een sensori\u00eble beperking of meervoudige handicap. (Waterloosesteenweg, 1504, 1180 Brussel \u2013 02\/ 373 52 42)<\/li>\n<\/ul>\n<h3>Meer gespecialiseerde onthaaldiensten 0-3<\/h3>\n<p>Sommige dagverblijven voor schoolgaande kinderen, erkend en gesubsidieerd door Phare, bieden aangepaste opvang voor de allerkleinsten met diverse pathologie\u00ebn.<\/p>\n<ul>\n<li><strong><a href=\"https:\/\/www.lafamille-ges.be\/creche\/\" target=\"_blank\" rel=\"noopener\">La cr\u00e8che neurologique La Famille<\/a><\/strong>: binnen het dagcentrum voor schoolgaande kinderen La Famille, verwelkomt 12 kinderen van 3 maand tot 3 jaar (Jean Jacquetstraat 25 &#8211; 1081 Brussel \u2013 02\/ 411 31 37)<\/li>\n<li><a href=\"https:\/\/www.lafamille-ges.be\/creche\/#a-petit-pas\" target=\"_blank\" rel=\"noopener\"><strong>A petits pas<\/strong><\/a>: La Famille heeft ook een baby-ouder ruimte voor kinderen met motorische problemen van neurologische oorsprong (ook toegankelijk voor professionals van dagverblijven). (Neepstraat 1 &#8211; 1081 Brussel &#8211; 0499\/ 537 843)<\/li>\n<li><a href=\"https:\/\/www.lacitejoyeuse.be\/le-centre-arnaud-fraiteur\/\" target=\"_blank\" rel=\"noopener\"><strong>Le Jardin des Galipettes<\/strong><\/a>: in het <a href=\"https:\/\/www.lacitejoyeuse.be\/le-centre-arnaud-fraiteur\/\" target=\"_blank\" rel=\"noopener\">\u2018Centre Arnaud Fraiteur\u2019<\/a> (dagopvang van kinderen met motorische problematiek): verwelkomt vijf heel kleine kinderen. (Kindvriendelijk huisstraat, 2 &#8211; 1080 Brussel \u2013 02\/ 482 06 77)<\/li>\n<li><a href=\"http:\/\/www.sapham.be\/\"><strong>La R\u00e9cr\u00e9<\/strong><\/a>: tijdelijke opvang aangeboden door de begeleidingsdienst Sapham. Opvangcapaciteit van maximaal acht kinderen van 0 tot 6 jaar met een verstandelijke beperking per dag. Barricadeplein 1 &#8211; 1000 Brussel &#8211; 02 504 90 10<\/li>\n<\/ul>\n<h3>Dagopvang voor kinderen van 3 tot 12 jaar<\/h3>\n<p>Op de website van Sociaal Brussel vindt u een overzicht van de <a href=\"https:\/\/sociaal.brussels\/category\/80\" target=\"_blank\" rel=\"noopener\">Dagopvang voor kinderen van 3 tot 12 jaar<\/a>. Daar biedt men educatieve en revaliderende activiteiten voor al dan niet schoolgaande kinderen met een handicap.<\/p>\n<p>\u2192 Meer weeten over de inschrijving van uw kind in dagcentra op <a href=\"https:\/\/www.handicap.brussels\/nl\/themas\/dagopvang\/opvang-van-kinderen-3-18-jaar\/dagcentra-voor-kinderen\" target=\"_blank\" rel=\"noopener\">Handicap.brussels<\/a><\/p>\n<h2 class=\"vert\"><img loading=\"lazy\" decoding=\"async\" class=\"alignnone wp-image-2478\" style=\"font-size: 0.9375rem; color: #535353;\" src=\"https:\/\/www.hospichild.be\/wp-content\/uploads\/2018\/06\/inclusion-icon-150x150.png\" alt=\"\" width=\"23\" height=\"23\" srcset=\"https:\/\/www.hospichild.be\/wp-content\/uploads\/2018\/06\/inclusion-icon-150x150.png 150w, https:\/\/www.hospichild.be\/wp-content\/uploads\/2018\/06\/inclusion-icon-296x300.png 296w, https:\/\/www.hospichild.be\/wp-content\/uploads\/2018\/06\/inclusion-icon.png 585w\" sizes=\"auto, (max-width: 23px) 100vw, 23px\" \/>\u00a0BUITENSCHOOLSE OPVANG<\/h2>\n<p><strong>Bruxelles-Int\u00e9gration (project van vzw Badje)<\/strong><\/p>\n<p><a href=\"https:\/\/www.facebook.com\/badjeasbl\/?locale=fr_FR\" target=\"_blank\" rel=\"noopener\">Vzw Badje<\/a> (erkend als inclusieve vrijetijdsdienst op 01\/11\/2019) ondersteunt de opvang van kinderen met een handicap in de buitenschoolse, niet gespecialiseerde opvang met kinderen van dezelfde leeftijd en zonder handicap.<\/p>\n<div class=\"encart-jaune\"><strong>Meer weten over de ondersteuning van de scholen (FR)<\/strong><br \/>\nhttp:\/\/www.badje.be\/pages\/terrain_ecoles.html<\/div>\n<h2><\/h2>\n<h2 class=\"vert\">THERAPEUTISCHE ACCOMMODATIE<\/h2>\n<p>Met dit soort verblijf wil men minderjarige pati\u00ebnten met een handicap of zware ziekte, die thuis verzorgd worden, opvangen. Zo krijgen de ouders en naasten een adempauze, terwijl hun kind geniet van een kortstondig medisch verblijf.<\/p>\n<p><a href=\"http:\/\/www.villaindigo.be\/nl\/index.php\" target=\"_blank\" rel=\"noopener\">Villa Indigo<\/a> is bijvoorbeeld een plaats tussen het ziekenhuis en thuis, die het kind (0-18) en de ouders een moment van respijt biedt in een gezinsvriendelijk kader, volledig ingericht voor het welzijn van de jonge pati\u00ebnten. De ouders weten dat hun kind in goede handen is en kunnen even aan zichzelf denken, leven op een ander ritme en aandacht besteden aan de brussen.<\/p>\n<p>\u2192 Raadpleeg de rubriek <strong>\u2018<a href=\"https:\/\/www.hospichild.be\/nl\/thuis\/therapeutische-accommodatie\/\">Therapeutische accommodatie<\/a>\u2019<\/strong><\/p>\n<h2>\n<span style=\"color: #99cc00;\">Thuis kinderopvang<\/span><\/h2>\n<p>Als ouders geen plaats kunnen vinden in de bovengenoemde kinderopvangcentra of gewoon een beetje respijt nodig hebben, kunnen ze een beroep doen op kinderoppassen aan huis die speciaal opgeleid zijn om op gehandicapte kinderen te passen.<br \/>\nDe <a href=\"https:\/\/liguedesfamilles.be\/babysitting\" target=\"_blank\" rel=\"noopener\">Ligue des familles<\/a> (FR) biedt bijvoorbeeld een babysitdienst voor gehandicapte kinderen genaamd \u201cExtrasitting\u201d. De babysitters volgen een specifieke opleiding en hun diensten staan onder toezicht zodat ouders hun kind met het volste vertrouwen kunnen toevertrouwen.<\/p>\n<p>&nbsp;<\/p>\n","protected":false},"excerpt":{"rendered":"<p>Brussel beschikt over verschillende onthaalmogelijkheden, ofwel op basis van inclusie, of meer gespecialiseerd rond een bepaald soort handicap. \u00a0INCLUSIEF ONTHAAL 0 &#8211; 3 De doestellingen van verenigingen die de projecten leiden zijn de ontplooiing van valide en minder valide baby\u2019s in het aanvaarden van hun verschillen, en ook de ontwikkeling van de vaardigheden van de&hellip;<\/p>\n<p><a class=\"more-link\" href=\"https:\/\/www.hospichild.be\/nl\/sociale-zekerheid\/handicap\/onthaal-en-dagcentra\/\" title=\"Continue reading &lsquo;Onthaal- en dagcentra&rsquo;\">Meer lezen over <span class=\"meta-nav\">\u2192<\/span><\/a><\/p>\n","protected":false},"author":2,"featured_media":2340,"parent":1457,"menu_order":7,"comment_status":"closed","ping_status":"closed","template":"","meta":{"_acf_changed":false,"footnotes":""},"class_list":["post-2622","page","type-page","status-publish","has-post-thumbnail","hentry"],"acf":[],"yoast_head":"<!-- This site is optimized with the Yoast SEO plugin v27.5 - https:\/\/yoast.com\/product\/yoast-seo-wordpress\/ -->\n<title>Onthaal- en dag-nachtcentra voor kinderen met een handicap<\/title>\n<meta name=\"description\" content=\"Brussel beschikt over verschillende onthaalmogelijkheden, ofwel op basis van inclusie, of meer gespecialiseerd rond een bepaald soort handicap.\" \/>\n<meta name=\"robots\" content=\"index, follow, max-snippet:-1, max-image-preview:large, max-video-preview:-1\" \/>\n<link rel=\"canonical\" href=\"https:\/\/www.hospichild.be\/nl\/sociale-zekerheid\/handicap\/onthaal-en-dagcentra\/\" \/>\n<meta property=\"og:locale\" content=\"nl_NL\" \/>\n<meta property=\"og:type\" content=\"article\" \/>\n<meta property=\"og:title\" content=\"Onthaal- en dag-nachtcentra voor kinderen met een handicap\" \/>\n<meta property=\"og:description\" content=\"Brussel beschikt over verschillende onthaalmogelijkheden, ofwel op basis van inclusie, of meer gespecialiseerd rond een bepaald soort handicap.\" \/>\n<meta property=\"og:url\" content=\"https:\/\/www.hospichild.be\/nl\/sociale-zekerheid\/handicap\/onthaal-en-dagcentra\/\" \/>\n<meta property=\"og:site_name\" content=\"Hospichild\" \/>\n<meta property=\"article:publisher\" content=\"https:\/\/www.facebook.com\/Hospichild\" \/>\n<meta property=\"article:modified_time\" content=\"2025-02-25T11:06:23+00:00\" \/>\n<meta property=\"og:image\" content=\"https:\/\/www.hospichild.be\/wp-content\/uploads\/2018\/06\/08_illu_associations_partenaires.jpg\" \/>\n\t<meta property=\"og:image:width\" content=\"314\" \/>\n\t<meta property=\"og:image:height\" content=\"442\" \/>\n\t<meta property=\"og:image:type\" content=\"image\/jpeg\" \/>\n<meta name=\"twitter:card\" content=\"summary_large_image\" \/>\n<meta name=\"twitter:site\" content=\"@hospichild\" \/>\n<meta name=\"twitter:label1\" content=\"Geschatte leestijd\" \/>\n\t<meta name=\"twitter:data1\" content=\"5 minuten\" \/>\n<script type=\"application\/ld+json\" class=\"yoast-schema-graph\">{\"@context\":\"https:\\\/\\\/schema.org\",\"@graph\":[{\"@type\":\"WebPage\",\"@id\":\"https:\\\/\\\/www.hospichild.be\\\/nl\\\/sociale-zekerheid\\\/handicap\\\/onthaal-en-dagcentra\\\/\",\"url\":\"https:\\\/\\\/www.hospichild.be\\\/nl\\\/sociale-zekerheid\\\/handicap\\\/onthaal-en-dagcentra\\\/\",\"name\":\"Onthaal- en dag-nachtcentra voor kinderen met een handicap\",\"isPartOf\":{\"@id\":\"https:\\\/\\\/www.hospichild.be\\\/#website\"},\"primaryImageOfPage\":{\"@id\":\"https:\\\/\\\/www.hospichild.be\\\/nl\\\/sociale-zekerheid\\\/handicap\\\/onthaal-en-dagcentra\\\/#primaryimage\"},\"image\":{\"@id\":\"https:\\\/\\\/www.hospichild.be\\\/nl\\\/sociale-zekerheid\\\/handicap\\\/onthaal-en-dagcentra\\\/#primaryimage\"},\"thumbnailUrl\":\"https:\\\/\\\/www.hospichild.be\\\/wp-content\\\/uploads\\\/2018\\\/06\\\/08_illu_associations_partenaires.jpg\",\"datePublished\":\"2018-06-25T10:37:22+00:00\",\"dateModified\":\"2025-02-25T11:06:23+00:00\",\"description\":\"Brussel beschikt over verschillende onthaalmogelijkheden, ofwel op basis van inclusie, of meer gespecialiseerd rond een bepaald soort handicap.\",\"breadcrumb\":{\"@id\":\"https:\\\/\\\/www.hospichild.be\\\/nl\\\/sociale-zekerheid\\\/handicap\\\/onthaal-en-dagcentra\\\/#breadcrumb\"},\"inLanguage\":\"nl-NL\",\"potentialAction\":[{\"@type\":\"ReadAction\",\"target\":[\"https:\\\/\\\/www.hospichild.be\\\/nl\\\/sociale-zekerheid\\\/handicap\\\/onthaal-en-dagcentra\\\/\"]}]},{\"@type\":\"ImageObject\",\"inLanguage\":\"nl-NL\",\"@id\":\"https:\\\/\\\/www.hospichild.be\\\/nl\\\/sociale-zekerheid\\\/handicap\\\/onthaal-en-dagcentra\\\/#primaryimage\",\"url\":\"https:\\\/\\\/www.hospichild.be\\\/wp-content\\\/uploads\\\/2018\\\/06\\\/08_illu_associations_partenaires.jpg\",\"contentUrl\":\"https:\\\/\\\/www.hospichild.be\\\/wp-content\\\/uploads\\\/2018\\\/06\\\/08_illu_associations_partenaires.jpg\",\"width\":314,\"height\":442},{\"@type\":\"BreadcrumbList\",\"@id\":\"https:\\\/\\\/www.hospichild.be\\\/nl\\\/sociale-zekerheid\\\/handicap\\\/onthaal-en-dagcentra\\\/#breadcrumb\",\"itemListElement\":[{\"@type\":\"ListItem\",\"position\":1,\"name\":\"Accueil\",\"item\":\"https:\\\/\\\/www.hospichild.be\\\/nl\\\/\"},{\"@type\":\"ListItem\",\"position\":2,\"name\":\"Sociale zekerheid\",\"item\":\"https:\\\/\\\/www.hospichild.be\\\/nl\\\/sociale-zekerheid\\\/\"},{\"@type\":\"ListItem\",\"position\":3,\"name\":\"Handicap\",\"item\":\"https:\\\/\\\/www.hospichild.be\\\/nl\\\/sociale-zekerheid\\\/handicap\\\/\"},{\"@type\":\"ListItem\",\"position\":4,\"name\":\"Onthaal- en dagcentra\"}]},{\"@type\":\"WebSite\",\"@id\":\"https:\\\/\\\/www.hospichild.be\\\/#website\",\"url\":\"https:\\\/\\\/www.hospichild.be\\\/\",\"name\":\"Hospichild\",\"description\":\"Toute l&#039;information sur l&#039;hospitalisation d&#039;un enfant de moins de 16 ans \u00e0 Bruxelles\",\"publisher\":{\"@id\":\"https:\\\/\\\/www.hospichild.be\\\/#organization\"},\"potentialAction\":[{\"@type\":\"SearchAction\",\"target\":{\"@type\":\"EntryPoint\",\"urlTemplate\":\"https:\\\/\\\/www.hospichild.be\\\/?s={search_term_string}\"},\"query-input\":{\"@type\":\"PropertyValueSpecification\",\"valueRequired\":true,\"valueName\":\"search_term_string\"}}],\"inLanguage\":\"nl-NL\"},{\"@type\":\"Organization\",\"@id\":\"https:\\\/\\\/www.hospichild.be\\\/#organization\",\"name\":\"Hospichild\",\"url\":\"https:\\\/\\\/www.hospichild.be\\\/\",\"logo\":{\"@type\":\"ImageObject\",\"inLanguage\":\"nl-NL\",\"@id\":\"https:\\\/\\\/www.hospichild.be\\\/#\\\/schema\\\/logo\\\/image\\\/\",\"url\":\"https:\\\/\\\/www.hospichild.be\\\/wp-content\\\/uploads\\\/2018\\\/12\\\/logo_simple.png\",\"contentUrl\":\"https:\\\/\\\/www.hospichild.be\\\/wp-content\\\/uploads\\\/2018\\\/12\\\/logo_simple.png\",\"width\":570,\"height\":114,\"caption\":\"Hospichild\"},\"image\":{\"@id\":\"https:\\\/\\\/www.hospichild.be\\\/#\\\/schema\\\/logo\\\/image\\\/\"},\"sameAs\":[\"https:\\\/\\\/www.facebook.com\\\/Hospichild\",\"https:\\\/\\\/x.com\\\/hospichild\"]}]}<\/script>\n<!-- \/ Yoast SEO plugin. -->","yoast_head_json":{"title":"Onthaal- en dag-nachtcentra voor kinderen met een handicap","description":"Brussel beschikt over verschillende onthaalmogelijkheden, ofwel op basis van inclusie, of meer gespecialiseerd rond een bepaald soort handicap.","robots":{"index":"index","follow":"follow","max-snippet":"max-snippet:-1","max-image-preview":"max-image-preview:large","max-video-preview":"max-video-preview:-1"},"canonical":"https:\/\/www.hospichild.be\/nl\/sociale-zekerheid\/handicap\/onthaal-en-dagcentra\/","og_locale":"nl_NL","og_type":"article","og_title":"Onthaal- en dag-nachtcentra voor kinderen met een handicap","og_description":"Brussel beschikt over verschillende onthaalmogelijkheden, ofwel op basis van inclusie, of meer gespecialiseerd rond een bepaald soort handicap.","og_url":"https:\/\/www.hospichild.be\/nl\/sociale-zekerheid\/handicap\/onthaal-en-dagcentra\/","og_site_name":"Hospichild","article_publisher":"https:\/\/www.facebook.com\/Hospichild","article_modified_time":"2025-02-25T11:06:23+00:00","og_image":[{"width":314,"height":442,"url":"https:\/\/www.hospichild.be\/wp-content\/uploads\/2018\/06\/08_illu_associations_partenaires.jpg","type":"image\/jpeg"}],"twitter_card":"summary_large_image","twitter_site":"@hospichild","twitter_misc":{"Geschatte leestijd":"5 minuten"},"schema":{"@context":"https:\/\/schema.org","@graph":[{"@type":"WebPage","@id":"https:\/\/www.hospichild.be\/nl\/sociale-zekerheid\/handicap\/onthaal-en-dagcentra\/","url":"https:\/\/www.hospichild.be\/nl\/sociale-zekerheid\/handicap\/onthaal-en-dagcentra\/","name":"Onthaal- en dag-nachtcentra voor kinderen met een handicap","isPartOf":{"@id":"https:\/\/www.hospichild.be\/#website"},"primaryImageOfPage":{"@id":"https:\/\/www.hospichild.be\/nl\/sociale-zekerheid\/handicap\/onthaal-en-dagcentra\/#primaryimage"},"image":{"@id":"https:\/\/www.hospichild.be\/nl\/sociale-zekerheid\/handicap\/onthaal-en-dagcentra\/#primaryimage"},"thumbnailUrl":"https:\/\/www.hospichild.be\/wp-content\/uploads\/2018\/06\/08_illu_associations_partenaires.jpg","datePublished":"2018-06-25T10:37:22+00:00","dateModified":"2025-02-25T11:06:23+00:00","description":"Brussel beschikt over verschillende onthaalmogelijkheden, ofwel op basis van inclusie, of meer gespecialiseerd rond een bepaald soort handicap.","breadcrumb":{"@id":"https:\/\/www.hospichild.be\/nl\/sociale-zekerheid\/handicap\/onthaal-en-dagcentra\/#breadcrumb"},"inLanguage":"nl-NL","potentialAction":[{"@type":"ReadAction","target":["https:\/\/www.hospichild.be\/nl\/sociale-zekerheid\/handicap\/onthaal-en-dagcentra\/"]}]},{"@type":"ImageObject","inLanguage":"nl-NL","@id":"https:\/\/www.hospichild.be\/nl\/sociale-zekerheid\/handicap\/onthaal-en-dagcentra\/#primaryimage","url":"https:\/\/www.hospichild.be\/wp-content\/uploads\/2018\/06\/08_illu_associations_partenaires.jpg","contentUrl":"https:\/\/www.hospichild.be\/wp-content\/uploads\/2018\/06\/08_illu_associations_partenaires.jpg","width":314,"height":442},{"@type":"BreadcrumbList","@id":"https:\/\/www.hospichild.be\/nl\/sociale-zekerheid\/handicap\/onthaal-en-dagcentra\/#breadcrumb","itemListElement":[{"@type":"ListItem","position":1,"name":"Accueil","item":"https:\/\/www.hospichild.be\/nl\/"},{"@type":"ListItem","position":2,"name":"Sociale zekerheid","item":"https:\/\/www.hospichild.be\/nl\/sociale-zekerheid\/"},{"@type":"ListItem","position":3,"name":"Handicap","item":"https:\/\/www.hospichild.be\/nl\/sociale-zekerheid\/handicap\/"},{"@type":"ListItem","position":4,"name":"Onthaal- en dagcentra"}]},{"@type":"WebSite","@id":"https:\/\/www.hospichild.be\/#website","url":"https:\/\/www.hospichild.be\/","name":"Hospichild","description":"Toute l&#039;information sur l&#039;hospitalisation d&#039;un enfant de moins de 16 ans \u00e0 Bruxelles","publisher":{"@id":"https:\/\/www.hospichild.be\/#organization"},"potentialAction":[{"@type":"SearchAction","target":{"@type":"EntryPoint","urlTemplate":"https:\/\/www.hospichild.be\/?s={search_term_string}"},"query-input":{"@type":"PropertyValueSpecification","valueRequired":true,"valueName":"search_term_string"}}],"inLanguage":"nl-NL"},{"@type":"Organization","@id":"https:\/\/www.hospichild.be\/#organization","name":"Hospichild","url":"https:\/\/www.hospichild.be\/","logo":{"@type":"ImageObject","inLanguage":"nl-NL","@id":"https:\/\/www.hospichild.be\/#\/schema\/logo\/image\/","url":"https:\/\/www.hospichild.be\/wp-content\/uploads\/2018\/12\/logo_simple.png","contentUrl":"https:\/\/www.hospichild.be\/wp-content\/uploads\/2018\/12\/logo_simple.png","width":570,"height":114,"caption":"Hospichild"},"image":{"@id":"https:\/\/www.hospichild.be\/#\/schema\/logo\/image\/"},"sameAs":["https:\/\/www.facebook.com\/Hospichild","https:\/\/x.com\/hospichild"]}]}},"publishpress_future_action":{"enabled":false,"date":"2026-05-21 09:02:31","action":"change-status","newStatus":"draft","terms":[],"taxonomy":"translation_priority","extraData":[]},"publishpress_future_workflow_manual_trigger":{"enabledWorkflows":[]},"_links":{"self":[{"href":"https:\/\/www.hospichild.be\/nl\/wp-json\/wp\/v2\/pages\/2622","targetHints":{"allow":["GET"]}}],"collection":[{"href":"https:\/\/www.hospichild.be\/nl\/wp-json\/wp\/v2\/pages"}],"about":[{"href":"https:\/\/www.hospichild.be\/nl\/wp-json\/wp\/v2\/types\/page"}],"author":[{"embeddable":true,"href":"https:\/\/www.hospichild.be\/nl\/wp-json\/wp\/v2\/users\/2"}],"replies":[{"embeddable":true,"href":"https:\/\/www.hospichild.be\/nl\/wp-json\/wp\/v2\/comments?post=2622"}],"version-history":[{"count":22,"href":"https:\/\/www.hospichild.be\/nl\/wp-json\/wp\/v2\/pages\/2622\/revisions"}],"predecessor-version":[{"id":18769,"href":"https:\/\/www.hospichild.be\/nl\/wp-json\/wp\/v2\/pages\/2622\/revisions\/18769"}],"up":[{"embeddable":true,"href":"https:\/\/www.hospichild.be\/nl\/wp-json\/wp\/v2\/pages\/1457"}],"wp:featuredmedia":[{"embeddable":true,"href":"https:\/\/www.hospichild.be\/nl\/wp-json\/wp\/v2\/media\/2340"}],"wp:attachment":[{"href":"https:\/\/www.hospichild.be\/nl\/wp-json\/wp\/v2\/media?parent=2622"}],"curies":[{"name":"wp","href":"https:\/\/api.w.org\/{rel}","templated":true}]}}