{"id":2836,"date":"2018-07-02T12:24:06","date_gmt":"2018-07-02T10:24:06","guid":{"rendered":"http:\/\/www.hospichild.be\/?page_id=2836"},"modified":"2024-08-06T16:07:03","modified_gmt":"2024-08-06T14:07:03","slug":"medisch-sociale-tolkendienst","status":"publish","type":"page","link":"https:\/\/www.hospichild.be\/nl\/sociale-zekerheid\/u-komt-aan-in-belgie\/medisch-sociale-tolkendienst\/","title":{"rendered":"Medisch-sociale tolkendienst"},"content":{"rendered":"<p><strong>Gezinnen van buitenlandse origine die in Belgi\u00eb wonen, beheersen niet altijd het Nederlands. Toch worden ze net als iedereen soms geconfronteerd met de ziekte of de ziekenhuisopname van een kind.<\/strong><\/p>\n<p>Om hen bij te staan en een optimale communicatie te verzekeren tussen de verzorgenden en de gezinnen, bieden verschillende verenigingen medisch-sociale vertaaldiensten, zoals: <a href=\"http:\/\/www.sociaalvertaalbureau.be\/\" target=\"_blank\" rel=\"noopener\">Brussel Onthaal<\/a> en <a href=\"https:\/\/integratie-inburgering.be\/\" target=\"_blank\" rel=\"noopener\">Agentschap Integratie en Inburgering.<\/a><\/p>\n<p>Volgens de definitie van de F\u00e9d\u00e9ration des Maisons M\u00e9dicales is sociaal vertalen en tolken een \u2018instrument dat gelijke toegang verleent tot medische zorg\u2019. Een taalprobleem zou nooit hulp aan mensen mogen verhinderen. En nog minder indien het om hun gezondheid gaat.<\/p>\n<p>Concreet worden er drie vormen van dienstverlening aangeboden: tolken ter plaatse, telefoontolken en geschreven vertalingen. Enkel aanvragen vanwege ziekenhuizen, medische huizen, Kind&amp;Gezin\u2026 worden aanvaard. Als priv\u00e9persoon kan u dus niet rechtstreeks een beroep doen op een sociale tolk.<\/p>\n<h3>Contact<\/h3>\n<p><strong>\u2022 Dienst \u2018Sociaal tolken en vertalen\u2019 van het Agentschap Integratie &amp; Inburgering\u00a0<\/strong><br \/>\nU kunt enkel een beroep doen op de dienst Sociaal Tolken en Vertalen als u een samenwerkingsovereenkomst hebt met het Agentschap Integratie en Inburgering.<\/p>\n<p>Havenlaan 86C, 1000 Brussel<br \/>\n02\/205.00.71<\/p>\n<p><strong>\u2022 Sociaal Vertaalbureau van Brussel Onthaal<\/strong><br \/>\nSainctelettesquare 12\/3 &#8211; 1000 Brussel<br \/>\nOpen elke werkdag van 9u tot 13u en van 13:30u tot 17u<br \/>\nAlgemeen telefoonnummer: 02 511 27 15<\/p>\n<div class=\"encart-jaune\"><strong>Lees<\/strong> ook ons dossier \u2018<strong><a href=\"https:\/\/www.hospichild.be\/nl\/in-het-ziekenhuis\/zorg-en-spiritualiteit-cultuur\/zorg-en-culturen\/\">Zorg en culturen<\/a>\u2019<\/strong><\/div>\n<p>&nbsp;<\/p>\n","protected":false},"excerpt":{"rendered":"<p>Gezinnen van buitenlandse origine die in Belgi\u00eb wonen, beheersen niet altijd het Nederlands. Toch worden ze net als iedereen soms geconfronteerd met de ziekte of de ziekenhuisopname van een kind. Om hen bij te staan en een optimale communicatie te verzekeren tussen de verzorgenden en de gezinnen, bieden verschillende verenigingen medisch-sociale vertaaldiensten, zoals: Brussel Onthaal&hellip;<\/p>\n<p><a class=\"more-link\" href=\"https:\/\/www.hospichild.be\/nl\/sociale-zekerheid\/u-komt-aan-in-belgie\/medisch-sociale-tolkendienst\/\" title=\"Continue reading &lsquo;Medisch-sociale tolkendienst&rsquo;\">Meer lezen over <span class=\"meta-nav\">\u2192<\/span><\/a><\/p>\n","protected":false},"author":5,"featured_media":7731,"parent":1456,"menu_order":0,"comment_status":"closed","ping_status":"closed","template":"","meta":{"_acf_changed":false,"footnotes":""},"class_list":["post-2836","page","type-page","status-publish","has-post-thumbnail","hentry"],"acf":[],"yoast_head":"<!-- This site is optimized with the Yoast SEO plugin v27.3 - https:\/\/yoast.com\/product\/yoast-seo-wordpress\/ -->\n<title>Medisch-sociale tolkendienst - Hospichild<\/title>\n<meta name=\"description\" content=\"Gezinnen van buitenlandse origine die in Belgi\u00eb wonen, beheersen niet altijd het Nederlands. Wat te doen met de ziekte of de ziekenhuisopname van een kind.\" \/>\n<meta name=\"robots\" content=\"index, follow, max-snippet:-1, max-image-preview:large, max-video-preview:-1\" \/>\n<link rel=\"canonical\" href=\"https:\/\/www.hospichild.be\/nl\/sociale-zekerheid\/u-komt-aan-in-belgie\/medisch-sociale-tolkendienst\/\" \/>\n<meta property=\"og:locale\" content=\"nl_NL\" \/>\n<meta property=\"og:type\" content=\"article\" \/>\n<meta property=\"og:title\" content=\"Medisch-sociale tolkendienst - Hospichild\" \/>\n<meta property=\"og:description\" content=\"Gezinnen van buitenlandse origine die in Belgi\u00eb wonen, beheersen niet altijd het Nederlands. Wat te doen met de ziekte of de ziekenhuisopname van een kind.\" \/>\n<meta property=\"og:url\" content=\"https:\/\/www.hospichild.be\/nl\/sociale-zekerheid\/u-komt-aan-in-belgie\/medisch-sociale-tolkendienst\/\" \/>\n<meta property=\"og:site_name\" content=\"Hospichild\" \/>\n<meta property=\"article:publisher\" content=\"https:\/\/www.facebook.com\/Hospichild\" \/>\n<meta property=\"article:modified_time\" content=\"2024-08-06T14:07:03+00:00\" \/>\n<meta property=\"og:image\" content=\"https:\/\/www.hospichild.be\/wp-content\/uploads\/2018\/06\/09_illu_hopitaux_mutu_partenaires.jpg\" \/>\n\t<meta property=\"og:image:width\" content=\"314\" \/>\n\t<meta property=\"og:image:height\" content=\"442\" \/>\n\t<meta property=\"og:image:type\" content=\"image\/jpeg\" \/>\n<meta name=\"twitter:card\" content=\"summary_large_image\" \/>\n<meta name=\"twitter:site\" content=\"@hospichild\" \/>\n<meta name=\"twitter:label1\" content=\"Geschatte leestijd\" \/>\n\t<meta name=\"twitter:data1\" content=\"2 minuten\" \/>\n<script type=\"application\/ld+json\" class=\"yoast-schema-graph\">{\"@context\":\"https:\\\/\\\/schema.org\",\"@graph\":[{\"@type\":\"WebPage\",\"@id\":\"https:\\\/\\\/www.hospichild.be\\\/nl\\\/sociale-zekerheid\\\/u-komt-aan-in-belgie\\\/medisch-sociale-tolkendienst\\\/\",\"url\":\"https:\\\/\\\/www.hospichild.be\\\/nl\\\/sociale-zekerheid\\\/u-komt-aan-in-belgie\\\/medisch-sociale-tolkendienst\\\/\",\"name\":\"Medisch-sociale tolkendienst - Hospichild\",\"isPartOf\":{\"@id\":\"https:\\\/\\\/www.hospichild.be\\\/#website\"},\"primaryImageOfPage\":{\"@id\":\"https:\\\/\\\/www.hospichild.be\\\/nl\\\/sociale-zekerheid\\\/u-komt-aan-in-belgie\\\/medisch-sociale-tolkendienst\\\/#primaryimage\"},\"image\":{\"@id\":\"https:\\\/\\\/www.hospichild.be\\\/nl\\\/sociale-zekerheid\\\/u-komt-aan-in-belgie\\\/medisch-sociale-tolkendienst\\\/#primaryimage\"},\"thumbnailUrl\":\"https:\\\/\\\/www.hospichild.be\\\/wp-content\\\/uploads\\\/2018\\\/06\\\/09_illu_hopitaux_mutu_partenaires.jpg\",\"datePublished\":\"2018-07-02T10:24:06+00:00\",\"dateModified\":\"2024-08-06T14:07:03+00:00\",\"description\":\"Gezinnen van buitenlandse origine die in Belgi\u00eb wonen, beheersen niet altijd het Nederlands. Wat te doen met de ziekte of de ziekenhuisopname van een kind.\",\"breadcrumb\":{\"@id\":\"https:\\\/\\\/www.hospichild.be\\\/nl\\\/sociale-zekerheid\\\/u-komt-aan-in-belgie\\\/medisch-sociale-tolkendienst\\\/#breadcrumb\"},\"inLanguage\":\"nl-NL\",\"potentialAction\":[{\"@type\":\"ReadAction\",\"target\":[\"https:\\\/\\\/www.hospichild.be\\\/nl\\\/sociale-zekerheid\\\/u-komt-aan-in-belgie\\\/medisch-sociale-tolkendienst\\\/\"]}]},{\"@type\":\"ImageObject\",\"inLanguage\":\"nl-NL\",\"@id\":\"https:\\\/\\\/www.hospichild.be\\\/nl\\\/sociale-zekerheid\\\/u-komt-aan-in-belgie\\\/medisch-sociale-tolkendienst\\\/#primaryimage\",\"url\":\"https:\\\/\\\/www.hospichild.be\\\/wp-content\\\/uploads\\\/2018\\\/06\\\/09_illu_hopitaux_mutu_partenaires.jpg\",\"contentUrl\":\"https:\\\/\\\/www.hospichild.be\\\/wp-content\\\/uploads\\\/2018\\\/06\\\/09_illu_hopitaux_mutu_partenaires.jpg\",\"width\":314,\"height\":442},{\"@type\":\"BreadcrumbList\",\"@id\":\"https:\\\/\\\/www.hospichild.be\\\/nl\\\/sociale-zekerheid\\\/u-komt-aan-in-belgie\\\/medisch-sociale-tolkendienst\\\/#breadcrumb\",\"itemListElement\":[{\"@type\":\"ListItem\",\"position\":1,\"name\":\"Accueil\",\"item\":\"https:\\\/\\\/www.hospichild.be\\\/nl\\\/\"},{\"@type\":\"ListItem\",\"position\":2,\"name\":\"Sociale zekerheid\",\"item\":\"https:\\\/\\\/www.hospichild.be\\\/nl\\\/sociale-zekerheid\\\/\"},{\"@type\":\"ListItem\",\"position\":3,\"name\":\"U komt aan in Belgi\u00eb?\",\"item\":\"https:\\\/\\\/www.hospichild.be\\\/nl\\\/sociale-zekerheid\\\/u-komt-aan-in-belgie\\\/\"},{\"@type\":\"ListItem\",\"position\":4,\"name\":\"Medisch-sociale tolkendienst\"}]},{\"@type\":\"WebSite\",\"@id\":\"https:\\\/\\\/www.hospichild.be\\\/#website\",\"url\":\"https:\\\/\\\/www.hospichild.be\\\/\",\"name\":\"Hospichild\",\"description\":\"Toute l&#039;information sur l&#039;hospitalisation d&#039;un enfant de moins de 16 ans \u00e0 Bruxelles\",\"publisher\":{\"@id\":\"https:\\\/\\\/www.hospichild.be\\\/#organization\"},\"potentialAction\":[{\"@type\":\"SearchAction\",\"target\":{\"@type\":\"EntryPoint\",\"urlTemplate\":\"https:\\\/\\\/www.hospichild.be\\\/?s={search_term_string}\"},\"query-input\":{\"@type\":\"PropertyValueSpecification\",\"valueRequired\":true,\"valueName\":\"search_term_string\"}}],\"inLanguage\":\"nl-NL\"},{\"@type\":\"Organization\",\"@id\":\"https:\\\/\\\/www.hospichild.be\\\/#organization\",\"name\":\"Hospichild\",\"url\":\"https:\\\/\\\/www.hospichild.be\\\/\",\"logo\":{\"@type\":\"ImageObject\",\"inLanguage\":\"nl-NL\",\"@id\":\"https:\\\/\\\/www.hospichild.be\\\/#\\\/schema\\\/logo\\\/image\\\/\",\"url\":\"https:\\\/\\\/www.hospichild.be\\\/wp-content\\\/uploads\\\/2018\\\/12\\\/logo_simple.png\",\"contentUrl\":\"https:\\\/\\\/www.hospichild.be\\\/wp-content\\\/uploads\\\/2018\\\/12\\\/logo_simple.png\",\"width\":570,\"height\":114,\"caption\":\"Hospichild\"},\"image\":{\"@id\":\"https:\\\/\\\/www.hospichild.be\\\/#\\\/schema\\\/logo\\\/image\\\/\"},\"sameAs\":[\"https:\\\/\\\/www.facebook.com\\\/Hospichild\",\"https:\\\/\\\/x.com\\\/hospichild\"]}]}<\/script>\n<!-- \/ Yoast SEO plugin. -->","yoast_head_json":{"title":"Medisch-sociale tolkendienst - Hospichild","description":"Gezinnen van buitenlandse origine die in Belgi\u00eb wonen, beheersen niet altijd het Nederlands. Wat te doen met de ziekte of de ziekenhuisopname van een kind.","robots":{"index":"index","follow":"follow","max-snippet":"max-snippet:-1","max-image-preview":"max-image-preview:large","max-video-preview":"max-video-preview:-1"},"canonical":"https:\/\/www.hospichild.be\/nl\/sociale-zekerheid\/u-komt-aan-in-belgie\/medisch-sociale-tolkendienst\/","og_locale":"nl_NL","og_type":"article","og_title":"Medisch-sociale tolkendienst - Hospichild","og_description":"Gezinnen van buitenlandse origine die in Belgi\u00eb wonen, beheersen niet altijd het Nederlands. Wat te doen met de ziekte of de ziekenhuisopname van een kind.","og_url":"https:\/\/www.hospichild.be\/nl\/sociale-zekerheid\/u-komt-aan-in-belgie\/medisch-sociale-tolkendienst\/","og_site_name":"Hospichild","article_publisher":"https:\/\/www.facebook.com\/Hospichild","article_modified_time":"2024-08-06T14:07:03+00:00","og_image":[{"width":314,"height":442,"url":"https:\/\/www.hospichild.be\/wp-content\/uploads\/2018\/06\/09_illu_hopitaux_mutu_partenaires.jpg","type":"image\/jpeg"}],"twitter_card":"summary_large_image","twitter_site":"@hospichild","twitter_misc":{"Geschatte leestijd":"2 minuten"},"schema":{"@context":"https:\/\/schema.org","@graph":[{"@type":"WebPage","@id":"https:\/\/www.hospichild.be\/nl\/sociale-zekerheid\/u-komt-aan-in-belgie\/medisch-sociale-tolkendienst\/","url":"https:\/\/www.hospichild.be\/nl\/sociale-zekerheid\/u-komt-aan-in-belgie\/medisch-sociale-tolkendienst\/","name":"Medisch-sociale tolkendienst - Hospichild","isPartOf":{"@id":"https:\/\/www.hospichild.be\/#website"},"primaryImageOfPage":{"@id":"https:\/\/www.hospichild.be\/nl\/sociale-zekerheid\/u-komt-aan-in-belgie\/medisch-sociale-tolkendienst\/#primaryimage"},"image":{"@id":"https:\/\/www.hospichild.be\/nl\/sociale-zekerheid\/u-komt-aan-in-belgie\/medisch-sociale-tolkendienst\/#primaryimage"},"thumbnailUrl":"https:\/\/www.hospichild.be\/wp-content\/uploads\/2018\/06\/09_illu_hopitaux_mutu_partenaires.jpg","datePublished":"2018-07-02T10:24:06+00:00","dateModified":"2024-08-06T14:07:03+00:00","description":"Gezinnen van buitenlandse origine die in Belgi\u00eb wonen, beheersen niet altijd het Nederlands. Wat te doen met de ziekte of de ziekenhuisopname van een kind.","breadcrumb":{"@id":"https:\/\/www.hospichild.be\/nl\/sociale-zekerheid\/u-komt-aan-in-belgie\/medisch-sociale-tolkendienst\/#breadcrumb"},"inLanguage":"nl-NL","potentialAction":[{"@type":"ReadAction","target":["https:\/\/www.hospichild.be\/nl\/sociale-zekerheid\/u-komt-aan-in-belgie\/medisch-sociale-tolkendienst\/"]}]},{"@type":"ImageObject","inLanguage":"nl-NL","@id":"https:\/\/www.hospichild.be\/nl\/sociale-zekerheid\/u-komt-aan-in-belgie\/medisch-sociale-tolkendienst\/#primaryimage","url":"https:\/\/www.hospichild.be\/wp-content\/uploads\/2018\/06\/09_illu_hopitaux_mutu_partenaires.jpg","contentUrl":"https:\/\/www.hospichild.be\/wp-content\/uploads\/2018\/06\/09_illu_hopitaux_mutu_partenaires.jpg","width":314,"height":442},{"@type":"BreadcrumbList","@id":"https:\/\/www.hospichild.be\/nl\/sociale-zekerheid\/u-komt-aan-in-belgie\/medisch-sociale-tolkendienst\/#breadcrumb","itemListElement":[{"@type":"ListItem","position":1,"name":"Accueil","item":"https:\/\/www.hospichild.be\/nl\/"},{"@type":"ListItem","position":2,"name":"Sociale zekerheid","item":"https:\/\/www.hospichild.be\/nl\/sociale-zekerheid\/"},{"@type":"ListItem","position":3,"name":"U komt aan in Belgi\u00eb?","item":"https:\/\/www.hospichild.be\/nl\/sociale-zekerheid\/u-komt-aan-in-belgie\/"},{"@type":"ListItem","position":4,"name":"Medisch-sociale tolkendienst"}]},{"@type":"WebSite","@id":"https:\/\/www.hospichild.be\/#website","url":"https:\/\/www.hospichild.be\/","name":"Hospichild","description":"Toute l&#039;information sur l&#039;hospitalisation d&#039;un enfant de moins de 16 ans \u00e0 Bruxelles","publisher":{"@id":"https:\/\/www.hospichild.be\/#organization"},"potentialAction":[{"@type":"SearchAction","target":{"@type":"EntryPoint","urlTemplate":"https:\/\/www.hospichild.be\/?s={search_term_string}"},"query-input":{"@type":"PropertyValueSpecification","valueRequired":true,"valueName":"search_term_string"}}],"inLanguage":"nl-NL"},{"@type":"Organization","@id":"https:\/\/www.hospichild.be\/#organization","name":"Hospichild","url":"https:\/\/www.hospichild.be\/","logo":{"@type":"ImageObject","inLanguage":"nl-NL","@id":"https:\/\/www.hospichild.be\/#\/schema\/logo\/image\/","url":"https:\/\/www.hospichild.be\/wp-content\/uploads\/2018\/12\/logo_simple.png","contentUrl":"https:\/\/www.hospichild.be\/wp-content\/uploads\/2018\/12\/logo_simple.png","width":570,"height":114,"caption":"Hospichild"},"image":{"@id":"https:\/\/www.hospichild.be\/#\/schema\/logo\/image\/"},"sameAs":["https:\/\/www.facebook.com\/Hospichild","https:\/\/x.com\/hospichild"]}]}},"publishpress_future_action":{"enabled":false,"date":"2026-05-06 03:13:54","action":"change-status","newStatus":"draft","terms":[],"taxonomy":"translation_priority","extraData":[]},"publishpress_future_workflow_manual_trigger":{"enabledWorkflows":[]},"_links":{"self":[{"href":"https:\/\/www.hospichild.be\/nl\/wp-json\/wp\/v2\/pages\/2836","targetHints":{"allow":["GET"]}}],"collection":[{"href":"https:\/\/www.hospichild.be\/nl\/wp-json\/wp\/v2\/pages"}],"about":[{"href":"https:\/\/www.hospichild.be\/nl\/wp-json\/wp\/v2\/types\/page"}],"author":[{"embeddable":true,"href":"https:\/\/www.hospichild.be\/nl\/wp-json\/wp\/v2\/users\/5"}],"replies":[{"embeddable":true,"href":"https:\/\/www.hospichild.be\/nl\/wp-json\/wp\/v2\/comments?post=2836"}],"version-history":[{"count":6,"href":"https:\/\/www.hospichild.be\/nl\/wp-json\/wp\/v2\/pages\/2836\/revisions"}],"predecessor-version":[{"id":16550,"href":"https:\/\/www.hospichild.be\/nl\/wp-json\/wp\/v2\/pages\/2836\/revisions\/16550"}],"up":[{"embeddable":true,"href":"https:\/\/www.hospichild.be\/nl\/wp-json\/wp\/v2\/pages\/1456"}],"wp:featuredmedia":[{"embeddable":true,"href":"https:\/\/www.hospichild.be\/nl\/wp-json\/wp\/v2\/media\/7731"}],"wp:attachment":[{"href":"https:\/\/www.hospichild.be\/nl\/wp-json\/wp\/v2\/media?parent=2836"}],"curies":[{"name":"wp","href":"https:\/\/api.w.org\/{rel}","templated":true}]}}